{"id":291169,"date":"2024-09-17T11:51:56","date_gmt":"2024-09-17T09:51:56","guid":{"rendered":"https:\/\/textilfy.es\/impresion\/senza-categoria\/sciarpe-personalizzate-45x45-cm\/"},"modified":"2026-04-28T10:17:02","modified_gmt":"2026-04-28T08:17:02","slug":"sciarpe-personalizzate-45x45-cm","status":"publish","type":"product","link":"https:\/\/textilfy.es\/it\/stampar\/abbigliamento-personalizzato\/sciarpe-personalizzate-45x45-cm\/","title":{"rendered":"Sciarpe personalizzate 45&#215;45 cm"},"content":{"rendered":"\n<p><strong>Hai bisogno di un&#8217;attenzione personalizzata? Nessun problema, contatta il nostro team: <a href=\"mailto:hello@textilfy.com\">hello@textilfy.com<\/a> <\/strong><\/p>\n\n<p><strong>Elaboreremo il tuo ordine direttamente via email: preventivo personalizzato, consulenza completa, invio di file&#8230; Tutto ci\u00f2 di cui hai bisogno, scrivici!<\/strong><\/p>\n\n<details class=\"wp-block-details is-layout-flow wp-block-details-is-layout-flow\"><summary>Scopri la possibilit\u00e0 di creare <strong>sciarpe personalizzate<\/strong> che riflettano il tuo stile e la tua personalit\u00e0 unici. Le nostre sciarpe si distinguono per la qualit\u00e0 dei materiali e la possibilit\u00e0 di scegliere tra diverse taglie e tessuti, il che le rende l&#8217;accessorio perfetto per qualsiasi occasione. Che sia come aggiunta elegante al tuo guardaroba o come regalo speciale, le nostre sciarpe su misura sono la scelta ideale per chi cerca qualcosa di esclusivo e personalizzato.  <\/summary>\n<p><\/p>\n\n\n\n<h2 class=\"wp-block-heading\">Dimensioni disponibili<\/h2>\n\n\n\n<p>Offriamo le nostre <strong>sciarpe personalizzate<\/strong> in tre taglie versatili, cos\u00ec puoi scegliere quella che meglio si adatta alle tue esigenze:<\/p>\n\n\n\n<ul class=\"wp-block-list\">\n<li><strong>45&#215;45 cm<\/strong>: Perfetto come accessorio di moda discreto ed elegante. Ideale da indossare al collo, come ornamento per la borsa o anche come braccialetto. <\/li>\n\n\n\n<li><strong>70&#215;70 cm<\/strong>: Una misura pi\u00f9 grande che pu\u00f2 essere usata come velo o come pezzo pi\u00f9 vistoso nell&#8217;outfit.<\/li>\n\n\n\n<li><strong>140&#215;140 cm<\/strong>: Se preferisci una sciarpa grande che funzioni come scialle o sarong, questa taglia \u00e8 la scelta perfetta per te.<\/li>\n<\/ul>\n\n\n\n<p>Per essere socialmente responsabili e sostenibili cercando di sprecare il minor tessuto possibile, l&#8217;ideale per le sciarpe 45x45cm \u00e8 ordinarle in 3 unit\u00e0 alla volta, perch\u00e9 sono quelle che si adattano alla larghezza del tessuto.<\/p>\n\n\n\n<h2 class=\"wp-block-heading\">Tessuti di alta qualit\u00e0<\/h2>\n\n\n\n<p>Sappiamo che la qualit\u00e0 \u00e8 fondamentale quando si tratta di accessori personalizzati, ed \u00e8 per questo che ti offriamo la possibilit\u00e0 di scegliere tra due tessuti accuratamente selezionati per rendere le tue <strong>sciarpe<\/strong> personalizzate spettacolari:<\/p>\n\n\n\n<ul class=\"wp-block-list\">\n<li><strong>Semi-Seta in Poliestere<\/strong>: Un tessuto di raso morbido e leggero che imita la seta, ma con maggiore durata. Ideale per chi cerca un&#8217;opzione economica senza sacrificare lo stile. <\/li>\n\n\n\n<li><strong>Cotton Voile<\/strong>: Un tessuto pi\u00f9 leggero e traspirante, perfetto per chi preferisce una sciarpa con uno stile pi\u00f9 casual e naturale, ideale per climi pi\u00f9 caldi.<\/li>\n<\/ul>\n\n\n\n<p>Tutti sono rifiniti con un orlo sottile fatto a macchina in modo che sia ben rifinito e non si sfilacci.  <\/p>\n\n\n\n<h3 class=\"wp-block-heading\">Perch\u00e9 scegliere le nostre sciarpe personalizzate?<\/h3>\n\n\n\n<p>Le <strong>sciarpe<\/strong> personalizzate non sono solo un accessorio: con la possibilit\u00e0 di aggiungere i propri design, foto o loghi, avrai una sciarpa unica che non troverai altrove. Inoltre, i nostri processi di stampa garantiscono colori vivaci e duraturi, che non sbiadiscono con l&#8217;uso o il lavaggio. <\/p>\n\n\n\n<p>Che tu stia cercando una sciarpa per te o da regalare, le nostre sciarpe su misura sono progettate per soddisfare anche le aspettative pi\u00f9 alte. Con tre taglie e tre materiali tra cui scegliere, puoi personalizzare ogni dettaglio per adattarlo perfettamente al tuo stile. <\/p>\n\n\n\n<p>Non esitare oltre, inizia oggi stesso a progettare la tua sciarpa personalizzata e indossa un accessorio che parli per te!<br\/><br\/>Se vuoi realizzare sciarpe di una taglia diversa, un altro tessuto, o hai domande a riguardo, contattaci al hello@textilfy.com.<\/p>\n<\/details>\n","protected":false},"excerpt":{"rendered":"<p>Hai bisogno di un&#8217;attenzione personalizzata? Nessun problema, contatta il nostro team: hello@textilfy.com Elaboreremo il tuo ordine direttamente via email: preventivo personalizzato, consulenza completa, invio di file&#8230; Tutto ci\u00f2 di cui hai bisogno, scrivici!<\/p>\n","protected":false},"featured_media":291097,"comment_status":"open","ping_status":"closed","template":"","meta":{"inline_featured_image":false},"product_brand":[],"product_cat":[208],"product_tag":[],"class_list":{"0":"post-291169","1":"product","2":"type-product","3":"status-publish","4":"has-post-thumbnail","6":"product_cat-abbigliamento-personalizzato","7":"sales-flash-overlay","8":"woocommerce-text-align-center","9":"woocommerce-image-align-center","10":"do-quantity-buttons","12":"first","13":"instock","14":"taxable","15":"shipping-taxable","16":"purchasable","17":"product-type-variable","18":"has-default-attributes"},"_links":{"self":[{"href":"https:\/\/textilfy.es\/it\/wp-json\/wp\/v2\/product\/291169","targetHints":{"allow":["GET"]}}],"collection":[{"href":"https:\/\/textilfy.es\/it\/wp-json\/wp\/v2\/product"}],"about":[{"href":"https:\/\/textilfy.es\/it\/wp-json\/wp\/v2\/types\/product"}],"replies":[{"embeddable":true,"href":"https:\/\/textilfy.es\/it\/wp-json\/wp\/v2\/comments?post=291169"}],"wp:featuredmedia":[{"embeddable":true,"href":"https:\/\/textilfy.es\/it\/wp-json\/wp\/v2\/media\/291097"}],"wp:attachment":[{"href":"https:\/\/textilfy.es\/it\/wp-json\/wp\/v2\/media?parent=291169"}],"wp:term":[{"taxonomy":"product_brand","embeddable":true,"href":"https:\/\/textilfy.es\/it\/wp-json\/wp\/v2\/product_brand?post=291169"},{"taxonomy":"product_cat","embeddable":true,"href":"https:\/\/textilfy.es\/it\/wp-json\/wp\/v2\/product_cat?post=291169"},{"taxonomy":"product_tag","embeddable":true,"href":"https:\/\/textilfy.es\/it\/wp-json\/wp\/v2\/product_tag?post=291169"}],"curies":[{"name":"wp","href":"https:\/\/api.w.org\/{rel}","templated":true}]}}