{"id":291184,"date":"2024-03-19T10:06:36","date_gmt":"2024-03-19T09:06:36","guid":{"rendered":"https:\/\/textilfy.es\/impresion\/senza-categoria\/costumi-da-bagno-femminile\/"},"modified":"2026-04-20T11:15:19","modified_gmt":"2026-04-20T09:15:19","slug":"costumi-da-bagno-femminile","status":"publish","type":"product","link":"https:\/\/textilfy.es\/it\/stampar\/abbigliamento-personalizzato\/costumi-da-bagno-femminile\/","title":{"rendered":"Costumi da bagno femminile"},"content":{"rendered":"\n<p><\/p>\n\n<details class=\"wp-block-details is-layout-flow wp-block-details-is-layout-flow\"><summary>In continua evoluzione della moda e in particolare nel segmento dei costumi da bagno femminili, Textilfy emerge come un marchio che non solo segue le tendenze, ma le ridefine, permettendoti di <strong>personalizzare completamente i costumi da bagno da donna<\/strong>. Diversit\u00e0 e personalizzazione diventano gli assi centrali della nostra proposta, dove ogni donna pu\u00f2 trovare o, meglio, creare costumi da bagno che riflettano la sua essenza e il suo stile unico. <br><br>Utilizziamo tessuto <a href=\"https:\/\/textilfy.es\/impresion-textil\/tejidos-sinteticos\/punto-de-lycra\/\">a maglia lycra da 270 grammi<\/a> per la produzione dei nostri costumi da bagno femminili, garantendo qualit\u00e0 e durata eccezionali. Inoltre, pensando all&#8217;ambiente e offrendoti un prodotto consapevole, la fodera interna \u00e8 fatta <a href=\"https:\/\/textilfy.es\/impresion-textil\/tejidos-sinteticos\/punto-lycra-reciclada\/\">di lycra lavorata a maglia con 190 grammi di lycra riciclata<\/a>. Questa combinazione non garantisce solo una finitura di alta qualit\u00e0, ma anche comfort.  <br><br><\/summary>\n<h2 class=\"wp-block-heading\">Innovazione e personalizzazione a portata di mano<\/h2>\n\n\n\n<p>Il costume da bagno femminile ha subito una trasformazione significativa negli ultimi anni, passando dall&#8217;essere semplici costumi da bagno a vere icone della moda e dell&#8217;espressione personale. Da Textilfy, portiamo questa evoluzione un passo oltre offrendoti l&#8217;opportunit\u00e0 unica di personalizzare i costumi da bagno da donna. Non devi pi\u00f9 accontentarti di ci\u00f2 che c&#8217;\u00e8 sul mercato; Ora puoi essere la designer del tuo costume da bagno, scegliendo le stampe che ti rappresentano meglio sia sul davanti che sul retro dei nostri costumi da bagno femminili.  <\/p>\n\n\n\n<h3 class=\"wp-block-heading\">Un&#8217;opzione per ogni donna<\/h3>\n\n\n\n<p>Anche se attualmente offriamo un singolo modello di costume da bagno, il suo potenziale di personalizzazione apre una gamma quasi infinita di possibilit\u00e0, rendendo ogni creazione unica quanto chi la indossa. Questo approccio garantisce che, indipendentemente dal tuo stile personale o dalle tendenze del momento, tu possa creare un costume da bagno che parli direttamente a chi sei. Che tu scelga l&#8217;opzione di montare un rapporto continuo o se voglia inserire una fotografia o un disegno posizionale in ciascuna delle sue parti.  <\/p>\n\n\n\n<p>Inoltre, questo modello \u00e8 progettato pensando a comfort e stile, sia per l&#8217;uso in spiaggia che in piscina, in palestra, ecc.<\/p>\n\n\n\n<h3 class=\"wp-block-heading\">Perch\u00e9 scegliere Textilfy?<\/h3>\n\n\n\n<p>Da Textilfy, non vendiamo solo costumi da bagno femminili, ma produciamo moda personalizzata che ti permette di esprimere la tua individualit\u00e0 in modi creativi e unici. Che tu sia un brand di moda o desideri un prodotto esclusivo per te, possiamo produrre da un&#8217;unit\u00e0 in su. Controlliamo anche l&#8217;intero processo di personalizzazione dei capi; stampare, tagliare e realizzare ciascuna delle parti del suo modello. Quindi consegniamo pezzi unici realizzati su richiesta e progettati da e per te.   <\/p>\n\n\n\n<p>Immergiti nel mondo della <a href=\"https:\/\/textilfy.es\/ropa\/\">moda personalizzata<\/a> con il nostro costume da bagno esclusivo e scopri tutte le possibilit\u00e0 che ti aspettano. Il tuo prossimo costume da bagno \u00e8 a un clic di distanza e porta il tuo segno personale. Sei pronto a crearne uno tuo?  <\/p>\n<\/details>\n","protected":false},"excerpt":{"rendered":"","protected":false},"featured_media":280882,"comment_status":"open","ping_status":"closed","template":"","meta":{"inline_featured_image":false},"product_brand":[],"product_cat":[208],"product_tag":[],"class_list":{"0":"post-291184","1":"product","2":"type-product","3":"status-publish","4":"has-post-thumbnail","6":"product_cat-abbigliamento-personalizzato","7":"sales-flash-overlay","8":"woocommerce-text-align-center","9":"woocommerce-image-align-center","10":"do-quantity-buttons","12":"first","13":"instock","14":"taxable","15":"shipping-taxable","16":"purchasable","17":"product-type-variable","18":"has-default-attributes"},"_links":{"self":[{"href":"https:\/\/textilfy.es\/it\/wp-json\/wp\/v2\/product\/291184","targetHints":{"allow":["GET"]}}],"collection":[{"href":"https:\/\/textilfy.es\/it\/wp-json\/wp\/v2\/product"}],"about":[{"href":"https:\/\/textilfy.es\/it\/wp-json\/wp\/v2\/types\/product"}],"replies":[{"embeddable":true,"href":"https:\/\/textilfy.es\/it\/wp-json\/wp\/v2\/comments?post=291184"}],"wp:featuredmedia":[{"embeddable":true,"href":"https:\/\/textilfy.es\/it\/wp-json\/wp\/v2\/media\/280882"}],"wp:attachment":[{"href":"https:\/\/textilfy.es\/it\/wp-json\/wp\/v2\/media?parent=291184"}],"wp:term":[{"taxonomy":"product_brand","embeddable":true,"href":"https:\/\/textilfy.es\/it\/wp-json\/wp\/v2\/product_brand?post=291184"},{"taxonomy":"product_cat","embeddable":true,"href":"https:\/\/textilfy.es\/it\/wp-json\/wp\/v2\/product_cat?post=291184"},{"taxonomy":"product_tag","embeddable":true,"href":"https:\/\/textilfy.es\/it\/wp-json\/wp\/v2\/product_tag?post=291184"}],"curies":[{"name":"wp","href":"https:\/\/api.w.org\/{rel}","templated":true}]}}