{"id":291259,"date":"2024-02-02T11:42:55","date_gmt":"2024-02-02T10:42:55","guid":{"rendered":"https:\/\/textilfy.es\/impresion\/senza-categoria\/cushion-personalizzato\/"},"modified":"2026-04-20T11:15:53","modified_gmt":"2026-04-20T09:15:53","slug":"cushion-personalizzato","status":"publish","type":"product","link":"https:\/\/textilfy.es\/it\/stampar\/abbigliamento-personalizzato\/cushion-personalizzato\/","title":{"rendered":"Cushion personalizzato"},"content":{"rendered":"\n<details class=\"wp-block-details is-layout-flow wp-block-details-is-layout-flow\"><summary>Trasforma la tua casa con il nostro esclusivo cuscino personalizzato. Realizzato in Spagna, ogni cuscino, che misura 45 x 45 cm, \u00e8 il risultato di un processo artigianale di stampa, taglio e cucitura dei nostri tessuti. Potendo personalizzarlo completamente con i tuoi design, saranno unici, esclusivi e trasmetteranno il tuo gusto per il design.  <br><br><\/summary>\n<p>Il nostro cuscino personalizzato offre una stampa a colori su entrambi i lati, catturando ogni dettaglio dei tuoi design preferiti o momenti speciali. Puoi caricare sia una fotografia che qualsiasi disegno posizionale o rapporto. E puoi scegliere tra i nostri tre tipi di tessuti: velluto morbido, twill di cotone naturale 100% e twill spesso 100% poliestere. Tutti i tessuti sono morbidi al tatto e resistenti, ideali per l&#8217;arredamento domestico.   <\/p>\n\n\n\n<p>Ogni cuscino personalizzato ha un&#8217;etichetta personalizzata cucita all&#8217;interno con un inchiostro. La cerniera invisibile in ecru sul fondo garantisce un&#8217;estetica pulita e raffinata, e permette di inserire e rimuovere facilmente il riempimento (non incluso) secondo necessit\u00e0. <\/p>\n\n\n\n<p>Comprendiamo che ogni dettaglio conta, motivo per cui ti offriamo la possibilit\u00e0 di ordinare da un&#8217;unica unit\u00e0, cos\u00ec da valutarne la qualit\u00e0 e verificare come appare il tuo design prima di una produzione pi\u00f9 ampia.<\/p>\n\n\n\n<p>Abbiamo tempi di consegna produttivi di 10-15 giorni lavorativi e siamo impegnati a fornire un prodotto di qualit\u00e0. I nostri cuscini su misura sono una scelta eccezionale per chi valorizza la qualit\u00e0, la sostenibilit\u00e0 e il design su misura. <\/p>\n<\/details>\n","protected":false},"excerpt":{"rendered":"","protected":false},"featured_media":281013,"comment_status":"open","ping_status":"closed","template":"","meta":{"inline_featured_image":false},"product_brand":[],"product_cat":[208],"product_tag":[],"class_list":{"0":"post-291259","1":"product","2":"type-product","3":"status-publish","4":"has-post-thumbnail","6":"product_cat-abbigliamento-personalizzato","7":"sales-flash-overlay","8":"woocommerce-text-align-center","9":"woocommerce-image-align-center","10":"do-quantity-buttons","12":"first","13":"instock","14":"taxable","15":"shipping-taxable","16":"purchasable","17":"product-type-variable","18":"has-default-attributes"},"_links":{"self":[{"href":"https:\/\/textilfy.es\/it\/wp-json\/wp\/v2\/product\/291259","targetHints":{"allow":["GET"]}}],"collection":[{"href":"https:\/\/textilfy.es\/it\/wp-json\/wp\/v2\/product"}],"about":[{"href":"https:\/\/textilfy.es\/it\/wp-json\/wp\/v2\/types\/product"}],"replies":[{"embeddable":true,"href":"https:\/\/textilfy.es\/it\/wp-json\/wp\/v2\/comments?post=291259"}],"wp:featuredmedia":[{"embeddable":true,"href":"https:\/\/textilfy.es\/it\/wp-json\/wp\/v2\/media\/281013"}],"wp:attachment":[{"href":"https:\/\/textilfy.es\/it\/wp-json\/wp\/v2\/media?parent=291259"}],"wp:term":[{"taxonomy":"product_brand","embeddable":true,"href":"https:\/\/textilfy.es\/it\/wp-json\/wp\/v2\/product_brand?post=291259"},{"taxonomy":"product_cat","embeddable":true,"href":"https:\/\/textilfy.es\/it\/wp-json\/wp\/v2\/product_cat?post=291259"},{"taxonomy":"product_tag","embeddable":true,"href":"https:\/\/textilfy.es\/it\/wp-json\/wp\/v2\/product_tag?post=291259"}],"curies":[{"name":"wp","href":"https:\/\/api.w.org\/{rel}","templated":true}]}}