{"id":291377,"date":"2023-11-06T13:57:04","date_gmt":"2023-11-06T12:57:04","guid":{"rendered":"https:\/\/textilfy.es\/impresion\/senza-categoria\/tessuto-sintetico-del-cliente\/"},"modified":"2026-04-20T11:15:54","modified_gmt":"2026-04-20T09:15:54","slug":"tessuto-sintetico-del-cliente","status":"publish","type":"product","link":"https:\/\/textilfy.es\/it\/stampar\/tessuti-sintetici\/tessuto-sintetico-del-cliente\/","title":{"rendered":"Tessuto sintetico del cliente"},"content":{"rendered":"\n<details class=\"wp-block-details is-layout-flow wp-block-details-is-layout-flow\"><summary>Noi di Textilfy apprezziamo la tua creativit\u00e0 e offriamo un servizio di personalizzazione unico: porta il tuo tessuto sintetico e noi gli daremo vita con i tuoi disegni. Quando trattiamo la fibra di poliestere, il nostro processo viene stampato senza estremit\u00e0 sottile, pur mantenendo la consistenza organica e la qualit\u00e0 del materiale fornito. Con l&#8217;opzione del tessuto sintetico vogliamo renderti pi\u00f9 facile stampare su quei tessuti su cui hai gi\u00e0 lavorato.<\/summary>\n<p>\n<\/p>\n\n\n<p>Per garantire la massima qualit\u00e0 e soddisfazione, il tuo tessuto deve soddisfare determinate condizioni:<\/p>\n\n\n\n<ol class=\"wp-block-list\">\n<li>Deve essere sintetico al 100% o contenere almeno il 75% di fibre sintetiche.<\/li>\n\n\n\n<li>Il colore del tessuto dovrebbe essere bianco o toni naturali chiari. Mai colorato. <\/li>\n\n\n\n<li>Non si accettano tessuti con lanugine o fibre sciolte.<\/li>\n\n\n\n<li>La lunghezza \u00e8 di 160 cm.<\/li>\n\n\n\n<li>Inviare altri 80 cm a 1 metro dal tessuto che si desidera stampare.<\/li>\n\n\n\n<li>Indica chiaramente la facciata del tessuto da stampare.<\/li>\n\n\n\n<li>Per ordini superiori ai 5 metri, il tessuto deve arrivare in bobina o verr\u00e0 applicato un costo aggiuntivo.<\/li>\n\n\n\n<li>Poich\u00e9 utilizziamo tessuti forniti dal cliente, il risultato finale pu\u00f2 variare.<\/li>\n\n\n\n<li>Assicurati di contrassegnare chiaramente il tuo pacco con il tuo nome o il riferimento dell&#8217;ordine.<\/li>\n\n\n\n<li>Utilizza l&#8217;indirizzo di spedizione in fondo a questo sito web per inviarci il tuo &#8220;tessuto sintetico del cliente&#8221;.<\/li>\n<\/ol>\n\n\n\n<p>\n<\/p>\n\n\n<p>In caso di domande al riguardo, contattaci al hello@textilfy.com<\/p>\n<\/details>\n","protected":false},"excerpt":{"rendered":"","protected":false},"featured_media":289672,"comment_status":"open","ping_status":"closed","template":"","meta":{"inline_featured_image":false},"product_brand":[],"product_cat":[213],"product_tag":[],"class_list":{"0":"post-291377","1":"product","2":"type-product","3":"status-publish","4":"has-post-thumbnail","6":"product_cat-tessuti-sintetici","7":"sales-flash-overlay","8":"woocommerce-text-align-center","9":"woocommerce-image-align-center","10":"do-quantity-buttons","12":"first","13":"instock","14":"taxable","15":"shipping-taxable","16":"purchasable","17":"product-type-variable","18":"has-default-attributes"},"_links":{"self":[{"href":"https:\/\/textilfy.es\/it\/wp-json\/wp\/v2\/product\/291377","targetHints":{"allow":["GET"]}}],"collection":[{"href":"https:\/\/textilfy.es\/it\/wp-json\/wp\/v2\/product"}],"about":[{"href":"https:\/\/textilfy.es\/it\/wp-json\/wp\/v2\/types\/product"}],"replies":[{"embeddable":true,"href":"https:\/\/textilfy.es\/it\/wp-json\/wp\/v2\/comments?post=291377"}],"wp:featuredmedia":[{"embeddable":true,"href":"https:\/\/textilfy.es\/it\/wp-json\/wp\/v2\/media\/289672"}],"wp:attachment":[{"href":"https:\/\/textilfy.es\/it\/wp-json\/wp\/v2\/media?parent=291377"}],"wp:term":[{"taxonomy":"product_brand","embeddable":true,"href":"https:\/\/textilfy.es\/it\/wp-json\/wp\/v2\/product_brand?post=291377"},{"taxonomy":"product_cat","embeddable":true,"href":"https:\/\/textilfy.es\/it\/wp-json\/wp\/v2\/product_cat?post=291377"},{"taxonomy":"product_tag","embeddable":true,"href":"https:\/\/textilfy.es\/it\/wp-json\/wp\/v2\/product_tag?post=291377"}],"curies":[{"name":"wp","href":"https:\/\/api.w.org\/{rel}","templated":true}]}}