{"id":291403,"date":"2023-11-06T13:57:02","date_gmt":"2023-11-06T12:57:02","guid":{"rendered":"https:\/\/textilfy.es\/impresion\/senza-categoria\/viscosa-flame-22\/"},"modified":"2026-04-20T11:16:41","modified_gmt":"2026-04-20T09:16:41","slug":"viscosa-flame-22","status":"publish","type":"product","link":"https:\/\/textilfy.es\/it\/stampar\/tessuti-naturali\/viscosa-flame-22\/","title":{"rendered":"Viscosa Flam\u00e9 22"},"content":{"rendered":"\n<details class=\"wp-block-details is-layout-flow wp-block-details-is-layout-flow\"><summary>Il nostro tessuto viscose flam\u00e9 combina aree pi\u00f9 fini e spesse del filato, creando una finitura particolare. Ideale per realizzare magliette con un tocco diverso. Vivi la differenza con il nostro tessuto viscose flam\u00e9, la scelta perfetta per chi vuole aggiungere un tocco distintivo alla propria collezione di moda. Conosciuto per la sua consistenza distintiva, questo tessuto \u00e8 realizzato con filati che alternano sezioni sottili e spesse, risultando in una finitura visivamente dinamica e piacevole.   <\/summary>\n<p><br\/><\/p>\n\n\n\n<p>Questo tessuto \u00e8 composto da viscosa con elastano, mentre il nostro <a href=\"https:\/\/textilfy.es\/impresion-textil\/tejidos-naturales\/flame-algodon\/\">flam\u00e9 knit<\/a> \u00e8 fatto di cotone senza elastano. Quella in viscosa \u00e8 leggermente rasata in alcune fibre e quella <a href=\"https:\/\/textilfy.es\/impresion-textil\/tejidos-naturales\/flame-algodon\/\">in cotone<\/a> \u00e8 completamente opaca.  Quindi hai 2 opzioni tra cui scegliere.  <\/p>\n\n\n\n<p><strong>Un tessuto con personalit\u00e0.<\/strong>  Ogni metro del nostro tessuto viscose flam\u00e9 racconta una storia diversa grazie al suo aspetto distintivo. L&#8217;effetto flam\u00e9 dona una dimensione unica ai capi, offrendo un gioco visivo affascinante che attira lo sguardo e si distingue su qualsiasi scaffale della moda.<\/p>\n\n\n\n<p><strong>Qualit\u00e0 in ogni punto.<\/strong>  Ideale per t-shirt e altri capi che richiedono comfort e stile, il nostro maglia viscose flam\u00e9 \u00e8 la definizione di qualit\u00e0 e design. L&#8217;alternanza tra aree pi\u00f9 sottili e pi\u00f9 spesse non \u00e8 solo esteticamente piacevole, ma fornisce anche una struttura interessante al drappeggio del tessuto, dando movimento e un tocco distintivo a ogni pezzo.<\/p>\n\n\n\n<p><strong>Versatilit\u00e0 nel design.<\/strong>  Adattandosi a una vasta gamma di stili, dal casual al sofisticato, il tessuto flam\u00e9 \u00e8 una base eccezionale per gli stilisti che vogliono esprimere creativit\u00e0 e originalit\u00e0 nelle loro creazioni. La sua ricca texture e flessibilit\u00e0 lo rendono adatto sia alle linee classiche che ai tagli moderni.<\/p>\n\n\n\n<p><strong>Impegno per l&#8217;eccellenza.<\/strong> Ci impegniamo a <a href=\"https:\/\/textilfy.es\/it\/tessuti-naturali\/\">offrire tessuti naturali<\/a> che non solo ispirano con il loro design, ma anche che duri nella loro qualit\u00e0 e comfort. Il nostro tessuto a maglia flam\u00e9 promette di resistere all&#8217;uso quotidiano e di mantenere il suo carattere distintivo nel tempo. <\/p>\n<\/details>\n","protected":false},"excerpt":{"rendered":"","protected":false},"featured_media":283969,"comment_status":"open","ping_status":"closed","template":"","meta":{"inline_featured_image":false},"product_brand":[],"product_cat":[235],"product_tag":[],"class_list":{"0":"post-291403","1":"product","2":"type-product","3":"status-publish","4":"has-post-thumbnail","6":"product_cat-tessuti-naturali","7":"sales-flash-overlay","8":"woocommerce-text-align-center","9":"woocommerce-image-align-center","10":"do-quantity-buttons","12":"first","13":"instock","14":"taxable","15":"shipping-taxable","16":"purchasable","17":"product-type-variable","18":"has-default-attributes"},"_links":{"self":[{"href":"https:\/\/textilfy.es\/it\/wp-json\/wp\/v2\/product\/291403","targetHints":{"allow":["GET"]}}],"collection":[{"href":"https:\/\/textilfy.es\/it\/wp-json\/wp\/v2\/product"}],"about":[{"href":"https:\/\/textilfy.es\/it\/wp-json\/wp\/v2\/types\/product"}],"replies":[{"embeddable":true,"href":"https:\/\/textilfy.es\/it\/wp-json\/wp\/v2\/comments?post=291403"}],"wp:featuredmedia":[{"embeddable":true,"href":"https:\/\/textilfy.es\/it\/wp-json\/wp\/v2\/media\/283969"}],"wp:attachment":[{"href":"https:\/\/textilfy.es\/it\/wp-json\/wp\/v2\/media?parent=291403"}],"wp:term":[{"taxonomy":"product_brand","embeddable":true,"href":"https:\/\/textilfy.es\/it\/wp-json\/wp\/v2\/product_brand?post=291403"},{"taxonomy":"product_cat","embeddable":true,"href":"https:\/\/textilfy.es\/it\/wp-json\/wp\/v2\/product_cat?post=291403"},{"taxonomy":"product_tag","embeddable":true,"href":"https:\/\/textilfy.es\/it\/wp-json\/wp\/v2\/product_tag?post=291403"}],"curies":[{"name":"wp","href":"https:\/\/api.w.org\/{rel}","templated":true}]}}