{"id":291491,"date":"2023-04-26T16:52:39","date_gmt":"2023-04-26T14:52:39","guid":{"rendered":"https:\/\/textilfy.es\/impresion\/senza-categoria\/pelle-sintetica-tipo-2\/"},"modified":"2026-04-19T13:27:09","modified_gmt":"2026-04-19T11:27:09","slug":"pelle-sintetica-tipo-2","status":"publish","type":"product","link":"https:\/\/textilfy.es\/it\/stampar\/tessuti-sintetici\/pelle-sintetica-tipo-2\/","title":{"rendered":"Pelle sintetica Tipo 2"},"content":{"rendered":"\n<details class=\"wp-block-details is-layout-flow wp-block-details-is-layout-flow\"><summary>La nostra pelle sintetica versatile e resistente Tipo 2 \u00e8 la soluzione ideale per tappezzeria, mobili, accessori per auto e moda, come progetti di borse. Questa pelle sintetica di alta qualit\u00e0, progettata per imitare la pelle autentica, \u00e8 la scelta preferita da professionisti e appassionati per una vasta gamma di applicazioni. L&#8217;unica differenza con la pelle sintetica tipo 1 \u00e8 la texture.  <br><\/summary>\n<p><strong>Applicazioni versatili:<\/strong> I nostri clienti scelgono la pelle sintetica di tipo 2 per la sua flessibilit\u00e0 e durata. \u00c8 perfetto per creare borse, borse, testiere e altro su misura. La sua adattabilit\u00e0 lo rende ideale sia per progetti di arredamento d&#8217;interni che per accessori di moda.  <br\/><strong>Qualit\u00e0 e durata:<\/strong> Grazie a un speciale rivestimento protettivo, la nostra imitazione di pelle offre una buona resistenza allo sfregamento e all&#8217;usura. Questo rivestimento protettivo garantisce che i tuoi progetti mantengano bellezza e funzionalit\u00e0. <\/p>\n\n\n\n<p><strong>Ecologico e sicuro:<\/strong> Per rispettare l&#8217;ambiente e la sicurezza dei nostri clienti, la pelle sintetica Type 2 viene stampata con inchiostri a base d&#8217;acqua. Questi inchiostri sono certificati ECO GREENGUARD\u00ae e garantiscono che il tuo prodotto sia stampato con inchiostri ecologici e sicuri per ogni tipo di ambiente. <\/p>\n\n\n\n<p><strong>Stile e variet\u00e0: <\/strong>Disponibile per la stampa a colori, la nostra pelle sintetica ti permette di esplorare la tua creativit\u00e0 e adattare i tuoi design a qualsiasi stile o esigenza.<\/p>\n<\/details>\n","protected":false},"excerpt":{"rendered":"<p>La pelle sintetica \u00e8 utilizzata principalmente per tappezzerie, arredamento per la casa, automotive e accessori. La nostra pelle sintetica di tipo 2 differisce dalla tipo 1 per la sua consistenza. Viene applicato uno strato protettivo per conferirgli maggiore resistenza allo sfregamento. \u00c8 timbrato con inchiostri certificati\u00ae ECO GREENGUARD.   <\/p>\n","protected":false},"featured_media":291496,"comment_status":"open","ping_status":"closed","template":"","meta":{"inline_featured_image":false},"product_brand":[],"product_cat":[213],"product_tag":[],"class_list":{"0":"post-291491","1":"product","2":"type-product","3":"status-publish","4":"has-post-thumbnail","6":"product_cat-tessuti-sintetici","7":"sales-flash-overlay","8":"woocommerce-text-align-center","9":"woocommerce-image-align-center","10":"do-quantity-buttons","12":"first","13":"instock","14":"taxable","15":"shipping-taxable","16":"purchasable","17":"product-type-variable","18":"has-default-attributes"},"_links":{"self":[{"href":"https:\/\/textilfy.es\/it\/wp-json\/wp\/v2\/product\/291491","targetHints":{"allow":["GET"]}}],"collection":[{"href":"https:\/\/textilfy.es\/it\/wp-json\/wp\/v2\/product"}],"about":[{"href":"https:\/\/textilfy.es\/it\/wp-json\/wp\/v2\/types\/product"}],"replies":[{"embeddable":true,"href":"https:\/\/textilfy.es\/it\/wp-json\/wp\/v2\/comments?post=291491"}],"wp:featuredmedia":[{"embeddable":true,"href":"https:\/\/textilfy.es\/it\/wp-json\/wp\/v2\/media\/291496"}],"wp:attachment":[{"href":"https:\/\/textilfy.es\/it\/wp-json\/wp\/v2\/media?parent=291491"}],"wp:term":[{"taxonomy":"product_brand","embeddable":true,"href":"https:\/\/textilfy.es\/it\/wp-json\/wp\/v2\/product_brand?post=291491"},{"taxonomy":"product_cat","embeddable":true,"href":"https:\/\/textilfy.es\/it\/wp-json\/wp\/v2\/product_cat?post=291491"},{"taxonomy":"product_tag","embeddable":true,"href":"https:\/\/textilfy.es\/it\/wp-json\/wp\/v2\/product_tag?post=291491"}],"curies":[{"name":"wp","href":"https:\/\/api.w.org\/{rel}","templated":true}]}}