{"id":291497,"date":"2023-04-26T16:52:49","date_gmt":"2023-04-26T14:52:49","guid":{"rendered":"https:\/\/textilfy.es\/impresion\/senza-categoria\/gomma\/"},"modified":"2026-04-16T11:20:00","modified_gmt":"2026-04-16T09:20:00","slug":"gomma","status":"publish","type":"product","link":"https:\/\/textilfy.es\/it\/stampar\/tessuti-sintetici\/gomma\/","title":{"rendered":"Gomma"},"content":{"rendered":"\n<p>La tovala a motivo \u00e8 un tipo di materiale comunemente usato come tovaglia o copertura per le superfici dei tavoli. \u00c8 realizzato in PVC, una plastica flessibile e resistente che lo rende adatto all&#8217;uso per la protezione di tavoli e altre superfici. <\/p>\n\n<details class=\"wp-block-details is-layout-flow wp-block-details-is-layout-flow\"><summary>Una delle principali caratteristiche della gomma stampata \u00e8 la sua capacit\u00e0 di respingere i liquidi. Il PVC impermeabile impedisce che le macchie di liquidi, come acqua, succo o vino, penetrino nel tavolo, proteggendolo da macchie e danni. <br><\/summary>\n<p>Grazie alla sua superficie non porosa, il tessuto cerato stampato \u00e8 molto facile da pulire. Basta pulire con un panno umido o una spugna per rimuovere eventuali macchie o residui di cibo. Questo materiale \u00e8 anche resistente e pu\u00f2 resistere all&#8217;usura quotidiana. \u00c8 una scelta ideale per tavoli in case con bambini o ristoranti, poich\u00e9 pu\u00f2 resistere all&#8217;uso costante. \u00c8 un&#8217;ottima opzione per proteggere i tuoi tavoli e dargli un tocco decorativo.    <\/p>\n\n\n\n<p>In altre occasioni, i nostri clienti lo usano in prodotti come grembiuli o bavaglini perch\u00e9 non \u00e8 un tessuto eccessivamente spesso. \u00c8 chiaramente timbrato perch\u00e9 \u00e8 stampato con inchiostri al lattice certificati ECO GREENGUARD\u00ae. <\/p>\n\n\n\n<p>Essendo flessibile e leggero, il tessuto oliato \u00e8 facile da trasportare e conservare, rendendolo una scelta comoda per eventi all&#8217;aperto, come picnic o feste.<\/p>\n\n\n\n<p>Essendo completamente personalizzabile a colori, questo <strong><a href=\"https:\/\/textilfy.es\/tejidos-sinteticos\/\">tessuto sintetico<\/a><\/strong> \u00e8 valido per borse impermeabili, tessuti per realizzare borse o altri accessori come portafogli, copertine, ecc. Le tovaglie con grasso sono popolari e funzionano benissimo se hai bambini piccoli e devi liberare liquidi, frullate, frutta, ecc. <\/p>\n\n\n\n<p>In breve, la tela oliata stampata \u00e8 un materiale versatile e pratico che combina funzionalit\u00e0 ed estetica. \u00c8 una scelta popolare per chi vuole proteggere efficacemente i propri tavoli e aggiungere un tocco decorativo allo spazio. <\/p>\n<\/details>\n\n<p>\n<\/p>","protected":false},"excerpt":{"rendered":"<p>La gomma stampata \u00e8 un tipo di materiale comunemente utilizzato come tovaglia o copertura per i piani dei tavoli. \u00c8 realizzato in PVC, una plastica flessibile e resistente che lo rende adatto all&#8217;uso per la protezione di tavoli e altre superfici. <\/p>\n","protected":false},"featured_media":289798,"comment_status":"open","ping_status":"closed","template":"","meta":{"inline_featured_image":false},"product_brand":[],"product_cat":[213],"product_tag":[],"class_list":{"0":"post-291497","1":"product","2":"type-product","3":"status-publish","4":"has-post-thumbnail","6":"product_cat-tessuti-sintetici","7":"sales-flash-overlay","8":"woocommerce-text-align-center","9":"woocommerce-image-align-center","10":"do-quantity-buttons","12":"first","13":"instock","14":"taxable","15":"shipping-taxable","16":"purchasable","17":"product-type-variable"},"_links":{"self":[{"href":"https:\/\/textilfy.es\/it\/wp-json\/wp\/v2\/product\/291497","targetHints":{"allow":["GET"]}}],"collection":[{"href":"https:\/\/textilfy.es\/it\/wp-json\/wp\/v2\/product"}],"about":[{"href":"https:\/\/textilfy.es\/it\/wp-json\/wp\/v2\/types\/product"}],"replies":[{"embeddable":true,"href":"https:\/\/textilfy.es\/it\/wp-json\/wp\/v2\/comments?post=291497"}],"wp:featuredmedia":[{"embeddable":true,"href":"https:\/\/textilfy.es\/it\/wp-json\/wp\/v2\/media\/289798"}],"wp:attachment":[{"href":"https:\/\/textilfy.es\/it\/wp-json\/wp\/v2\/media?parent=291497"}],"wp:term":[{"taxonomy":"product_brand","embeddable":true,"href":"https:\/\/textilfy.es\/it\/wp-json\/wp\/v2\/product_brand?post=291497"},{"taxonomy":"product_cat","embeddable":true,"href":"https:\/\/textilfy.es\/it\/wp-json\/wp\/v2\/product_cat?post=291497"},{"taxonomy":"product_tag","embeddable":true,"href":"https:\/\/textilfy.es\/it\/wp-json\/wp\/v2\/product_tag?post=291497"}],"curies":[{"name":"wp","href":"https:\/\/api.w.org\/{rel}","templated":true}]}}