{"id":291518,"date":"2023-04-26T16:52:29","date_gmt":"2023-04-26T14:52:29","guid":{"rendered":"https:\/\/textilfy.es\/impresion\/senza-categoria\/similpelle-tipo-1\/"},"modified":"2026-04-16T11:20:17","modified_gmt":"2026-04-16T09:20:17","slug":"similpelle-tipo-1","status":"publish","type":"product","link":"https:\/\/textilfy.es\/it\/stampar\/tessuti-sintetici\/similpelle-tipo-1\/","title":{"rendered":"Similpelle tipo 1"},"content":{"rendered":"\n<details class=\"wp-block-details is-layout-flow wp-block-details-is-layout-flow\"><summary>La nostra Pelle sintetica Type 1 \u00e8 versatile e resistente, \u00e8 la soluzione ideale per progetti di tappezzeria, arredamento domestico, accessori automobilistici e di moda come borse. Questa pelle sintetica di alta qualit\u00e0, progettata per imitare la vera pelle, \u00e8 la scelta preferita da professionisti e appassionati per una vasta gamma di applicazioni. <br><\/summary>\n<p><strong>Usi versatili<\/strong>: I nostri clienti scelgono la pelle sintetica Tipo 1 per la sua flessibilit\u00e0 e durata. \u00c8 perfetto per creare borse alla moda, portafogli, testiere personalizzate e altro ancora. La sua adattabilit\u00e0 lo rende ideale sia per progetti di arredamento d&#8217;interni che per accessori di moda.  <\/p>\n\n\n\n<p><strong>Qualit\u00e0 e durata:<\/strong> Con un speciale rivestimento protettivo, la nostra sintetica pelle offre una buona resistenza allo sfregamento e all&#8217;usura. Questo strato protettivo garantisce che i tuoi progetti mantengano bellezza e funzionalit\u00e0. <\/p>\n\n\n\n<p><strong>Ecologica e sicura<\/strong>: Impegnata nell&#8217;ambiente e nella sicurezza dei nostri clienti, la pelle sintetica Tipo 1 viene stampata con inchiostri a base d&#8217;acqua. Questi inchiostri sono\u00ae certificati ECO GREENGUARD, garantendo che il tuo prodotto sia stampato con coloranti ecologici e sicuro per l&#8217;uso in ogni tipo di ambiente. <\/p>\n\n\n\n<p><strong>Stile e variet\u00e0: Disponibile<\/strong> per la stampa a colori pieni, la nostra pelle sintesica, parte della famiglia dei <a href=\"https:\/\/textilfy.es\/tejidos-sinteticos\/\">tessuti<\/a> sintetici, ti permette di esplorare la tua creativit\u00e0 e adattare i tuoi progetti a qualsiasi stile o esigenza.<\/p>\n<\/details>\n","protected":false},"excerpt":{"rendered":"","protected":false},"featured_media":286782,"comment_status":"open","ping_status":"closed","template":"","meta":{"inline_featured_image":false},"product_brand":[],"product_cat":[213],"product_tag":[],"class_list":{"0":"post-291518","1":"product","2":"type-product","3":"status-publish","4":"has-post-thumbnail","6":"product_cat-tessuti-sintetici","7":"sales-flash-overlay","8":"woocommerce-text-align-center","9":"woocommerce-image-align-center","10":"do-quantity-buttons","12":"first","13":"instock","14":"taxable","15":"shipping-taxable","16":"purchasable","17":"product-type-variable","18":"has-default-attributes"},"_links":{"self":[{"href":"https:\/\/textilfy.es\/it\/wp-json\/wp\/v2\/product\/291518","targetHints":{"allow":["GET"]}}],"collection":[{"href":"https:\/\/textilfy.es\/it\/wp-json\/wp\/v2\/product"}],"about":[{"href":"https:\/\/textilfy.es\/it\/wp-json\/wp\/v2\/types\/product"}],"replies":[{"embeddable":true,"href":"https:\/\/textilfy.es\/it\/wp-json\/wp\/v2\/comments?post=291518"}],"wp:featuredmedia":[{"embeddable":true,"href":"https:\/\/textilfy.es\/it\/wp-json\/wp\/v2\/media\/286782"}],"wp:attachment":[{"href":"https:\/\/textilfy.es\/it\/wp-json\/wp\/v2\/media?parent=291518"}],"wp:term":[{"taxonomy":"product_brand","embeddable":true,"href":"https:\/\/textilfy.es\/it\/wp-json\/wp\/v2\/product_brand?post=291518"},{"taxonomy":"product_cat","embeddable":true,"href":"https:\/\/textilfy.es\/it\/wp-json\/wp\/v2\/product_cat?post=291518"},{"taxonomy":"product_tag","embeddable":true,"href":"https:\/\/textilfy.es\/it\/wp-json\/wp\/v2\/product_tag?post=291518"}],"curies":[{"name":"wp","href":"https:\/\/api.w.org\/{rel}","templated":true}]}}