{"id":291551,"date":"2023-04-26T16:52:19","date_gmt":"2023-04-26T14:52:19","guid":{"rendered":"https:\/\/textilfy.es\/impresion\/senza-categoria\/viyella-viscosa\/"},"modified":"2026-04-16T11:20:17","modified_gmt":"2026-04-16T09:20:17","slug":"viyella-viscosa","status":"publish","type":"product","link":"https:\/\/textilfy.es\/it\/stampar\/tessuti-naturali\/viyella-viscosa\/","title":{"rendered":"Viyella viscosa"},"content":{"rendered":"<div class=\"gb-container gb-container-ee9c135d\">\n<div class=\"gb-container gb-container-51ab5409\">\n<div class=\"gb-container gb-container-e618ddb4\">\n\n<p>Il tessuto viscose Viyella \u00e8 un materiale naturale ampiamente utilizzato nella produzione di abiti, come abiti, camicie e altri capi di moda. Questo tessuto combina le propriet\u00e0 della viscosa ma \u00e8 un po&#8217; pi\u00f9 spesso rispetto alle nostre altre viscose. E la differenza principale \u00e8 che il legamento in questo caso \u00e8 twill, quindi gli conferisce eleganza e distinzione.  <\/p>\n\n\n\n<details class=\"wp-block-details is-layout-flow wp-block-details-is-layout-flow\"><summary>Caratteristiche del tessuto viscose Viyella:<\/summary>\n<ol class=\"wp-block-list\">\n<li><strong>Composizione delle fibre naturali: il<\/strong> tessuto viscosico Viyella \u00e8 principalmente composto da viscosa, una fibra derivata dalla cellulosa del legno. Questa caratteristica conferisce morbidezza e comfort, rendendolo una scelta ideale per capi che sono a contatto diretto con la pelle. <\/li>\n\n\n\n<li><strong>Traspirabilit\u00e0<\/strong>: La viscosa \u00e8 nota per la sua capacit\u00e0 di assorbire l&#8217;umidit\u00e0 e permettere alla pelle di respirare. Questo rende il tessuto comodo da indossare in condizioni di caldo e umido, poich\u00e9 aiuta a mantenere la freschezza e a prevenire la sensazione di sudore eccessivo. <\/li>\n\n\n\n<li><strong>Morbidezza e drappeggiamento<\/strong>: La viscosa conferisce al tessuto una morbidezza simile alla seta e un drappo fluido, conferendogli un aspetto elegante e piacevole. Questo rende il tessuto ideale per capi che richiedono mobilit\u00e0 e fluidit\u00e0, come abiti e camicette. <\/li>\n\n\n\n<li><strong>Capacit\u00e0 di stampa a colori pieni<\/strong>: Come per il resto del nostro catalogo, offriamo la possibilit\u00e0 di stampare questo tessuto a colori interi. Questo significa che il tessuto viyella viscoso si presta perfettamente alla stampa di motivi, disegni e colori vari. Questo offre a designer e produttori la flessibilit\u00e0 di creare capi alla moda con stampe attraenti e personalizzate.  <\/li>\n\n\n\n<li><strong>Versatilit\u00e0<\/strong>: il tessuto viscose Viyella \u00e8 versatile sia per stile che per l&#8217;occasione. Pu\u00f2 essere utilizzato per creare sia abiti casual che formali, a seconda del design e della sartoria. Inoltre, la possibilit\u00e0 di stampare a colori lo rende adatto a una vasta gamma di capi e stili.  <\/li>\n\n\n\n<li><strong>Durabilit\u00e0<\/strong>: Nonostante l&#8217;aspetto delicato, questo tessuto \u00e8 resistente e pu\u00f2 mantenere la qualit\u00e0 con la giusta cura, come lavaggio e asciugatura delicati.<\/li>\n<\/ol>\n\n\n\n<p>In definitiva, il tessuto viscose Viyella \u00e8 una scelta attraente tra <a href=\"https:\/\/textilfy.es\/it\/tessuti-naturali\/\">i tessuti naturali<\/a> per abbigliamento, grazie alla sua morbidezza, traspirabilit\u00e0 e capacit\u00e0 di stampa a colori pieni. Questo tessuto favorisce la creativit\u00e0 nella moda e permette la creazione di capi unici ed eleganti per una variet\u00e0 di occasioni. <\/p>\n<\/details>\n\n<\/div>\n<\/div>\n<\/div>","protected":false},"excerpt":{"rendered":"<p>Il tessuto viscose Viyella \u00e8 un materiale naturale ampiamente utilizzato nella produzione di abiti, come abiti, camicie e altri capi di moda. Questo tessuto combina le propriet\u00e0 della viscosa ma \u00e8 un po&#8217; pi\u00f9 spesso rispetto alle nostre altre viscose. E la differenza principale \u00e8 che il legamento in questo caso \u00e8 twill, quindi gli &#8230; <a title=\"Viyella viscosa\" class=\"read-more\" href=\"https:\/\/textilfy.es\/it\/stampar\/tessuti-naturali\/viyella-viscosa\/\" aria-label=\"More on Viyella viscosa\">Leggi tutto<\/a><\/p>\n","protected":false},"featured_media":262303,"comment_status":"open","ping_status":"closed","template":"","meta":{"inline_featured_image":false},"product_brand":[],"product_cat":[235],"product_tag":[],"class_list":{"0":"post-291551","1":"product","2":"type-product","3":"status-publish","4":"has-post-thumbnail","6":"product_cat-tessuti-naturali","7":"sales-flash-overlay","8":"woocommerce-text-align-center","9":"woocommerce-image-align-center","10":"do-quantity-buttons","12":"first","13":"instock","14":"taxable","15":"shipping-taxable","16":"purchasable","17":"product-type-variable","18":"has-default-attributes"},"_links":{"self":[{"href":"https:\/\/textilfy.es\/it\/wp-json\/wp\/v2\/product\/291551","targetHints":{"allow":["GET"]}}],"collection":[{"href":"https:\/\/textilfy.es\/it\/wp-json\/wp\/v2\/product"}],"about":[{"href":"https:\/\/textilfy.es\/it\/wp-json\/wp\/v2\/types\/product"}],"replies":[{"embeddable":true,"href":"https:\/\/textilfy.es\/it\/wp-json\/wp\/v2\/comments?post=291551"}],"wp:featuredmedia":[{"embeddable":true,"href":"https:\/\/textilfy.es\/it\/wp-json\/wp\/v2\/media\/262303"}],"wp:attachment":[{"href":"https:\/\/textilfy.es\/it\/wp-json\/wp\/v2\/media?parent=291551"}],"wp:term":[{"taxonomy":"product_brand","embeddable":true,"href":"https:\/\/textilfy.es\/it\/wp-json\/wp\/v2\/product_brand?post=291551"},{"taxonomy":"product_cat","embeddable":true,"href":"https:\/\/textilfy.es\/it\/wp-json\/wp\/v2\/product_cat?post=291551"},{"taxonomy":"product_tag","embeddable":true,"href":"https:\/\/textilfy.es\/it\/wp-json\/wp\/v2\/product_tag?post=291551"}],"curies":[{"name":"wp","href":"https:\/\/api.w.org\/{rel}","templated":true}]}}