{"id":291568,"date":"2023-04-26T16:52:08","date_gmt":"2023-04-26T14:52:08","guid":{"rendered":"https:\/\/textilfy.es\/impresion\/senza-categoria\/popelina-di-poliestere\/"},"modified":"2026-04-16T11:20:18","modified_gmt":"2026-04-16T09:20:18","slug":"popelina-di-poliestere","status":"publish","type":"product","link":"https:\/\/textilfy.es\/it\/stampar\/tessuti-sintetici\/popelina-di-poliestere\/","title":{"rendered":"Popelina di poliestere"},"content":{"rendered":"\n<p><\/p>\n\n<details class=\"wp-block-details is-layout-flow wp-block-details-is-layout-flow\"><summary>Tessuto particolarmente adatto alla produzione di mascherine, conforme alle normative attuali per le maschere riutilizzabili. Offre una filtrazione di particelle con un diametro di 0,3 micron o superiore, il che equivale a un&#8217;efficienza di filtrazione di almeno il 96%.<br>Questo popeline di poliestere non provoca alcuna irritazione alla pelle e offre grande traspirabilit\u00e0, con una pressione differenziale &lt;di 43 PA\/cm2. <br><\/summary>\n<p>Un&#8217;opzione per i designer che cercano durabilit\u00e0 senza sacrificare la leggerezza. Con un peso di soli 83 grammi per metro quadrato, questo tessuto combina una costruzione robusta con una sensazione eccezionalmente leggera, ideale per una vasta gamma di applicazioni. <\/p>\n\n\n\n<p><strong>Leggerezza e resistenza<\/strong>. Il nostro popeline di poliestere non \u00e8 solo morbido al tatto, ma anche estremamente funzionale. Con un peso ottimale di 83g\/m\u00b2, offre un drappeggio liscio e una finitura impeccabile per ogni tipo di capio, da camicie e camicie a abiti e arredamento per la casa.  <\/p>\n\n\n\n<p><strong>Durata e facile manutenzione.<\/strong>  Il poliestere di alta qualit\u00e0 garantisce una superiore resistenza alle pieghe e una facile manutenzione, ideale per l&#8217;uso quotidiano. Questo tessuto \u00e8 resistente al restringimento e conserva il colore lavaggio dopo lavaggio, assicurando che le tue creazioni mantengano il loro aspetto vibrante e fresco nel tempo. <\/p>\n\n\n\n<p><strong>Una tela versatile per la creativit\u00e0<\/strong>. Con una superficie liscia e una struttura costante, il nostro tessuto di popelina in poliestere \u00e8 la tela ideale per stampare i tuoi disegni personalizzati. La qualit\u00e0 del materiale garantisce che ogni dettaglio sia chiaramente catturato, offrendo stampe nitide e vivide che catturano l&#8217;essenza della tua visione creativa.  <\/p>\n\n\n\n<p><strong>Ideale per ogni tipo di progetto.<\/strong>  Che si tratti di progetti di moda, eventi o interior design, il nostro tessuto in poliestere popeline \u00e8 personalizzato per le tue esigenze specifiche. Offrendo una combinazione perfetta di morbidezza, flessibilit\u00e0 e struttura, \u00e8 la scelta intelligente per chi pretende la migliore qualit\u00e0 senza <a href=\"https:\/\/textilfy.es\/tejidos-sinteticos\/\">compromettere i tessuti sintetici<\/a>. <\/p>\n<\/details>\n","protected":false},"excerpt":{"rendered":"","protected":false},"featured_media":287988,"comment_status":"open","ping_status":"closed","template":"","meta":{"inline_featured_image":false},"product_brand":[],"product_cat":[213],"product_tag":[],"class_list":{"0":"post-291568","1":"product","2":"type-product","3":"status-publish","4":"has-post-thumbnail","6":"product_cat-tessuti-sintetici","7":"sales-flash-overlay","8":"woocommerce-text-align-center","9":"woocommerce-image-align-center","10":"do-quantity-buttons","12":"first","13":"instock","14":"taxable","15":"shipping-taxable","16":"purchasable","17":"product-type-variable","18":"has-default-attributes"},"_links":{"self":[{"href":"https:\/\/textilfy.es\/it\/wp-json\/wp\/v2\/product\/291568","targetHints":{"allow":["GET"]}}],"collection":[{"href":"https:\/\/textilfy.es\/it\/wp-json\/wp\/v2\/product"}],"about":[{"href":"https:\/\/textilfy.es\/it\/wp-json\/wp\/v2\/types\/product"}],"replies":[{"embeddable":true,"href":"https:\/\/textilfy.es\/it\/wp-json\/wp\/v2\/comments?post=291568"}],"wp:featuredmedia":[{"embeddable":true,"href":"https:\/\/textilfy.es\/it\/wp-json\/wp\/v2\/media\/287988"}],"wp:attachment":[{"href":"https:\/\/textilfy.es\/it\/wp-json\/wp\/v2\/media?parent=291568"}],"wp:term":[{"taxonomy":"product_brand","embeddable":true,"href":"https:\/\/textilfy.es\/it\/wp-json\/wp\/v2\/product_brand?post=291568"},{"taxonomy":"product_cat","embeddable":true,"href":"https:\/\/textilfy.es\/it\/wp-json\/wp\/v2\/product_cat?post=291568"},{"taxonomy":"product_tag","embeddable":true,"href":"https:\/\/textilfy.es\/it\/wp-json\/wp\/v2\/product_tag?post=291568"}],"curies":[{"name":"wp","href":"https:\/\/api.w.org\/{rel}","templated":true}]}}