{"id":291572,"date":"2023-04-26T16:52:03","date_gmt":"2023-04-26T14:52:03","guid":{"rendered":"https:\/\/textilfy.es\/impresion\/senza-categoria\/carta-da-parati-tradizionale\/"},"modified":"2026-04-16T16:50:34","modified_gmt":"2026-04-16T14:50:34","slug":"carta-da-parati-tradizionale","status":"publish","type":"product","link":"https:\/\/textilfy.es\/it\/stampar\/sfondi\/carta-da-parati-tradizionale\/","title":{"rendered":"Carta da parati tradizionale"},"content":{"rendered":"\n<details class=\"wp-block-details is-layout-flow wp-block-details-is-layout-flow\"><summary>La carta da parati tradizionale \u00e8 la soluzione perfetta per chi desidera decorare i propri spazi con un tocco classico e personalizzato. Questa carta da parati, con la sua texture liscia e la finitura di alta qualit\u00e0, \u00e8 la classica &#8220;carta da parati&#8221;, ideale da applicare su qualsiasi parete della tua casa o ufficio. Sebbene consigliamo l&#8217;uso della carta vinilique per aree umide come cucine e bagni, la nostra carta da parati tradizionale \u00e8 perfettamente adatta alla maggior parte degli spazi interni.  <\/summary>\n<p><\/p>\n\n\n\n<p>Stampata a colori, questa carta da parati permette un&#8217;applicazione facile e precisa con colla da pittore. La sua versatilit\u00e0 ti permette di incorporare foto personali o design personalizzati, trasformando ogni stanza in uno spazio unico e accogliente. Che tu voglia un look moderno, un tema classico o qualcosa di completamente originale, la nostra carta da parati \u00e8 la scelta ideale per riflettere il tuo stile personale nel tuo arredamento.  <\/p>\n\n\n\n<p>Per chi desidera vedere e sentire la qualit\u00e0 del nostro prodotto prima dell&#8217;acquisto, offriamo campioni nel nostro catalogo di tessuti. Questi campioni permettono di apprezzare da vicino la texture e il colore, aiutando a prendere una decisione. Abbiamo tre diversi tipi di carta da parati, ciascuna progettata per soddisfare diverse esigenze e preferenze di arredamento.  <\/p>\n\n\n\n<p>La nostra carta da parati tradizionale \u00e8 un&#8217;ottima scelta per chi desidera personalizzare i propri spazi con qualit\u00e0 e stile. Offrendo durabilit\u00e0, facilit\u00e0 d&#8217;applicazione e possibilit\u00e0 di personalizzazione completa, \u00e8 il complemento perfetto per qualsiasi progetto di arredamento d&#8217;interni. <\/p>\n<\/details>\n\n<p><\/p>\n","protected":false},"excerpt":{"rendered":"","protected":false},"featured_media":291577,"comment_status":"open","ping_status":"closed","template":"","meta":{"inline_featured_image":false},"product_brand":[],"product_cat":[389],"product_tag":[],"class_list":{"0":"post-291572","1":"product","2":"type-product","3":"status-publish","4":"has-post-thumbnail","6":"product_cat-sfondi","7":"sales-flash-overlay","8":"woocommerce-text-align-center","9":"woocommerce-image-align-center","10":"do-quantity-buttons","12":"first","13":"instock","14":"taxable","15":"shipping-taxable","16":"purchasable","17":"product-type-variable","18":"has-default-attributes"},"_links":{"self":[{"href":"https:\/\/textilfy.es\/it\/wp-json\/wp\/v2\/product\/291572","targetHints":{"allow":["GET"]}}],"collection":[{"href":"https:\/\/textilfy.es\/it\/wp-json\/wp\/v2\/product"}],"about":[{"href":"https:\/\/textilfy.es\/it\/wp-json\/wp\/v2\/types\/product"}],"replies":[{"embeddable":true,"href":"https:\/\/textilfy.es\/it\/wp-json\/wp\/v2\/comments?post=291572"}],"wp:featuredmedia":[{"embeddable":true,"href":"https:\/\/textilfy.es\/it\/wp-json\/wp\/v2\/media\/291577"}],"wp:attachment":[{"href":"https:\/\/textilfy.es\/it\/wp-json\/wp\/v2\/media?parent=291572"}],"wp:term":[{"taxonomy":"product_brand","embeddable":true,"href":"https:\/\/textilfy.es\/it\/wp-json\/wp\/v2\/product_brand?post=291572"},{"taxonomy":"product_cat","embeddable":true,"href":"https:\/\/textilfy.es\/it\/wp-json\/wp\/v2\/product_cat?post=291572"},{"taxonomy":"product_tag","embeddable":true,"href":"https:\/\/textilfy.es\/it\/wp-json\/wp\/v2\/product_tag?post=291572"}],"curies":[{"name":"wp","href":"https:\/\/api.w.org\/{rel}","templated":true}]}}