{"id":291587,"date":"2023-04-26T16:52:04","date_gmt":"2023-04-26T14:52:04","guid":{"rendered":"https:\/\/textilfy.es\/impresion\/senza-categoria\/velluto\/"},"modified":"2026-04-16T11:20:39","modified_gmt":"2026-04-16T09:20:39","slug":"velluto","status":"publish","type":"product","link":"https:\/\/textilfy.es\/it\/stampar\/tessuti-sintetici\/velluto\/","title":{"rendered":"Velluto"},"content":{"rendered":"\n<details class=\"wp-block-details is-layout-flow wp-block-details-is-layout-flow\"><summary>Velluto di alta qualit\u00e0, noto anche come velluto. Questo tessuto peloso, con un pelo corto e denso, offre una morbidezza eccezionale al tatto, rendendolo la scelta perfetta per progetti di tappezzeria e arredamento della casa. <br><\/summary>\n<p><strong>Morbidezza e comfort incomparabili<\/strong>: Velvet si distingue per la sua consistenza vellutata e ricca, che dona una sensazione di lusso e comfort a qualsiasi spazio. La sua morbidezza \u00e8 impareggiabile, rendendola ideale per divani, cuscini, tappezzeria e altri elementi decorativi della tua casa. <\/p>\n\n\n\n<p><strong>Resistenza e durata: Con<\/strong> un martindale da 75.000 cicli, il nostro velluto \u00e8 progettato per resistere all&#8217;uso quotidiano, mantenendo bellezza e consistenza nel tempo. Questa durabilit\u00e0 lo rende perfetto per accessori e mobili che richiedono un tessuto resistente e resistente. <\/p>\n\n\n\n<p><strong>Protezione avanzata<\/strong>: Dotata di un trattamento anti-macchie, la nostra velluto offre una pulizia e una manutenzione semplici, assicurando che macchie e fuoriuscite non siano un problema. Questa caratteristica la rende ideale per case con bambini o animali domestici, cos\u00ec come per spazi ad alto traffico. <\/p>\n\n\n\n<p><strong>Supporto e costanza migliorati<\/strong>: grazie al tessuto di supporto, il nostro velluto acquisisce costanza e peso, offrendo qualit\u00e0 superiore e maggiore facilit\u00e0 di utilizzo in ogni tipo di progetto decorativo.<\/p>\n\n\n\n<p><strong>Versatilit\u00e0 e stile: Disponibile<\/strong> per la stampa a colori, il nostro velluto, nella <a href=\"https:\/\/textilfy.es\/tejidos-sinteticos\/\">categoria dei tessuti sintetici<\/a>, si adatta a qualsiasi interior design, dal classico al moderno, portando un tocco di eleganza e raffinatezza a qualsiasi ambiente. I colori sono vividi e il risultato gi\u00e0 stampato cattura l&#8217;attenzione. <\/p>\n<\/details>\n","protected":false},"excerpt":{"rendered":"<p>Questo tessuto \u00e8 anche noto come velluto. Il velluto \u00e8 un tipo di tessuto spettinato con peli corti, denso e molto morbido al tatto. Pu\u00f2 essere applicato per la produzione di tappezzeria e prodotti per la casa. Ha un trattamento anti-macchie e un martindale da 75.000 cicli. Tessuto speciale per la stagione invernale.    <\/p>\n","protected":false},"featured_media":286787,"comment_status":"open","ping_status":"closed","template":"","meta":{"inline_featured_image":false},"product_brand":[],"product_cat":[213],"product_tag":[],"class_list":{"0":"post-291587","1":"product","2":"type-product","3":"status-publish","4":"has-post-thumbnail","6":"product_cat-tessuti-sintetici","7":"sales-flash-overlay","8":"woocommerce-text-align-center","9":"woocommerce-image-align-center","10":"do-quantity-buttons","12":"first","13":"instock","14":"taxable","15":"shipping-taxable","16":"purchasable","17":"product-type-variable","18":"has-default-attributes"},"_links":{"self":[{"href":"https:\/\/textilfy.es\/it\/wp-json\/wp\/v2\/product\/291587","targetHints":{"allow":["GET"]}}],"collection":[{"href":"https:\/\/textilfy.es\/it\/wp-json\/wp\/v2\/product"}],"about":[{"href":"https:\/\/textilfy.es\/it\/wp-json\/wp\/v2\/types\/product"}],"replies":[{"embeddable":true,"href":"https:\/\/textilfy.es\/it\/wp-json\/wp\/v2\/comments?post=291587"}],"wp:featuredmedia":[{"embeddable":true,"href":"https:\/\/textilfy.es\/it\/wp-json\/wp\/v2\/media\/286787"}],"wp:attachment":[{"href":"https:\/\/textilfy.es\/it\/wp-json\/wp\/v2\/media?parent=291587"}],"wp:term":[{"taxonomy":"product_brand","embeddable":true,"href":"https:\/\/textilfy.es\/it\/wp-json\/wp\/v2\/product_brand?post=291587"},{"taxonomy":"product_cat","embeddable":true,"href":"https:\/\/textilfy.es\/it\/wp-json\/wp\/v2\/product_cat?post=291587"},{"taxonomy":"product_tag","embeddable":true,"href":"https:\/\/textilfy.es\/it\/wp-json\/wp\/v2\/product_tag?post=291587"}],"curies":[{"name":"wp","href":"https:\/\/api.w.org\/{rel}","templated":true}]}}