{"id":291626,"date":"2023-04-26T16:52:02","date_gmt":"2023-04-26T14:52:02","guid":{"rendered":"https:\/\/textilfy.es\/impresion\/senza-categoria\/tela-da-carta-da-parati-in-vinile\/"},"modified":"2026-04-16T11:20:58","modified_gmt":"2026-04-16T09:20:58","slug":"tela-da-carta-da-parati-in-vinile","status":"publish","type":"product","link":"https:\/\/textilfy.es\/it\/stampar\/sfondi\/tela-da-carta-da-parati-in-vinile\/","title":{"rendered":"Tela da carta da parati in vinile"},"content":{"rendered":"\n<details class=\"wp-block-details is-layout-flow wp-block-details-is-layout-flow\"><summary>La carta da parati in vinile in tela del marchio Canon \u00e8 un&#8217;ottima scelta per chi cerca una copertura murale duratura e esteticamente gradevole. Con la sua texture di tela, questa carta vinilique non solo dona una finitura originale ed elegante a qualsiasi stanza, ma \u00e8 anche ideale per l&#8217;uso in aree soggette all&#8217;umidit\u00e0, come bagni e cucine. La sua capacit\u00e0 di resistere all&#8217;umidit\u00e0 e la facilit\u00e0 con cui pu\u00f2 essere pulito con un panno umido lo rendono eccezionalmente pratico e facile da mantenere.  <\/summary>\n<p><\/p>\n\n\n\n<p>L&#8217;applicazione di questa carta da parati in tela in vinile \u00e8 semplice e viene fatta con colla da pittore, che consente un&#8217;installazione rapida ed efficiente. Questa caratteristica la rende una scelta popolare per progetti di ristrutturazione e decorazione sia in case che in spazi commerciali. <\/p>\n\n\n\n<p>Inoltre, la texture simile a una tela di questa carta da parati in vinile Canon non solo valorizza l&#8217;aspetto delle pareti, ma aggiunge anche un tocco di sofisticazione e profondit\u00e0 al design degli interni. Che sia usato per coprire un&#8217;intera parete o come accento in una sezione specifica, questo foglio offre una perfetta combinazione di funzionalit\u00e0 e stile.   <\/p>\n\n\n\n<p>La tela da parati in vinile \u00e8 la soluzione ideale per chi cerca una copertura murale che combini durabilit\u00e0, facilit\u00e0 di manutenzione e bellezza estetica. La sua resistenza all&#8217;umidit\u00e0 e la consistenza unica la rendono una scelta eccellente per una vasta gamma di applicazioni di arredamento d&#8217;interni. <\/p>\n\n\n\n<p><\/p>\n<\/details>\n","protected":false},"excerpt":{"rendered":"","protected":false},"featured_media":262291,"comment_status":"open","ping_status":"closed","template":"","meta":{"inline_featured_image":false},"product_brand":[],"product_cat":[389],"product_tag":[],"class_list":{"0":"post-291626","1":"product","2":"type-product","3":"status-publish","4":"has-post-thumbnail","6":"product_cat-sfondi","7":"sales-flash-overlay","8":"woocommerce-text-align-center","9":"woocommerce-image-align-center","10":"do-quantity-buttons","12":"first","13":"instock","14":"taxable","15":"shipping-taxable","16":"purchasable","17":"product-type-variable","18":"has-default-attributes"},"_links":{"self":[{"href":"https:\/\/textilfy.es\/it\/wp-json\/wp\/v2\/product\/291626","targetHints":{"allow":["GET"]}}],"collection":[{"href":"https:\/\/textilfy.es\/it\/wp-json\/wp\/v2\/product"}],"about":[{"href":"https:\/\/textilfy.es\/it\/wp-json\/wp\/v2\/types\/product"}],"replies":[{"embeddable":true,"href":"https:\/\/textilfy.es\/it\/wp-json\/wp\/v2\/comments?post=291626"}],"wp:featuredmedia":[{"embeddable":true,"href":"https:\/\/textilfy.es\/it\/wp-json\/wp\/v2\/media\/262291"}],"wp:attachment":[{"href":"https:\/\/textilfy.es\/it\/wp-json\/wp\/v2\/media?parent=291626"}],"wp:term":[{"taxonomy":"product_brand","embeddable":true,"href":"https:\/\/textilfy.es\/it\/wp-json\/wp\/v2\/product_brand?post=291626"},{"taxonomy":"product_cat","embeddable":true,"href":"https:\/\/textilfy.es\/it\/wp-json\/wp\/v2\/product_cat?post=291626"},{"taxonomy":"product_tag","embeddable":true,"href":"https:\/\/textilfy.es\/it\/wp-json\/wp\/v2\/product_tag?post=291626"}],"curies":[{"name":"wp","href":"https:\/\/api.w.org\/{rel}","templated":true}]}}