{"id":291643,"date":"2023-04-26T16:51:43","date_gmt":"2023-04-26T14:51:43","guid":{"rendered":"https:\/\/textilfy.es\/impresion\/senza-categoria\/cotton-voile\/"},"modified":"2026-04-16T11:20:59","modified_gmt":"2026-04-16T09:20:59","slug":"cotton-voile","status":"publish","type":"product","link":"https:\/\/textilfy.es\/it\/stampar\/tessuti-naturali\/cotton-voile\/","title":{"rendered":"Cotton Voile"},"content":{"rendered":"\n<details class=\"wp-block-details is-layout-flow wp-block-details-is-layout-flow\"><summary>Scopri la morbidezza della nostra voile di cotone, una scelta naturale per realizzare sciarpe. Questo tessuto raffinato ed elegante \u00e8 ideale per chi cerca qualit\u00e0 e stile negli accessori di moda. <br><br><\/summary>\n<p><strong>Morbidi e leggeri: <\/strong>Il nostro voile di cotone si caratterizza per la morbidezza al tatto e la leggerezza, offrendo una sensazione piacevole e confortante. La sua delicata consistenza la rende perfetta per sciarpe che uniscono comfort ed eleganza. <\/p>\n\n\n\n<p><strong>Trasparenza squisita<\/strong>: La sua trasparenza porta un tocco di delicatezza e sofisticazione a ogni design, permettendo all&#8217;inchiostro di penetrare il rovescio in alta percentuale. La sua natura semi-trasparente lo rende un tessuto molto ricercato per le sciarpe. <\/p>\n\n\n\n<p><strong>Permeabilit\u00e0 unica all&#8217;inchiostro<\/strong>: una delle qualit\u00e0 pi\u00f9 importanti del nostro voile di cotone \u00e8 la sua capacit\u00e0 di penetrare l&#8217;inchiostro nella parte posteriore del tessuto, molto pi\u00f9 che in altri materiali.  <\/p>\n\n\n\n<p><strong>Versatilit\u00e0 di design:<\/strong> Grazie alla sua versatilit\u00e0, questo voile \u00e8 perfetto per una vasta gamma di stili e design, adattandosi a diverse tendenze e preferenze di moda.<\/p>\n\n\n\n<p>Scopri la bellezza e la funzionalit\u00e0 del nostro voile di cotone per i tuoi prossimi progetti di moda. Con il nostro tessuto, ogni sciarpa diventa un&#8217;opera d&#8217;arte. <\/p>\n<\/details>\n","protected":false},"excerpt":{"rendered":"<p>Un voile di cotone finito ed elegante per realizzare sciarpe. \u00c8 molto morbido, trasparente e permette all&#8217;inchiostro di penetrare molto pi\u00f9 nel retro rispetto ad altri tessuti. <\/p>\n","protected":false},"featured_media":289720,"comment_status":"open","ping_status":"closed","template":"","meta":{"inline_featured_image":false},"product_brand":[],"product_cat":[235],"product_tag":[],"class_list":{"0":"post-291643","1":"product","2":"type-product","3":"status-publish","4":"has-post-thumbnail","6":"product_cat-tessuti-naturali","7":"sales-flash-overlay","8":"woocommerce-text-align-center","9":"woocommerce-image-align-center","10":"do-quantity-buttons","12":"first","13":"instock","14":"taxable","15":"shipping-taxable","16":"purchasable","17":"product-type-variable","18":"has-default-attributes"},"_links":{"self":[{"href":"https:\/\/textilfy.es\/it\/wp-json\/wp\/v2\/product\/291643","targetHints":{"allow":["GET"]}}],"collection":[{"href":"https:\/\/textilfy.es\/it\/wp-json\/wp\/v2\/product"}],"about":[{"href":"https:\/\/textilfy.es\/it\/wp-json\/wp\/v2\/types\/product"}],"replies":[{"embeddable":true,"href":"https:\/\/textilfy.es\/it\/wp-json\/wp\/v2\/comments?post=291643"}],"wp:featuredmedia":[{"embeddable":true,"href":"https:\/\/textilfy.es\/it\/wp-json\/wp\/v2\/media\/289720"}],"wp:attachment":[{"href":"https:\/\/textilfy.es\/it\/wp-json\/wp\/v2\/media?parent=291643"}],"wp:term":[{"taxonomy":"product_brand","embeddable":true,"href":"https:\/\/textilfy.es\/it\/wp-json\/wp\/v2\/product_brand?post=291643"},{"taxonomy":"product_cat","embeddable":true,"href":"https:\/\/textilfy.es\/it\/wp-json\/wp\/v2\/product_cat?post=291643"},{"taxonomy":"product_tag","embeddable":true,"href":"https:\/\/textilfy.es\/it\/wp-json\/wp\/v2\/product_tag?post=291643"}],"curies":[{"name":"wp","href":"https:\/\/api.w.org\/{rel}","templated":true}]}}