{"id":291662,"date":"2023-04-26T16:51:52","date_gmt":"2023-04-26T14:51:52","guid":{"rendered":"https:\/\/textilfy.es\/impresion\/senza-categoria\/semi-seta\/"},"modified":"2026-04-16T11:20:59","modified_gmt":"2026-04-16T09:20:59","slug":"semi-seta","status":"publish","type":"product","link":"https:\/\/textilfy.es\/it\/stampar\/tessuti-sintetici\/semi-seta\/","title":{"rendered":"Semi-seta"},"content":{"rendered":"<p>Tessuto con tessuto di raso con un po&#8217; di lucentezza e un ottimo drappo. Perfetto per realizzare capi come camicette, vestiti, gonne e sciarpe. Cerca di imitare la seta naturale con ottime prestazioni cromatiche per il poliestere.  <\/p>\n\n<details class=\"wp-block-details is-layout-flow wp-block-details-is-layout-flow\"><summary>Scopri l&#8217;eleganza e la versatilit\u00e0 del tessuto semi-seta per la tua prossima creazione. Ecco alcune delle sue caratteristiche pi\u00f9 note: <br><\/summary>\n<ul class=\"wp-block-list\">\n<li><strong>Lucentezza sottile e drappeggio eccezionale:<\/strong> Il tessuto Semi-Silk ha una leggera lucentezza che aggiunge un tocco di sofisticazione ai tuoi disegni. Inoltre, la sua morbida caduta le conferisce un movimento elegante, perfetto per capi fluidi ed eleggenti. <\/li>\n\n\n\n<li><strong>Imitazione della seta naturale:<\/strong> Progettato per imitare l&#8217;aspetto e la sensazione della seta naturale, questo tessuto offre un equilibrio ideale tra lusso e accessibilit\u00e0 economica. Ora puoi goderti l&#8217;eleganza della seta senza compromettere la durata e la qualit\u00e0 del colore. <\/li>\n\n\n\n<li><strong>Colori eccezionali: <\/strong>Grazie alla sua composizione poliestere di alta qualit\u00e0, il nostro tessuto semi-seta offre prestazioni cromatiche eccezionali. Le tue creazioni prenderanno vita con una chiarezza e vividezza straordinarie, mettendo in risalto ogni dettaglio. <\/li>\n\n\n\n<li><strong>Stampa a quattro colori:<\/strong> dai semplici motivi ai rapporti astratti, la tua creativit\u00e0 non ha limiti, poich\u00e9 puoi stampare questo tessuto a quattro colori da un metro.<\/li>\n<\/ul>\n\n\n\n<p>Se hai ancora bisogno di pi\u00f9 lucentezza, ti consigliamo <a href=\"https:\/\/pro.textilfy.es\/imprime-textil\/tejidos-sinteticos\/saten-poliester\/\">il raso di poliestere<\/a>. \u00c8 pi\u00f9 luminoso e le prestazioni dei colori sono ancora superiori. <\/p>\n\n\n\n<p>\u00c8 importante sapere che la stampa sul retro non ha la stessa intensit\u00e0 del lato su cui \u00e8 stampata. \u00c8 abbastanza trasparente, ma il retro rimane bianco, non stampato. <\/p>\n\n\n\n<p>Prova il nostro tessuto semi-seta per comfort, lucentezza e versatilit\u00e0 nei tuoi progetti di cucito. Libera la tua creativit\u00e0 con la nostra stampa digitale a colori e crea capi unici! <\/p>\n<\/details>\n","protected":false},"excerpt":{"rendered":"<p>Tessuto con tessuto di raso con un po&#8217; di lucentezza e un ottimo drappo. Perfetto per realizzare capi come camicette, vestiti, gonne e sciarpe. Cerca di imitare la seta naturale con una buona performance cromatica per renderla poliestere.  <\/p>\n","protected":false},"featured_media":289642,"comment_status":"open","ping_status":"closed","template":"","meta":{"inline_featured_image":false},"product_brand":[],"product_cat":[213],"product_tag":[],"class_list":{"0":"post-291662","1":"product","2":"type-product","3":"status-publish","4":"has-post-thumbnail","6":"product_cat-tessuti-sintetici","7":"sales-flash-overlay","8":"woocommerce-text-align-center","9":"woocommerce-image-align-center","10":"do-quantity-buttons","12":"first","13":"instock","14":"taxable","15":"shipping-taxable","16":"purchasable","17":"product-type-variable","18":"has-default-attributes"},"_links":{"self":[{"href":"https:\/\/textilfy.es\/it\/wp-json\/wp\/v2\/product\/291662","targetHints":{"allow":["GET"]}}],"collection":[{"href":"https:\/\/textilfy.es\/it\/wp-json\/wp\/v2\/product"}],"about":[{"href":"https:\/\/textilfy.es\/it\/wp-json\/wp\/v2\/types\/product"}],"replies":[{"embeddable":true,"href":"https:\/\/textilfy.es\/it\/wp-json\/wp\/v2\/comments?post=291662"}],"wp:featuredmedia":[{"embeddable":true,"href":"https:\/\/textilfy.es\/it\/wp-json\/wp\/v2\/media\/289642"}],"wp:attachment":[{"href":"https:\/\/textilfy.es\/it\/wp-json\/wp\/v2\/media?parent=291662"}],"wp:term":[{"taxonomy":"product_brand","embeddable":true,"href":"https:\/\/textilfy.es\/it\/wp-json\/wp\/v2\/product_brand?post=291662"},{"taxonomy":"product_cat","embeddable":true,"href":"https:\/\/textilfy.es\/it\/wp-json\/wp\/v2\/product_cat?post=291662"},{"taxonomy":"product_tag","embeddable":true,"href":"https:\/\/textilfy.es\/it\/wp-json\/wp\/v2\/product_tag?post=291662"}],"curies":[{"name":"wp","href":"https:\/\/api.w.org\/{rel}","templated":true}]}}