{"id":291677,"date":"2023-04-26T16:51:31","date_gmt":"2023-04-26T14:51:31","guid":{"rendered":"https:\/\/textilfy.es\/impresion\/senza-categoria\/twill-sintetico\/"},"modified":"2026-04-16T11:21:11","modified_gmt":"2026-04-16T09:21:11","slug":"twill-sintetico","status":"publish","type":"product","link":"https:\/\/textilfy.es\/it\/stampar\/tessuti-sintetici\/twill-sintetico\/","title":{"rendered":"Twill sintetico"},"content":{"rendered":"\n<details class=\"wp-block-details is-layout-flow wp-block-details-is-layout-flow\"><summary>Il twill sintetico \u00e8 un vero gioiello nel mondo tessile, riconosciuto e apprezzato sia da stilisti che da appassionati di moda. Questo tessuto, famoso per il suo eccellente drappeggio e il tocco piacevole, si distingue per la sua eccezionale adattabilit\u00e0 a vari capi. Non \u00e8 solo la consistenza a renderla speciale, ma anche la sua sottile lucentezza, che dona un&#8217;aria di sofisticazione ed eleganza.  <br><\/summary>\n<p>La versatilit\u00e0 del twill sintetico lo rende un materiale indispensabile in qualsiasi collezione di moda. Che sia usato per realizzare un abito da ballo o per dare vita a una cravatta elegante, questo tessuto promette non solo un look mozzafiato, ma anche un&#8217;esperienza di indossazione confortevole e duratura. La sua resistenza e facilit\u00e0 di manutenzione lo rendono ancora pi\u00f9 attraente per l&#8217;uso quotidiano e per occasioni speciali, riaffermandone la rilevanza nel campo dei <a href=\"https:\/\/textilfy.es\/tejidos-sinteticos\/\">tessuti sintetici<\/a>.  <\/p>\n\n\n\n<p>Inoltre, il twill sintetico offre una vasta gamma di possibilit\u00e0 in termini di prestazioni cromatiche, permettendo ai creativi di sperimentare senza limiti. Dalle tonalit\u00e0 vivaci ai colori pi\u00f9 delicati, ogni opzione valorizza la bellezza naturale del tessuto, assicurando che ogni capo sia unico e accattivante. <\/p>\n<\/details>\n","protected":false},"excerpt":{"rendered":"","protected":false},"featured_media":262285,"comment_status":"open","ping_status":"closed","template":"","meta":{"inline_featured_image":false},"product_brand":[],"product_cat":[213],"product_tag":[],"class_list":{"0":"post-291677","1":"product","2":"type-product","3":"status-publish","4":"has-post-thumbnail","6":"product_cat-tessuti-sintetici","7":"sales-flash-overlay","8":"woocommerce-text-align-center","9":"woocommerce-image-align-center","10":"do-quantity-buttons","12":"first","13":"instock","14":"taxable","15":"shipping-taxable","16":"purchasable","17":"product-type-variable","18":"has-default-attributes"},"_links":{"self":[{"href":"https:\/\/textilfy.es\/it\/wp-json\/wp\/v2\/product\/291677","targetHints":{"allow":["GET"]}}],"collection":[{"href":"https:\/\/textilfy.es\/it\/wp-json\/wp\/v2\/product"}],"about":[{"href":"https:\/\/textilfy.es\/it\/wp-json\/wp\/v2\/types\/product"}],"replies":[{"embeddable":true,"href":"https:\/\/textilfy.es\/it\/wp-json\/wp\/v2\/comments?post=291677"}],"wp:featuredmedia":[{"embeddable":true,"href":"https:\/\/textilfy.es\/it\/wp-json\/wp\/v2\/media\/262285"}],"wp:attachment":[{"href":"https:\/\/textilfy.es\/it\/wp-json\/wp\/v2\/media?parent=291677"}],"wp:term":[{"taxonomy":"product_brand","embeddable":true,"href":"https:\/\/textilfy.es\/it\/wp-json\/wp\/v2\/product_brand?post=291677"},{"taxonomy":"product_cat","embeddable":true,"href":"https:\/\/textilfy.es\/it\/wp-json\/wp\/v2\/product_cat?post=291677"},{"taxonomy":"product_tag","embeddable":true,"href":"https:\/\/textilfy.es\/it\/wp-json\/wp\/v2\/product_tag?post=291677"}],"curies":[{"name":"wp","href":"https:\/\/api.w.org\/{rel}","templated":true}]}}