{"id":291685,"date":"2023-04-26T16:51:11","date_gmt":"2023-04-26T14:51:11","guid":{"rendered":"https:\/\/textilfy.es\/impresion\/senza-categoria\/felpa\/"},"modified":"2026-04-16T11:21:11","modified_gmt":"2026-04-16T09:21:11","slug":"felpa","status":"publish","type":"product","link":"https:\/\/textilfy.es\/it\/stampar\/tessuti-sintetici\/felpa\/","title":{"rendered":"Felpa"},"content":{"rendered":"\n<details class=\"wp-block-details is-layout-flow wp-block-details-is-layout-flow\"><summary>Il tessuto della felpa \u00e8 la scelta ideale per realizzare capi caldi e comodi. Con un viso interno spazzolato, questo materiale offre una consistenza morbida e piacevole, perfetta per felpe e pile. La sua composizione 100% poliestere garantisce prestazioni cromatiche eccezionali, mantenendo i capi vivaci e resistenti lavaggio dopo lavaggio.  <\/summary>\n<p><\/p>\n\n\n\n<p>Caratteristiche del tessuto:<\/p>\n\n\n\n<ul class=\"wp-block-list\">\n<li><strong>Comfort termico superiore:<\/strong> L&#8217;interno del viso spazzolato offre un calore e una morbidezza senza pari per i climi freddi.<\/li>\n\n\n\n<li><strong>Tessuto resistente e pratico:<\/strong> Realizzato al 100% in poliestere, questo tessuto, uno dei pi\u00f9 <a href=\"https:\/\/textilfy.es\/tejidos-sinteticos\/\">eccezionali nel settore sintetico<\/a>, offre durabilit\u00e0 e facilit\u00e0 di manutenzione. Pu\u00f2 essere lavato in lavatrice a 40\u00ba senza problemi. <\/li>\n\n\n\n<li><strong>Versatile per il design della moda:<\/strong> Ideale per una variet\u00e0 di capi, inclusi felpe e pile, la sua adattabilit\u00e0 lo rende perfetto per la moda casual e sportiva.<\/li>\n\n\n\n<li><strong>Eccellenti prestazioni colore:<\/strong> I colori rimangono vivaci e resistenti, valorizzando ogni disegno.<\/li>\n<\/ul>\n\n\n\n<p><\/p>\n\n\n\n<p>Specifiche del prodotto:<\/p>\n\n\n\n<ul class=\"wp-block-list\">\n<li><strong>Materiale:<\/strong> 100% poliestere<\/li>\n\n\n\n<li><strong>Peso e larghezza:<\/strong> 270 grammi\/m2 e largo 148 cm<\/li>\n\n\n\n<li><strong>Uso consigliato:<\/strong> Adatto a felpe, pile e altri capi casual e sportivi.<\/li>\n<\/ul>\n<\/details>\n","protected":false},"excerpt":{"rendered":"","protected":false},"featured_media":262281,"comment_status":"open","ping_status":"closed","template":"","meta":{"inline_featured_image":false},"product_brand":[],"product_cat":[213],"product_tag":[],"class_list":{"0":"post-291685","1":"product","2":"type-product","3":"status-publish","4":"has-post-thumbnail","6":"product_cat-tessuti-sintetici","7":"sales-flash-overlay","8":"woocommerce-text-align-center","9":"woocommerce-image-align-center","10":"do-quantity-buttons","12":"first","13":"instock","14":"taxable","15":"shipping-taxable","16":"purchasable","17":"product-type-variable","18":"has-default-attributes"},"_links":{"self":[{"href":"https:\/\/textilfy.es\/it\/wp-json\/wp\/v2\/product\/291685","targetHints":{"allow":["GET"]}}],"collection":[{"href":"https:\/\/textilfy.es\/it\/wp-json\/wp\/v2\/product"}],"about":[{"href":"https:\/\/textilfy.es\/it\/wp-json\/wp\/v2\/types\/product"}],"replies":[{"embeddable":true,"href":"https:\/\/textilfy.es\/it\/wp-json\/wp\/v2\/comments?post=291685"}],"wp:featuredmedia":[{"embeddable":true,"href":"https:\/\/textilfy.es\/it\/wp-json\/wp\/v2\/media\/262281"}],"wp:attachment":[{"href":"https:\/\/textilfy.es\/it\/wp-json\/wp\/v2\/media?parent=291685"}],"wp:term":[{"taxonomy":"product_brand","embeddable":true,"href":"https:\/\/textilfy.es\/it\/wp-json\/wp\/v2\/product_brand?post=291685"},{"taxonomy":"product_cat","embeddable":true,"href":"https:\/\/textilfy.es\/it\/wp-json\/wp\/v2\/product_cat?post=291685"},{"taxonomy":"product_tag","embeddable":true,"href":"https:\/\/textilfy.es\/it\/wp-json\/wp\/v2\/product_tag?post=291685"}],"curies":[{"name":"wp","href":"https:\/\/api.w.org\/{rel}","templated":true}]}}