{"id":291727,"date":"2023-04-26T16:50:51","date_gmt":"2023-04-26T14:50:51","guid":{"rendered":"https:\/\/textilfy.es\/impresion\/senza-categoria\/raso-di-seta-naturale\/"},"modified":"2026-04-16T11:22:13","modified_gmt":"2026-04-16T09:22:13","slug":"raso-di-seta-naturale","status":"publish","type":"product","link":"https:\/\/textilfy.es\/it\/stampar\/tessuti-naturali\/raso-di-seta-naturale\/","title":{"rendered":"Raso di seta naturale"},"content":{"rendered":"\n<details class=\"wp-block-details is-layout-flow wp-block-details-is-layout-flow\"><summary>Il raso di seta naturale, con la sua particolare consistenza che gli conferisce una lucentezza sottile, \u00e8 un tessuto per 12 madri che offre una consistenza pi\u00f9 spessa e compatta rispetto alle sete pregiate. Questa caratteristica la rende un materiale ideale non solo per sciarpe, ma anche per capi come camicie ed accessori eleganti come cravatte, aggiungendo un tocco di raffinatezza e lusso. <\/summary>\n<p><\/p>\n\n\n\n<p>Caratteristiche del tessuto naturale di seta e raso:<\/p>\n\n\n\n<ul class=\"wp-block-list\">\n<li><strong>Brillantezza elegante:<\/strong> la texture rasata conferisce una lucentezza delicata e raffinata, ideale per capi e accessori di alta gamma.<\/li>\n\n\n\n<li><strong>Consistenza ricca e duratura:<\/strong> Con 12 madri, questo tessuto \u00e8 pi\u00f9 pesante della seta naturale habotai, garantendo durabilit\u00e0 e una caduta elegante.<\/li>\n\n\n\n<li><strong>Versatilit\u00e0 d&#8217;uso:<\/strong> Adatta a una variet\u00e0 di applicazioni, dalle sciarpe alle camicette e cravatte, questa seta in raso si adatta a molteplici stili di moda.<\/li>\n\n\n\n<li><strong>Qualit\u00e0 superiore:<\/strong> La seta naturale garantisce una sensazione morbida e una qualit\u00e0 eccezionale, trasformando ogni capo in un&#8217;opera d&#8217;arte realizzata con questo raso di seta naturale.<br\/><\/li>\n<\/ul>\n\n\n\n<p>Specifiche del tessuto:<\/p>\n\n\n\n<ul class=\"wp-block-list\">\n<li><strong>Materiale: <\/strong>Seta naturale in raso 12 mamme.<\/li>\n\n\n\n<li><strong>Uso consigliato:<\/strong> Ideale per sciarpe, camicie, cravatte e altri accessori e articoli di moda.<br\/><\/li>\n<\/ul>\n\n\n\n<p><br\/>La seta \u00e8 una fibra naturale nota per la sua morbidezza, lucentezza e resistenza. \u00c8 stato molto apprezzato nel corso della storia per la sua consistenza lussuosa e le qualit\u00e0 isolanti, che lo rendono caldo in inverno e fresco in estate. <\/p>\n\n\n\n<p>Una delle caratteristiche pi\u00f9 notevoli della seta \u00e8 la sua lucentezza naturale, che deriva dalla struttura triangolare e prismatica della fibra, che riflette la luce da angolazioni diverse. Inoltre, la seta \u00e8 sorprendentemente resistente grazie alla sua delicatezza ed \u00e8 il tessuto naturale pi\u00f9 duraturo. <\/p>\n<\/details>\n","protected":false},"excerpt":{"rendered":"<p>Il legamento satinato le d\u00e0 un po&#8217; di lucentezza. Ha 12 mamme, quindi \u00e8 pi\u00f9 spesso e aderente rispetto alle nostre altre sete. Questo permette di utilizzarla, insieme alla sciarpa, per realizzare capi.  <\/p>\n","protected":false},"featured_media":289657,"comment_status":"open","ping_status":"closed","template":"","meta":{"inline_featured_image":false},"product_brand":[],"product_cat":[235],"product_tag":[],"class_list":{"0":"post-291727","1":"product","2":"type-product","3":"status-publish","4":"has-post-thumbnail","6":"product_cat-tessuti-naturali","7":"sales-flash-overlay","8":"woocommerce-text-align-center","9":"woocommerce-image-align-center","10":"do-quantity-buttons","12":"first","13":"instock","14":"taxable","15":"shipping-taxable","16":"purchasable","17":"product-type-variable","18":"has-default-attributes"},"_links":{"self":[{"href":"https:\/\/textilfy.es\/it\/wp-json\/wp\/v2\/product\/291727","targetHints":{"allow":["GET"]}}],"collection":[{"href":"https:\/\/textilfy.es\/it\/wp-json\/wp\/v2\/product"}],"about":[{"href":"https:\/\/textilfy.es\/it\/wp-json\/wp\/v2\/types\/product"}],"replies":[{"embeddable":true,"href":"https:\/\/textilfy.es\/it\/wp-json\/wp\/v2\/comments?post=291727"}],"wp:featuredmedia":[{"embeddable":true,"href":"https:\/\/textilfy.es\/it\/wp-json\/wp\/v2\/media\/289657"}],"wp:attachment":[{"href":"https:\/\/textilfy.es\/it\/wp-json\/wp\/v2\/media?parent=291727"}],"wp:term":[{"taxonomy":"product_brand","embeddable":true,"href":"https:\/\/textilfy.es\/it\/wp-json\/wp\/v2\/product_brand?post=291727"},{"taxonomy":"product_cat","embeddable":true,"href":"https:\/\/textilfy.es\/it\/wp-json\/wp\/v2\/product_cat?post=291727"},{"taxonomy":"product_tag","embeddable":true,"href":"https:\/\/textilfy.es\/it\/wp-json\/wp\/v2\/product_tag?post=291727"}],"curies":[{"name":"wp","href":"https:\/\/api.w.org\/{rel}","templated":true}]}}