{"id":291736,"date":"2023-04-26T16:50:31","date_gmt":"2023-04-26T14:50:31","guid":{"rendered":"https:\/\/textilfy.es\/impresion\/senza-categoria\/swill-spesso-di-cotone\/"},"modified":"2026-04-16T11:22:13","modified_gmt":"2026-04-16T09:22:13","slug":"swill-spesso-di-cotone","status":"publish","type":"product","link":"https:\/\/textilfy.es\/it\/stampar\/tessuti-naturali\/swill-spesso-di-cotone\/","title":{"rendered":"Swill spesso di cotone"},"content":{"rendered":"\n<details class=\"wp-block-details is-layout-flow wp-block-details-is-layout-flow\"><summary>Il twill di cotone spesso \u00e8 un tessuto di punta nel nostro catalogo per la sua qualit\u00e0 superiore e versatilit\u00e0 nelle applicazioni. Con un peso di 300 gr\/m2 e una larghezza di 148 cm, questo tessuto 100% cotone \u00e8 ideale per creare di tutto, dall&#8217;abbigliamento da lavoro robusto agli accessori eleganti e agli elementi decorativi per la casa. Caratterizzato dalla sua consistenza morbida e leggermente rigida e dalle linee diagonali tipiche del twill, questo tessuto unisce durabilit\u00e0 a uno stile rustico e sofisticato.  <br><\/summary>\n<p>Caratteristiche del twill di cotone spesso:<\/p>\n\n\n\n<ul class=\"wp-block-list\">\n<li><strong>Forza e qualit\u00e0 eccezionali:<\/strong> Realizzato con un processo speciale, il nostro tessuto spesso in cotone twill \u00e8 significativamente pi\u00f9 resistente rispetto ai tradizionali tessuti di cotone.<\/li>\n\n\n\n<li><strong>Design versatile:<\/strong> la sua resistenza e il buon aspetto lo rendono adatto a una vasta gamma di usi, dai capi alla moda come pantaloni e camicie sopra a accessori personali come borse e borse per servizi igienici.<\/li> <li>\n<\/li>\n\n\n<li><strong>Ideale per tessuti per la casa:<\/strong> la sua durabilit\u00e0 e estetica rustica la rendono un&#8217;ottima scelta per cuscini, runner da tavolo, tovaglie e tovagliette.<\/li> <li>\n<\/li>\n\n\n<li><strong>Non \u00e8 necessario un rivestimento aggiuntivo:<\/strong> il suo peso garantisce che gli accessori realizzati in esso mantengano forma e struttura senza la necessit\u00e0 di un rivestimento interno.<\/li> <li>Non serve la fodera interna.\n<\/li><\/ul>\n\n\n\n<p>Specifiche del tessuto:<\/p>\n\n\n\n<ul class=\"wp-block-list\">\n<li><strong>Peso e larghezza: <\/strong>300 gr\/m2 e 148 cm.<\/li>.\n\n\n\n<li><strong>Applicazioni consigliate:<\/strong>Ideale per abbigliamento da lavoro, moda casual, accessori e arredamento per la casa.<\/li>\n<\/ul>\n<\/details>\n\n<p>Il twill di cotone spesso \u00e8 una delle migliori opzioni <a href=\"https:\/\/textilfy.es\/it\/tessuti-naturali\/\">all&#8217;interno dei tessuti naturali<\/a> per chi cerca un materiale che combini resistenza, eleganza e funzionalit\u00e0 nei propri progetti di moda e decorazione.<\/p>\n","protected":false},"excerpt":{"rendered":"<p>I nostri twill di cotone sono tra i nostri tessuti pi\u00f9 venduti. Sono ideali per realizzare ogni tipo di accessorio. Ha abbastanza peso, quindi non \u00e8 necessario usare una fodera interna. Tessuto speciale per la stagione invernale.   <\/p>\n<p>&nbsp;<\/p>\n","protected":false},"featured_media":282783,"comment_status":"open","ping_status":"closed","template":"","meta":{"inline_featured_image":false},"product_brand":[],"product_cat":[235],"product_tag":[],"class_list":{"0":"post-291736","1":"product","2":"type-product","3":"status-publish","4":"has-post-thumbnail","6":"product_cat-tessuti-naturali","7":"sales-flash-overlay","8":"woocommerce-text-align-center","9":"woocommerce-image-align-center","10":"do-quantity-buttons","12":"first","13":"instock","14":"taxable","15":"shipping-taxable","16":"purchasable","17":"product-type-variable","18":"has-default-attributes"},"_links":{"self":[{"href":"https:\/\/textilfy.es\/it\/wp-json\/wp\/v2\/product\/291736","targetHints":{"allow":["GET"]}}],"collection":[{"href":"https:\/\/textilfy.es\/it\/wp-json\/wp\/v2\/product"}],"about":[{"href":"https:\/\/textilfy.es\/it\/wp-json\/wp\/v2\/types\/product"}],"replies":[{"embeddable":true,"href":"https:\/\/textilfy.es\/it\/wp-json\/wp\/v2\/comments?post=291736"}],"wp:featuredmedia":[{"embeddable":true,"href":"https:\/\/textilfy.es\/it\/wp-json\/wp\/v2\/media\/282783"}],"wp:attachment":[{"href":"https:\/\/textilfy.es\/it\/wp-json\/wp\/v2\/media?parent=291736"}],"wp:term":[{"taxonomy":"product_brand","embeddable":true,"href":"https:\/\/textilfy.es\/it\/wp-json\/wp\/v2\/product_brand?post=291736"},{"taxonomy":"product_cat","embeddable":true,"href":"https:\/\/textilfy.es\/it\/wp-json\/wp\/v2\/product_cat?post=291736"},{"taxonomy":"product_tag","embeddable":true,"href":"https:\/\/textilfy.es\/it\/wp-json\/wp\/v2\/product_tag?post=291736"}],"curies":[{"name":"wp","href":"https:\/\/api.w.org\/{rel}","templated":true}]}}