{"id":291762,"date":"2023-04-26T16:50:21","date_gmt":"2023-04-26T14:50:21","guid":{"rendered":"https:\/\/textilfy.es\/impresion\/senza-categoria\/swill-di-cotone-fine\/"},"modified":"2026-04-16T11:22:28","modified_gmt":"2026-04-16T09:22:28","slug":"swill-di-cotone-fine","status":"publish","type":"product","link":"https:\/\/textilfy.es\/it\/stampar\/tessuti-naturali\/swill-di-cotone-fine\/","title":{"rendered":"Swill di cotone fine"},"content":{"rendered":"\n<details class=\"wp-block-details is-layout-flow wp-block-details-is-layout-flow\"><summary>Il nostro pregiato twill di cotone, tessuto con filato biologico, unisce eleganza e sostenibilit\u00e0 in un tessuto da 200 gr\/m2 e largo 148 cm. Questo materiale ecologico, rinomato per la sua qualit\u00e0 e morbidezza, \u00e8 perfetto per una variet\u00e0 di capi e progetti di moda. La sua consistenza leggera e piacevole, unita alla sua origine organica, la rende una scelta ideale per chi valorizza sia lo stile che il rispetto per l&#8217;ambiente.  <\/summary>\n<p><\/p>\n\n\n\n<p>Caratteristiche del twill di cotone pregiato:<\/p>\n\n\n\n<ul class=\"wp-block-list\">\n<li><strong>Qualit\u00e0 biologica e sostenibile:<\/strong> Realizzato con filato di cotone biologico, questo tessuto \u00e8 morbido, resistente e rispettoso del pianeta.<\/li>\n\n\n\n<li><strong>Versatilit\u00e0 nel design:<\/strong> Con un peso leggero e una vasta gamma di applicazioni, \u00e8 ideale per la realizzazione di abbigliamento di moda, accessori e tessuti per la casa.<\/li>\n\n\n\n<li><strong>Stile e comfort:<\/strong> Il twill di cotone pregiato offre un perfetto equilibrio tra comfort ed eleganza, adatto a tutti i tipi di capi, dalle camicie sopra ai pantaloni, alla biancheria da tavolo, ecc.<\/li>\n\n\n\n<li><strong>Sostenibilit\u00e0 e responsabilit\u00e0:<\/strong> Scegliendo cotone biologico, il cotone twill di cotone fine riflette un impegno verso pratiche di moda pi\u00f9 responsabili ed ecologiche, sottolineando l&#8217;importanza dei<a href=\"https:\/\/textilfy.es\/it\/tessuti-naturali\/\"> tessuti naturali<\/a> nella moda odierna.<br\/><br\/><\/li>\n<\/ul>\n\n\n\n<p>Specifiche del prodotto:<\/p>\n\n\n\n<ul class=\"wp-block-list\">\n<li><strong>Materiale:<\/strong> Twill di cotone 100% biologico.<\/li>\n\n\n\n<li><strong>Peso e larghezza:<\/strong> 200 gr\/m2 e 148 cm.<\/li>\n\n\n\n<li><strong>Uso consigliato:<\/strong> Adatto per moda, accessori e tessuti per la casa.<\/li>\n<\/ul>\n<\/details>\n","protected":false},"excerpt":{"rendered":"","protected":false},"featured_media":262271,"comment_status":"open","ping_status":"closed","template":"","meta":{"inline_featured_image":false},"product_brand":[],"product_cat":[235],"product_tag":[],"class_list":{"0":"post-291762","1":"product","2":"type-product","3":"status-publish","4":"has-post-thumbnail","6":"product_cat-tessuti-naturali","7":"sales-flash-overlay","8":"woocommerce-text-align-center","9":"woocommerce-image-align-center","10":"do-quantity-buttons","12":"first","13":"instock","14":"taxable","15":"shipping-taxable","16":"purchasable","17":"product-type-variable","18":"has-default-attributes"},"_links":{"self":[{"href":"https:\/\/textilfy.es\/it\/wp-json\/wp\/v2\/product\/291762","targetHints":{"allow":["GET"]}}],"collection":[{"href":"https:\/\/textilfy.es\/it\/wp-json\/wp\/v2\/product"}],"about":[{"href":"https:\/\/textilfy.es\/it\/wp-json\/wp\/v2\/types\/product"}],"replies":[{"embeddable":true,"href":"https:\/\/textilfy.es\/it\/wp-json\/wp\/v2\/comments?post=291762"}],"wp:featuredmedia":[{"embeddable":true,"href":"https:\/\/textilfy.es\/it\/wp-json\/wp\/v2\/media\/262271"}],"wp:attachment":[{"href":"https:\/\/textilfy.es\/it\/wp-json\/wp\/v2\/media?parent=291762"}],"wp:term":[{"taxonomy":"product_brand","embeddable":true,"href":"https:\/\/textilfy.es\/it\/wp-json\/wp\/v2\/product_brand?post=291762"},{"taxonomy":"product_cat","embeddable":true,"href":"https:\/\/textilfy.es\/it\/wp-json\/wp\/v2\/product_cat?post=291762"},{"taxonomy":"product_tag","embeddable":true,"href":"https:\/\/textilfy.es\/it\/wp-json\/wp\/v2\/product_tag?post=291762"}],"curies":[{"name":"wp","href":"https:\/\/api.w.org\/{rel}","templated":true}]}}