{"id":291771,"date":"2023-04-26T16:50:01","date_gmt":"2023-04-26T14:50:01","guid":{"rendered":"https:\/\/textilfy.es\/impresion\/senza-categoria\/swill-fine\/"},"modified":"2026-04-16T11:22:28","modified_gmt":"2026-04-16T09:22:28","slug":"swill-fine","status":"publish","type":"product","link":"https:\/\/textilfy.es\/it\/stampar\/tessuti-sintetici\/swill-fine\/","title":{"rendered":"Swill fine"},"content":{"rendered":"\n<details class=\"wp-block-details is-layout-flow wp-block-details-is-layout-flow\"><summary>Pi\u00f9 sottile del nostro twill spesso ma con maggiore rigidit\u00e0, maggiore lucentezza e un bianco puro, il nostro twill fine \u00e8 ideale per chi cerca un tessuto con un tocco di sofisticazione. Se stai cercando un tessuto speciale per accessori e complementi, questa \u00e8 la scelta migliore. <\/summary>\n<p><br\/>Il nostro raffinato twill offre forza ed eleganza grazie alle sue caratteristiche linee diagonali. La sua composizione equilibrata la rende perfetta per una vasta gamma di progetti di abbigliamento. <\/p>\n\n\n\n<p><\/p>\n\n\n\n<p>Caratteristiche del twill fine:<\/p>\n\n\n\n<ul class=\"wp-block-list\">\n<li><strong>Resistenza ed eleganza:<\/strong> Le linee diagonali della tessitura al twill conferiscono una forza senza pari e un aspetto elegante.<\/li>\n\n\n\n<li><strong>Texture ottimale:<\/strong> Sebbene pi\u00f9 sottile del <a href=\"https:\/\/pro.textilfy.es\/imprime-textil\/tejidos-sinteticos\/sarga-gruesa\/\">twill grossolano<\/a>, la sua rigidit\u00e0 offre una struttura perfetta per accessori di alta qualit\u00e0.<\/li>\n\n\n\n<li><strong>Colore bianco ottico:<\/strong> La tonalit\u00e0 bianca pura di questo tessuto offre una tela ideale per una variet\u00e0 di modelli e design con ottime prestazioni cromatiche.<\/li>\n\n\n\n<li><strong>Versatilit\u00e0 d&#8217;uso:<\/strong> Ideale per la produzione di accessori e complementi, adattandosi alle tue esigenze creative e distinguendosi come uno dei migliori <strong><a href=\"https:\/\/textilfy.es\/tejidos-sinteticos\/\">tessuti sintetici<\/a><\/strong> per progetti sofisticati.<br\/><\/li>\n<\/ul>\n\n\n\n<p><\/p>\n<\/details>\n","protected":false},"excerpt":{"rendered":"","protected":false},"featured_media":262267,"comment_status":"open","ping_status":"closed","template":"","meta":{"inline_featured_image":false},"product_brand":[],"product_cat":[213],"product_tag":[],"class_list":{"0":"post-291771","1":"product","2":"type-product","3":"status-publish","4":"has-post-thumbnail","6":"product_cat-tessuti-sintetici","7":"sales-flash-overlay","8":"woocommerce-text-align-center","9":"woocommerce-image-align-center","10":"do-quantity-buttons","12":"first","13":"instock","14":"taxable","15":"shipping-taxable","16":"purchasable","17":"product-type-variable","18":"has-default-attributes"},"_links":{"self":[{"href":"https:\/\/textilfy.es\/it\/wp-json\/wp\/v2\/product\/291771","targetHints":{"allow":["GET"]}}],"collection":[{"href":"https:\/\/textilfy.es\/it\/wp-json\/wp\/v2\/product"}],"about":[{"href":"https:\/\/textilfy.es\/it\/wp-json\/wp\/v2\/types\/product"}],"replies":[{"embeddable":true,"href":"https:\/\/textilfy.es\/it\/wp-json\/wp\/v2\/comments?post=291771"}],"wp:featuredmedia":[{"embeddable":true,"href":"https:\/\/textilfy.es\/it\/wp-json\/wp\/v2\/media\/262267"}],"wp:attachment":[{"href":"https:\/\/textilfy.es\/it\/wp-json\/wp\/v2\/media?parent=291771"}],"wp:term":[{"taxonomy":"product_brand","embeddable":true,"href":"https:\/\/textilfy.es\/it\/wp-json\/wp\/v2\/product_brand?post=291771"},{"taxonomy":"product_cat","embeddable":true,"href":"https:\/\/textilfy.es\/it\/wp-json\/wp\/v2\/product_cat?post=291771"},{"taxonomy":"product_tag","embeddable":true,"href":"https:\/\/textilfy.es\/it\/wp-json\/wp\/v2\/product_tag?post=291771"}],"curies":[{"name":"wp","href":"https:\/\/api.w.org\/{rel}","templated":true}]}}