{"id":291784,"date":"2023-04-26T16:50:11","date_gmt":"2023-04-26T14:50:11","guid":{"rendered":"https:\/\/textilfy.es\/impresion\/senza-categoria\/swill-spesso\/"},"modified":"2026-04-16T11:22:29","modified_gmt":"2026-04-16T09:22:29","slug":"swill-spesso","status":"publish","type":"product","link":"https:\/\/textilfy.es\/it\/stampar\/tessuti-sintetici\/swill-spesso\/","title":{"rendered":"Swill spesso"},"content":{"rendered":"\n<details class=\"wp-block-details is-layout-flow wp-block-details-is-layout-flow\"><summary>Il nostro twill in poliestere spesso presenta un bianco opaco, perfetto per catturare colori ricchi e contrastanti, oltre a offrire un&#8217;ottima qualit\u00e0 di stampa. Il twill spesso in poliestere, che pesa 240 grammi, si distingue per la sua resistenza e durata, rendendolo un&#8217;opzione versatile per molteplici usi. <\/summary>\n<p><\/p>\n\n\n\n<p>Caratteristiche del prodotto:<\/p>\n\n\n\n<ul class=\"wp-block-list\">\n<li><strong>Stampa di alta qualit\u00e0: <\/strong>La sublimazione di questo tessuto garantisce colori ricchi e vividi, con dettagli fini e linee nette.<\/li>\n\n\n\n<li><strong>Consistenza e comfort: <\/strong>La sua sensazione morbida, liscia e confortevole lo rende ideale per il contatto con la pelle, mentre la sua struttura compatta mantiene la forma e previene le rughe.<\/li>\n\n\n\n<li><strong>Versatilit\u00e0 d&#8217;uso:<\/strong> Dalla tappezzeria all&#8217;arredamento d&#8217;interni, questo tessuto \u00e8 perfetto per cuscini, sedie, coperture e altri usi quotidiani, resistendo all&#8217;usura e ai graffi.<\/li>\n<\/ul>\n\n\n\n<p>Sia la parte anteriore che posteriore del tessuto spesso con stampa sublimazione al sergaggio presentano le linee diagonali tipiche dei tessuti al twill. La sua struttura \u00e8 perfettamente robusta e garantisce una tale compattezza da mantenere sempre la forma ed evitare le pieghe. Se cerchi un twill leggermente pi\u00f9 sottile, con una consistenza meno pronunciata e pi\u00f9 lucentezza, dai un&#8217;occhiata al nostro twill fine.  <\/p>\n<\/details>\n","protected":false},"excerpt":{"rendered":"<p>Il sargaggio \u00e8 ben marcato dallo spessore del filo. Non \u00e8 elastico ed \u00e8 ideale per realizzare accessori. Il colore di sfondo \u00e8 bianco chimico, quindi le prestazioni cromatiche sono buone, lasciando un aspetto simile a un twill naturale. Ha una &#8220;mano&#8221; molto buona.   <\/p>\n","protected":false},"featured_media":289651,"comment_status":"open","ping_status":"closed","template":"","meta":{"inline_featured_image":false},"product_brand":[],"product_cat":[213],"product_tag":[],"class_list":{"0":"post-291784","1":"product","2":"type-product","3":"status-publish","4":"has-post-thumbnail","6":"product_cat-tessuti-sintetici","7":"sales-flash-overlay","8":"woocommerce-text-align-center","9":"woocommerce-image-align-center","10":"do-quantity-buttons","12":"first","13":"instock","14":"taxable","15":"shipping-taxable","16":"purchasable","17":"product-type-variable","18":"has-default-attributes"},"_links":{"self":[{"href":"https:\/\/textilfy.es\/it\/wp-json\/wp\/v2\/product\/291784","targetHints":{"allow":["GET"]}}],"collection":[{"href":"https:\/\/textilfy.es\/it\/wp-json\/wp\/v2\/product"}],"about":[{"href":"https:\/\/textilfy.es\/it\/wp-json\/wp\/v2\/types\/product"}],"replies":[{"embeddable":true,"href":"https:\/\/textilfy.es\/it\/wp-json\/wp\/v2\/comments?post=291784"}],"wp:featuredmedia":[{"embeddable":true,"href":"https:\/\/textilfy.es\/it\/wp-json\/wp\/v2\/media\/289651"}],"wp:attachment":[{"href":"https:\/\/textilfy.es\/it\/wp-json\/wp\/v2\/media?parent=291784"}],"wp:term":[{"taxonomy":"product_brand","embeddable":true,"href":"https:\/\/textilfy.es\/it\/wp-json\/wp\/v2\/product_brand?post=291784"},{"taxonomy":"product_cat","embeddable":true,"href":"https:\/\/textilfy.es\/it\/wp-json\/wp\/v2\/product_cat?post=291784"},{"taxonomy":"product_tag","embeddable":true,"href":"https:\/\/textilfy.es\/it\/wp-json\/wp\/v2\/product_tag?post=291784"}],"curies":[{"name":"wp","href":"https:\/\/api.w.org\/{rel}","templated":true}]}}