{"id":291794,"date":"2023-04-26T16:49:51","date_gmt":"2023-04-26T14:49:51","guid":{"rendered":"https:\/\/textilfy.es\/impresion\/senza-categoria\/lavoratore-a-maglia-in-neoprene\/"},"modified":"2026-04-16T11:22:41","modified_gmt":"2026-04-16T09:22:41","slug":"lavoratore-a-maglia-in-neoprene","status":"publish","type":"product","link":"https:\/\/textilfy.es\/it\/stampar\/tessuti-sintetici\/lavoratore-a-maglia-in-neoprene\/","title":{"rendered":"Lavoratore a maglia in neoprene"},"content":{"rendered":"\n<details class=\"wp-block-details is-layout-flow wp-block-details-is-layout-flow\"><summary>Il tessuto neoprene rappresenta una rivoluzione nel mondo tessile, offrendo una combinazione unica di funzionalit\u00e0 e stile. Questo tessuto, noto per la sua resistenza, elasticit\u00e0 e propriet\u00e0 isolanti, \u00e8 diventato una scelta popolare in vari ambiti della moda e degli accessori. \u00c8 anche ecologico perch\u00e9 \u00e8 riciclato e certificato GRS.  <\/summary>\n<p><\/p>\n\n\n\n<p>Inizialmente riconosciuto per il suo utilizzo nell&#8217;abbigliamento sportivo, il tessuto in neoprene protegge efficacemente dal vento e dal freddo, rendendolo ideale per capi esterni come giacche e giacche sportive. La sua capacit\u00e0 di mantenere la temperatura corporea lo rende la scelta preferita dagli atleti e dagli appassionati di sport all&#8217;aperto. <\/p>\n\n\n\n<p>Negli ultimi anni, il tessuto in neoprene ha superato i confini dell&#8217;abbigliamento sportivo per integrarsi nella moda contemporanea. Gli stilisti hanno adottato questo materiale per la sua struttura unica e la capacit\u00e0 di mantenere la forma, creando capi femminili innovativi come gonne, vestiti dritti e giacche eleganti. La sua texture morbida e la finitura professionale aggiungono un tocco moderno e sofisticato a qualsiasi capo, riaffermandone l&#8217;importanza tra <a href=\"https:\/\/textilfy.es\/tejidos-sinteticos\/\">i tessuti sintetici<\/a>.  <\/p>\n\n\n\n<p>Oltre al suo utilizzo nell&#8217;abbigliamento, il tessuto neoprene ha trovato il suo posto nella creazione di accessori pratici e durevoli. La sua resistenza e flessibilit\u00e0 lo rendono perfetto per custodie per dispositivi elettronici, borse e altri oggetti che richiedono protezione aggiuntiva. La facilit\u00e0 con cui questo tessuto viene lavorato lo rende anche popolare tra gli appassionati di cucito fai-da-te e design.  <\/p>\n\n\n\n<p>Nonostante la sua robustezza, il tessuto in neoprene \u00e8 sorprendentemente facile da curare. Questo tessuto pu\u00f2 essere facilmente lavato, assicurando che capi e accessori mantengano il loro aspetto e funzionalit\u00e0 nel tempo. <\/p>\n\n\n\n<p>In breve, il tessuto in neoprene \u00e8 un tessuto versatile e ad alte prestazioni, ideale per una vasta gamma di applicazioni. Che si tratti di sport, moda d&#8217;avanguardia o accessori funzionali, il tessuto neoprene offre una combinazione senza pari di durabilit\u00e0, comfort e stile moderno. <\/p>\n<\/details>\n","protected":false},"excerpt":{"rendered":"<p>Il tessuto neoprene \u00e8 il tessuto di moda per realizzare gonne, vestiti, felpe&#8230; Si allunga perch\u00e9, oltre a essere lavorata a maglia, contiene il 5% di elastano. \u00c8 un tessuto chiuso, che non rende molto trasparente. NEW: \u00c8 riciclato e ha il certificato GRS.   <\/p>\n","protected":false},"featured_media":287987,"comment_status":"open","ping_status":"closed","template":"","meta":{"inline_featured_image":false},"product_brand":[],"product_cat":[213],"product_tag":[],"class_list":{"0":"post-291794","1":"product","2":"type-product","3":"status-publish","4":"has-post-thumbnail","6":"product_cat-tessuti-sintetici","7":"sales-flash-overlay","8":"woocommerce-text-align-center","9":"woocommerce-image-align-center","10":"do-quantity-buttons","12":"first","13":"instock","14":"taxable","15":"shipping-taxable","16":"purchasable","17":"product-type-variable","18":"has-default-attributes"},"_links":{"self":[{"href":"https:\/\/textilfy.es\/it\/wp-json\/wp\/v2\/product\/291794","targetHints":{"allow":["GET"]}}],"collection":[{"href":"https:\/\/textilfy.es\/it\/wp-json\/wp\/v2\/product"}],"about":[{"href":"https:\/\/textilfy.es\/it\/wp-json\/wp\/v2\/types\/product"}],"replies":[{"embeddable":true,"href":"https:\/\/textilfy.es\/it\/wp-json\/wp\/v2\/comments?post=291794"}],"wp:featuredmedia":[{"embeddable":true,"href":"https:\/\/textilfy.es\/it\/wp-json\/wp\/v2\/media\/287987"}],"wp:attachment":[{"href":"https:\/\/textilfy.es\/it\/wp-json\/wp\/v2\/media?parent=291794"}],"wp:term":[{"taxonomy":"product_brand","embeddable":true,"href":"https:\/\/textilfy.es\/it\/wp-json\/wp\/v2\/product_brand?post=291794"},{"taxonomy":"product_cat","embeddable":true,"href":"https:\/\/textilfy.es\/it\/wp-json\/wp\/v2\/product_cat?post=291794"},{"taxonomy":"product_tag","embeddable":true,"href":"https:\/\/textilfy.es\/it\/wp-json\/wp\/v2\/product_tag?post=291794"}],"curies":[{"name":"wp","href":"https:\/\/api.w.org\/{rel}","templated":true}]}}