{"id":291803,"date":"2023-04-26T16:49:27","date_gmt":"2023-04-26T14:49:27","guid":{"rendered":"https:\/\/textilfy.es\/impresion\/senza-categoria\/lavori-a-maglia-di-lycra\/"},"modified":"2026-04-16T11:22:41","modified_gmt":"2026-04-16T09:22:41","slug":"lavori-a-maglia-di-lycra","status":"publish","type":"product","link":"https:\/\/textilfy.es\/it\/stampar\/tessuti-sintetici\/lavori-a-maglia-di-lycra\/","title":{"rendered":"Lavori a maglia di lycra"},"content":{"rendered":"\n<details class=\"wp-block-details is-layout-flow wp-block-details-is-layout-flow\"><summary>Scopri il potenziale di questo tessuto a maglia lycra da 270 grammi, un capo ideale per l&#8217;uso nel mondo della moda e dello sport. Questo tessuto, pi\u00f9 pesante del GRS in lycra riciclata da 190 grammi, \u00e8 ideale per costumi da bagno e abbigliamento sportivo, poich\u00e9 offre una sensazione premium e una resistenza eccezionale. <\/summary>\n<p>\n<\/p>\n\n\n<p>L&#8217;elevata densit\u00e0 di questo tessuto non solo garantisce qualit\u00e0, ma garantisce anche maggiore opacit\u00e0 e resistenza. Questo lo rende perfetto per costumi da bagno che richiedono una copertura affidabile e un senso di sicurezza quando li indossano. Inoltre, il peso aggiuntivo aggiunge un tocco di struttura e forma, valorizzando il design e la vestibilit\u00e0 del capo.  <\/p>\n\n\n\n<p>Nel campo sportivo, questa maglia di lycra \u00e8 una scelta saggio per collant e abbigliamento da allenamento. La sua capacit\u00e0 di allungarsi mantenendo la forma offre un comfort e una flessibilit\u00e0 senza pari, permettendo totale libert\u00e0 di movimento durante qualsiasi attivit\u00e0 fisica. La robustezza del tessuto garantisce che i capi mantengano forma e aspetto, anche in condizioni di uso intenso.  <\/p>\n\n\n\n<p>Nonostante il suo peso e la sua resistenza, questo tessuto mantiene la morbidezza e l&#8217;elasticit\u00e0 caratteristiche della lycra, garantendo una vestibilit\u00e0 comoda e adattabilit\u00e0 a diversi tipi di corpo. \u00c8 un tessuto versatile che soddisfa una variet\u00e0 di stili ed esigenze, dal design della moda all&#8217;abbigliamento sportivo funzionale. <\/p>\n\n\n\n<p>La maglia di lycra dimostra come qualit\u00e0 e prestazioni possano andare di pari passo nel mondo dei <a href=\"https:\/\/textilfy.es\/tejidos-sinteticos\/\">tessuti sintetici<\/a>. Con il suo peso elevato, la sua resistenza e la flessibilit\u00e0, \u00e8 una scelta ideale per chi desidera creare capi che si distinguano sia per stile che per funzionalit\u00e0. <\/p>\n\n\n\n<p>In conclusione, la nostra maglia di lycra \u00e8 un&#8217;ottima scelta per stilisti e consumatori che apprezzano qualit\u00e0, durata e prestazioni nei loro capi. Che si tratti di costumi da bagno, sport o leggings e leggings, questo tessuto offre una soluzione robusta e di alta qualit\u00e0 per una vasta gamma di applicazioni di moda. <\/p>\n<\/details>\n","protected":false},"excerpt":{"rendered":"<p>Viene utilizzato principalmente per il bagno. Anche per la produzione di abbigliamento sportivo o calzini. Ha molto peso, quindi trasmette grande qualit\u00e0 al prodotto finale.  <\/p>\n","protected":false},"featured_media":287006,"comment_status":"open","ping_status":"closed","template":"","meta":{"inline_featured_image":false},"product_brand":[],"product_cat":[213],"product_tag":[],"class_list":{"0":"post-291803","1":"product","2":"type-product","3":"status-publish","4":"has-post-thumbnail","6":"product_cat-tessuti-sintetici","7":"sales-flash-overlay","8":"woocommerce-text-align-center","9":"woocommerce-image-align-center","10":"do-quantity-buttons","12":"first","13":"instock","14":"taxable","15":"shipping-taxable","16":"purchasable","17":"product-type-variable","18":"has-default-attributes"},"_links":{"self":[{"href":"https:\/\/textilfy.es\/it\/wp-json\/wp\/v2\/product\/291803","targetHints":{"allow":["GET"]}}],"collection":[{"href":"https:\/\/textilfy.es\/it\/wp-json\/wp\/v2\/product"}],"about":[{"href":"https:\/\/textilfy.es\/it\/wp-json\/wp\/v2\/types\/product"}],"replies":[{"embeddable":true,"href":"https:\/\/textilfy.es\/it\/wp-json\/wp\/v2\/comments?post=291803"}],"wp:featuredmedia":[{"embeddable":true,"href":"https:\/\/textilfy.es\/it\/wp-json\/wp\/v2\/media\/287006"}],"wp:attachment":[{"href":"https:\/\/textilfy.es\/it\/wp-json\/wp\/v2\/media?parent=291803"}],"wp:term":[{"taxonomy":"product_brand","embeddable":true,"href":"https:\/\/textilfy.es\/it\/wp-json\/wp\/v2\/product_brand?post=291803"},{"taxonomy":"product_cat","embeddable":true,"href":"https:\/\/textilfy.es\/it\/wp-json\/wp\/v2\/product_cat?post=291803"},{"taxonomy":"product_tag","embeddable":true,"href":"https:\/\/textilfy.es\/it\/wp-json\/wp\/v2\/product_tag?post=291803"}],"curies":[{"name":"wp","href":"https:\/\/api.w.org\/{rel}","templated":true}]}}