{"id":291822,"date":"2023-04-26T16:49:39","date_gmt":"2023-04-26T14:49:39","guid":{"rendered":"https:\/\/textilfy.es\/impresion\/senza-categoria\/lavori-a-maglia-di-lycra-riciclata-grs\/"},"modified":"2026-04-16T11:22:42","modified_gmt":"2026-04-16T09:22:42","slug":"lavori-a-maglia-di-lycra-riciclata-grs","status":"publish","type":"product","link":"https:\/\/textilfy.es\/it\/stampar\/tessuti-sintetici\/lavori-a-maglia-di-lycra-riciclata-grs\/","title":{"rendered":"Lavori a maglia di lycra riciclata GRS"},"content":{"rendered":"\n<details class=\"wp-block-details is-layout-flow wp-block-details-is-layout-flow\"><summary>Il tessuto di lycra riciclato GRS \u00e8 un tessuto innovativo e sostenibile che ridefinisce moda e funzionalit\u00e0. Questo materiale \u00e8 ideale non solo per costumi da bagno, ma anche per una vasta gamma di capi aderenti come leggings e top. Grazie alla sua elasticit\u00e0, si adatta perfettamente al corpo, garantendo comfort e libert\u00e0 di movimento per ogni capo.  <\/summary>\n<p><\/p>\n\n\n\n<p>La versatilit\u00e0 del maglione GRS in lycra riciclato lo rende una scelta eccellente sia per l&#8217;abbigliamento sportivo che per l&#8217;abbigliamento casual. \u00c8 perfetto per chi cerca abbigliamento che si adatti al corpo e offrano alte prestazioni, sia per le attivit\u00e0 sportive che per l&#8217;uso quotidiano. La sua capacit\u00e0 di allungarsi senza perdere la forma garantisce che i capi mantengano la loro vestibilit\u00e0 e l&#8217;aspetto originali nel tempo.  <\/p>\n\n\n\n<p>Oltre all&#8217;abbigliamento esterno, questo maglione in lycra riciclato \u00e8 anche molto popolare come fodera in vari capi. La sua consistenza morbida e il fatto che sia un materiale riciclato lo rendono una scelta consapevole per chi vuole ridurre il proprio impatto ambientale. L&#8217;uso di fibre riciclate nella produzione non solo aiuta a ridurre gli sprechi, ma anche a conservare le risorse naturali, rendendo questo tessuto un&#8217;opzione sostenibile e responsabile.  <\/p>\n\n\n\n<p>Il maglione GRS in lycra riciclato \u00e8 un esempio straordinario di come la moda possa essere ecologica e funzionale. Grazie alla sua morbidezza, elasticit\u00e0 e impegno verso la sostenibilit\u00e0, questo tessuto \u00e8 ideale per designer e consumatori che vogliono combinare stile, comfort e responsabilit\u00e0 ambientale nelle proprie creazioni e scelte di moda. <\/p>\n\n\n\n<p>In breve, la maglia di lycra riciclata GRS \u00e8 pi\u00f9 di un semplice tessuto: \u00e8 una dichiarazione di moda sostenibile e funzionale. Ideale per una variet\u00e0 di applicazioni, dal costume da bagno all&#8217;abbigliamento sportivo e alle fodere, offre un&#8217;eccellente combinazione di comfort, stile e attenzione all&#8217;ambiente. <\/p>\n<\/details>\n","protected":false},"excerpt":{"rendered":"<p>Con la maglia di lycra, oltre a essere valida per il bagno, puoi realizzare altri prodotti come leggings o top. Prodotti che si adattano al corpo grazie alla loro elasticit\u00e0. Spesso la usiamo anche come fodera perch\u00e9 \u00e8 morbida e riciclata.  <\/p>\n","protected":false},"featured_media":289675,"comment_status":"open","ping_status":"closed","template":"","meta":{"inline_featured_image":false},"product_brand":[],"product_cat":[213],"product_tag":[],"class_list":{"0":"post-291822","1":"product","2":"type-product","3":"status-publish","4":"has-post-thumbnail","6":"product_cat-tessuti-sintetici","7":"sales-flash-overlay","8":"woocommerce-text-align-center","9":"woocommerce-image-align-center","10":"do-quantity-buttons","12":"first","13":"instock","14":"taxable","15":"shipping-taxable","16":"purchasable","17":"product-type-variable","18":"has-default-attributes"},"_links":{"self":[{"href":"https:\/\/textilfy.es\/it\/wp-json\/wp\/v2\/product\/291822","targetHints":{"allow":["GET"]}}],"collection":[{"href":"https:\/\/textilfy.es\/it\/wp-json\/wp\/v2\/product"}],"about":[{"href":"https:\/\/textilfy.es\/it\/wp-json\/wp\/v2\/types\/product"}],"replies":[{"embeddable":true,"href":"https:\/\/textilfy.es\/it\/wp-json\/wp\/v2\/comments?post=291822"}],"wp:featuredmedia":[{"embeddable":true,"href":"https:\/\/textilfy.es\/it\/wp-json\/wp\/v2\/media\/289675"}],"wp:attachment":[{"href":"https:\/\/textilfy.es\/it\/wp-json\/wp\/v2\/media?parent=291822"}],"wp:term":[{"taxonomy":"product_brand","embeddable":true,"href":"https:\/\/textilfy.es\/it\/wp-json\/wp\/v2\/product_brand?post=291822"},{"taxonomy":"product_cat","embeddable":true,"href":"https:\/\/textilfy.es\/it\/wp-json\/wp\/v2\/product_cat?post=291822"},{"taxonomy":"product_tag","embeddable":true,"href":"https:\/\/textilfy.es\/it\/wp-json\/wp\/v2\/product_tag?post=291822"}],"curies":[{"name":"wp","href":"https:\/\/api.w.org\/{rel}","templated":true}]}}