{"id":291847,"date":"2023-04-26T16:48:58","date_gmt":"2023-04-26T14:48:58","guid":{"rendered":"https:\/\/textilfy.es\/impresion\/senza-categoria\/cotone-biologico-a-maglia\/"},"modified":"2026-04-16T11:22:53","modified_gmt":"2026-04-16T09:22:53","slug":"cotone-biologico-a-maglia","status":"publish","type":"product","link":"https:\/\/textilfy.es\/it\/stampar\/tessuti-naturali\/cotone-biologico-a-maglia\/","title":{"rendered":"Cotone biologico a maglia"},"content":{"rendered":"\n<details class=\"wp-block-details is-layout-flow wp-block-details-is-layout-flow\"><summary>La maglia di cotone biologico \u00e8 una scelta primaria nel campo dell&#8217;abbigliamento, soprattutto per le T-shirt, grazie alla sua qualit\u00e0 superiore e sostenibilit\u00e0. Realizzato con filato biologico, questo tessuto non solo rispetta l&#8217;ambiente, ma offre anche un&#8217;esperienza di indossare eccezionale. <\/summary>\n<p><\/p>\n\n\n\n<p>Il suo peso straordinario conferisce una sensazione di alta qualit\u00e0 ai capi ready-made, fornendo una texture opaca e resistente, ideale per t-shirt che si distinguono sia per la loro durabilit\u00e0 che per il comfort. La produzione di questo tessuto su macchine circolari gli conferisce elasticit\u00e0 in una direzione, che facilita l&#8217;adattamento al corpo senza sacrificare la forma o l&#8217;integrit\u00e0 del tessuto. <\/p>\n\n\n\n<p>La versatilit\u00e0 della maglia di cotone biologico va oltre le t-shirt. \u00c8 perfetto per realizzare una variet\u00e0 di capi, tra cui pigiami leggeri, vestiti da neonato, pantaloni da yoga e vestiti. Questa versatilit\u00e0 lo rende un tessuto molto richiesto per una vasta gamma di applicazioni sia casual che confortevoli.  <\/p>\n\n\n\n<p>Scegliendo abbigliamento a maglia di cotone biologico, designer e consumatori fanno una scelta consapevole verso la sostenibilit\u00e0. Dando priorit\u00e0 all&#8217;uso di materiali organici, contribuisce a ridurre l&#8217;impatto ambientale dell&#8217;industria tessile, garantendo al contempo che i capi siano sicuri e confortevoli per tutti gli utilizzatori, compresi quelli con pelle sensibile. <\/p>\n\n\n\n<p>In breve, la maglia di cotone biologico \u00e8 un tessuto eccezionale sia per la sua qualit\u00e0 sia per il suo impegno verso la sostenibilit\u00e0. Con il suo tocco morbido, la sua durabilit\u00e0 e versatilit\u00e0 nelle applicazioni, \u00e8 una scelta ideale all&#8217;interno <a href=\"https:\/\/textilfy.es\/it\/tessuti-naturali\/\">dei tessuti naturali<\/a> per una variet\u00e0 di capi, offrendo comfort e stile senza compromettere i valori ecologici. <\/p>\n<\/details>\n","protected":false},"excerpt":{"rendered":"","protected":false},"featured_media":262255,"comment_status":"open","ping_status":"closed","template":"","meta":{"inline_featured_image":false},"product_brand":[],"product_cat":[235],"product_tag":[],"class_list":{"0":"post-291847","1":"product","2":"type-product","3":"status-publish","4":"has-post-thumbnail","6":"product_cat-tessuti-naturali","7":"sales-flash-overlay","8":"woocommerce-text-align-center","9":"woocommerce-image-align-center","10":"do-quantity-buttons","12":"first","13":"instock","14":"taxable","15":"shipping-taxable","16":"purchasable","17":"product-type-variable","18":"has-default-attributes"},"_links":{"self":[{"href":"https:\/\/textilfy.es\/it\/wp-json\/wp\/v2\/product\/291847","targetHints":{"allow":["GET"]}}],"collection":[{"href":"https:\/\/textilfy.es\/it\/wp-json\/wp\/v2\/product"}],"about":[{"href":"https:\/\/textilfy.es\/it\/wp-json\/wp\/v2\/types\/product"}],"replies":[{"embeddable":true,"href":"https:\/\/textilfy.es\/it\/wp-json\/wp\/v2\/comments?post=291847"}],"wp:featuredmedia":[{"embeddable":true,"href":"https:\/\/textilfy.es\/it\/wp-json\/wp\/v2\/media\/262255"}],"wp:attachment":[{"href":"https:\/\/textilfy.es\/it\/wp-json\/wp\/v2\/media?parent=291847"}],"wp:term":[{"taxonomy":"product_brand","embeddable":true,"href":"https:\/\/textilfy.es\/it\/wp-json\/wp\/v2\/product_brand?post=291847"},{"taxonomy":"product_cat","embeddable":true,"href":"https:\/\/textilfy.es\/it\/wp-json\/wp\/v2\/product_cat?post=291847"},{"taxonomy":"product_tag","embeddable":true,"href":"https:\/\/textilfy.es\/it\/wp-json\/wp\/v2\/product_tag?post=291847"}],"curies":[{"name":"wp","href":"https:\/\/api.w.org\/{rel}","templated":true}]}}