{"id":291883,"date":"2023-04-26T16:48:47","date_gmt":"2023-04-26T14:48:47","guid":{"rendered":"https:\/\/textilfy.es\/impresion\/senza-categoria\/cotton-poplin\/"},"modified":"2026-04-16T11:22:54","modified_gmt":"2026-04-16T09:22:54","slug":"cotton-poplin","status":"publish","type":"product","link":"https:\/\/textilfy.es\/it\/stampar\/tessuti-naturali\/cotton-poplin\/","title":{"rendered":"Cotton Poplin"},"content":{"rendered":"\n<details class=\"wp-block-details is-layout-flow wp-block-details-is-layout-flow\"><summary>Il popelina di cotone \u00e8 un tessuto classico molto apprezzato nel mondo dell&#8217;abbigliamento, specialmente nella confezione di camicie e nel patchwork. Questo tessuto, noto per la sua morbidezza e il tocco piacevole, \u00e8 realizzato al 100% cotone e ha un peso di 98 gr\/m2, rendendolo ideale per una variet\u00e0 di applicazioni modarie. <\/summary>\n<p><\/p>\n\n\n\n<p>Con una larghezza di 145 cm, il popeline di cotone \u00e8 perfetto per realizzare abbigliamento e abbigliamento per bambini. La sua consistenza rigida e traspirabilit\u00e0 la rendono particolarmente raccomandata per la moda femminile e maschile, inclusi camicie, vestiti e camicette. La sua capacit\u00e0 di mantenere una buona caduta e un aspetto impeccabile lo rende una scelta eccellente anche per abbigliamento da lavoro e uniformi.  <\/p>\n\n\n\n<p>Durante la stagione estiva, la freschezza e il comfort forniti dal popeline di cotone sono impareggiabili, grazie alla sua consistenza leggera e alla capacit\u00e0 di sudare. Inoltre, la sua versatilit\u00e0 la rende adatta a una vasta gamma di stili e design, dall&#8217;abbigliamento casual a capi pi\u00f9 formali. <\/p>\n\n\n\n<p>In conclusione, il popeline di cotone \u00e8 un tessuto essenziale nell&#8217;industria della moda, apprezzato per la sua qualit\u00e0, versatilit\u00e0 e comfort. Che si tratti di uso quotidiano, moda per bambini, abbigliamento formale o divise, il popeline di cotone offre una soluzione elegante e pratica per varie esigenze di abbigliamento, <a href=\"https:\/\/textilfy.es\/it\/tessuti-naturali\/\">distinguendosi tra i tessuti naturali<\/a> pi\u00f9 affidabili. <\/p>\n<\/details>\n","protected":false},"excerpt":{"rendered":"","protected":false},"featured_media":262253,"comment_status":"open","ping_status":"closed","template":"","meta":{"inline_featured_image":false},"product_brand":[],"product_cat":[235],"product_tag":[],"class_list":{"0":"post-291883","1":"product","2":"type-product","3":"status-publish","4":"has-post-thumbnail","6":"product_cat-tessuti-naturali","7":"sales-flash-overlay","8":"woocommerce-text-align-center","9":"woocommerce-image-align-center","10":"do-quantity-buttons","12":"first","13":"instock","14":"taxable","15":"shipping-taxable","16":"purchasable","17":"product-type-variable","18":"has-default-attributes"},"_links":{"self":[{"href":"https:\/\/textilfy.es\/it\/wp-json\/wp\/v2\/product\/291883","targetHints":{"allow":["GET"]}}],"collection":[{"href":"https:\/\/textilfy.es\/it\/wp-json\/wp\/v2\/product"}],"about":[{"href":"https:\/\/textilfy.es\/it\/wp-json\/wp\/v2\/types\/product"}],"replies":[{"embeddable":true,"href":"https:\/\/textilfy.es\/it\/wp-json\/wp\/v2\/comments?post=291883"}],"wp:featuredmedia":[{"embeddable":true,"href":"https:\/\/textilfy.es\/it\/wp-json\/wp\/v2\/media\/262253"}],"wp:attachment":[{"href":"https:\/\/textilfy.es\/it\/wp-json\/wp\/v2\/media?parent=291883"}],"wp:term":[{"taxonomy":"product_brand","embeddable":true,"href":"https:\/\/textilfy.es\/it\/wp-json\/wp\/v2\/product_brand?post=291883"},{"taxonomy":"product_cat","embeddable":true,"href":"https:\/\/textilfy.es\/it\/wp-json\/wp\/v2\/product_cat?post=291883"},{"taxonomy":"product_tag","embeddable":true,"href":"https:\/\/textilfy.es\/it\/wp-json\/wp\/v2\/product_tag?post=291883"}],"curies":[{"name":"wp","href":"https:\/\/api.w.org\/{rel}","templated":true}]}}