{"id":291920,"date":"2023-04-26T16:48:37","date_gmt":"2023-04-26T14:48:37","guid":{"rendered":"https:\/\/textilfy.es\/impresion\/senza-categoria\/poplin-gots\/"},"modified":"2026-04-16T11:23:06","modified_gmt":"2026-04-16T09:23:06","slug":"poplin-gots","status":"publish","type":"product","link":"https:\/\/textilfy.es\/it\/stampar\/tessuti-naturali\/poplin-gots\/","title":{"rendered":"Poplin GOTS"},"content":{"rendered":"\n<details class=\"wp-block-details is-layout-flow wp-block-details-is-layout-flow\"><summary>Il popelina GOTS \u00e8 un&#8217;evoluzione sostenibile del tessuto classico del poplino. Con la certificazione GOTS (Global Organic Textile Standard), questo tessuto non solo mantiene le qualit\u00e0 del poplino tradizionale, come morbidezza, buona caduta e tocco piacevole, ma garantisce anche che la sua produzione rispetti i pi\u00f9 alti standard ecologici e sociali. <\/summary>\n<p><br\/><\/p>\n\n\n\n<p>Realizzato in cotone GOTS 100% biologico e con un peso di 114 gr\/m2, questo tessuto GOTS in popelina largo 145 cm \u00e8 perfetto per una variet\u00e0 di applicazioni fashion. \u00c8 ideale per realizzare abbigliamento per donne, uomini e bambini, inclusi camicie, vestiti, camicette e abbigliamento per bambini, grazie alla sua consistenza leggera, traspirabilit\u00e0 e comfort, specialmente nei mesi pi\u00f9 caldi. Inoltre, il suo aspetto impeccabile lo rende adatto sia per abbigliamento da lavoro che per uniformi.  <br\/><br\/>Durante la stagione estiva, la freschezza e il comfort offerti dal popelina GOTS sono impareggiabili, grazie alla capacit\u00e0 di garantire la traspirabilit\u00e0. Inoltre, la sua versatilit\u00e0 la rende adatta a una vasta gamma di stili e design, dall&#8217;abbigliamento casual a capi pi\u00f9 formali. <\/p>\n\n\n\n<p>Scegliendo il popeline di cotone biologico GOTS, designer e consumatori prendono una decisione consapevole verso la moda sostenibile, sostenendo pratiche che rispettano l&#8217;ambiente e l&#8217;etica del lavoro. Questa scelta riflette un impegno per la qualit\u00e0, la sostenibilit\u00e0 e il benessere globale, riaffermando il valore dei <a href=\"https:\/\/textilfy.es\/it\/tessuti-naturali\/\">tessuti naturali<\/a> in modo responsabile. <\/p>\n<\/details>\n","protected":false},"excerpt":{"rendered":"","protected":false},"featured_media":262251,"comment_status":"open","ping_status":"closed","template":"","meta":{"inline_featured_image":false},"product_brand":[],"product_cat":[235],"product_tag":[],"class_list":{"0":"post-291920","1":"product","2":"type-product","3":"status-publish","4":"has-post-thumbnail","6":"product_cat-tessuti-naturali","7":"sales-flash-overlay","8":"woocommerce-text-align-center","9":"woocommerce-image-align-center","10":"do-quantity-buttons","12":"first","13":"instock","14":"taxable","15":"shipping-taxable","16":"purchasable","17":"product-type-variable","18":"has-default-attributes"},"_links":{"self":[{"href":"https:\/\/textilfy.es\/it\/wp-json\/wp\/v2\/product\/291920","targetHints":{"allow":["GET"]}}],"collection":[{"href":"https:\/\/textilfy.es\/it\/wp-json\/wp\/v2\/product"}],"about":[{"href":"https:\/\/textilfy.es\/it\/wp-json\/wp\/v2\/types\/product"}],"replies":[{"embeddable":true,"href":"https:\/\/textilfy.es\/it\/wp-json\/wp\/v2\/comments?post=291920"}],"wp:featuredmedia":[{"embeddable":true,"href":"https:\/\/textilfy.es\/it\/wp-json\/wp\/v2\/media\/262251"}],"wp:attachment":[{"href":"https:\/\/textilfy.es\/it\/wp-json\/wp\/v2\/media?parent=291920"}],"wp:term":[{"taxonomy":"product_brand","embeddable":true,"href":"https:\/\/textilfy.es\/it\/wp-json\/wp\/v2\/product_brand?post=291920"},{"taxonomy":"product_cat","embeddable":true,"href":"https:\/\/textilfy.es\/it\/wp-json\/wp\/v2\/product_cat?post=291920"},{"taxonomy":"product_tag","embeddable":true,"href":"https:\/\/textilfy.es\/it\/wp-json\/wp\/v2\/product_tag?post=291920"}],"curies":[{"name":"wp","href":"https:\/\/api.w.org\/{rel}","templated":true}]}}