{"id":291932,"date":"2023-04-26T16:48:18","date_gmt":"2023-04-26T14:48:18","guid":{"rendered":"https:\/\/textilfy.es\/impresion\/senza-categoria\/micropoliester-grs\/"},"modified":"2026-04-16T11:23:06","modified_gmt":"2026-04-16T09:23:06","slug":"micropoliester-grs","status":"publish","type":"product","link":"https:\/\/textilfy.es\/it\/stampar\/tessuti-sintetici\/micropoliester-grs\/","title":{"rendered":"Micropoliester GRS"},"content":{"rendered":"\n<details class=\"wp-block-details is-layout-flow wp-block-details-is-layout-flow\"><summary>Il micropoliestere GRS in poliestere riciclato \u00e8 un tessuto innovativo ed ecologico che rappresenta una perfetta fusione tra sostenibilit\u00e0 e funzionalit\u00e0. Con la certificazione GRS (Global Recycled Standard), questo materiale non solo garantisce l&#8217;uso del poliestere riciclato, ma garantisce anche pratiche ecologiche nella sua produzione. <\/summary>\n<p><br\/><\/p>\n\n\n\n<p>Questo tessuto, 110 g\/m2 e largo 147 cm, \u00e8 una microfibra economica nota per il suo eccellente tocco. Il suo tessuto taffet\u00e0 lo rende ideale per realizzare capi sportivi e casual, come costumi da bagno da uomo, grazie alla sua funzione di asciugatura rapida. Inoltre, la sua versatilit\u00e0 lo rende un tessuto preferito per molteplici applicazioni, dalla moda agli articoli di uso quotidiano come gli accessori.  <\/p>\n\n\n\n<p>Una caratteristica distintiva del micropoliestere GRS \u00e8 la finezza delle sue fibre. Queste fibre sempre pi\u00f9 fini rispetto ad altre variet\u00e0 <a href=\"https:\/\/textilfy.es\/tejidos-sinteticos\/\">di tessuti sintetici in poliestere<\/a> conferiscono al tessuto una consistenza morbida e un aspetto pi\u00f9 raffinato e vellutato. Questa qualit\u00e0 la rende particolarmente attraente per chi cerca una combinazione di comfort, stile e sostenibilit\u00e0.  <\/p>\n\n\n\n<p>In sintesi, il micropoliestere GRS \u00e8 una scelta eccezionale per un&#8217;ampia gamma di applicazioni, offrendo qualit\u00e0, sostenibilit\u00e0, prezzo e versatilit\u00e0. La sua certificazione GRS non solo riflette un impegno verso l&#8217;ambiente, ma garantisce anche alta qualit\u00e0 e durata nel prodotto finale. <\/p>\n<\/details>\n","protected":false},"excerpt":{"rendered":"<p>Microfibra economica con un buon tocco. La tessitura di taffet\u00e0, ideale per realizzare capi come costumi da bagno per bambini e come tessuto da combattimento per applicazioni multiple. <\/p>\n","protected":false},"featured_media":287047,"comment_status":"open","ping_status":"closed","template":"","meta":{"inline_featured_image":false},"product_brand":[],"product_cat":[213],"product_tag":[],"class_list":{"0":"post-291932","1":"product","2":"type-product","3":"status-publish","4":"has-post-thumbnail","6":"product_cat-tessuti-sintetici","7":"sales-flash-overlay","8":"woocommerce-text-align-center","9":"woocommerce-image-align-center","10":"do-quantity-buttons","12":"first","13":"instock","14":"taxable","15":"shipping-taxable","16":"purchasable","17":"product-type-variable","18":"has-default-attributes"},"_links":{"self":[{"href":"https:\/\/textilfy.es\/it\/wp-json\/wp\/v2\/product\/291932","targetHints":{"allow":["GET"]}}],"collection":[{"href":"https:\/\/textilfy.es\/it\/wp-json\/wp\/v2\/product"}],"about":[{"href":"https:\/\/textilfy.es\/it\/wp-json\/wp\/v2\/types\/product"}],"replies":[{"embeddable":true,"href":"https:\/\/textilfy.es\/it\/wp-json\/wp\/v2\/comments?post=291932"}],"wp:featuredmedia":[{"embeddable":true,"href":"https:\/\/textilfy.es\/it\/wp-json\/wp\/v2\/media\/287047"}],"wp:attachment":[{"href":"https:\/\/textilfy.es\/it\/wp-json\/wp\/v2\/media?parent=291932"}],"wp:term":[{"taxonomy":"product_brand","embeddable":true,"href":"https:\/\/textilfy.es\/it\/wp-json\/wp\/v2\/product_brand?post=291932"},{"taxonomy":"product_cat","embeddable":true,"href":"https:\/\/textilfy.es\/it\/wp-json\/wp\/v2\/product_cat?post=291932"},{"taxonomy":"product_tag","embeddable":true,"href":"https:\/\/textilfy.es\/it\/wp-json\/wp\/v2\/product_tag?post=291932"}],"curies":[{"name":"wp","href":"https:\/\/api.w.org\/{rel}","templated":true}]}}