{"id":291956,"date":"2023-04-26T16:48:28","date_gmt":"2023-04-26T14:48:28","guid":{"rendered":"https:\/\/textilfy.es\/impresion\/senza-categoria\/gots-muslin\/"},"modified":"2026-04-16T11:23:07","modified_gmt":"2026-04-16T09:23:07","slug":"gots-muslin","status":"publish","type":"product","link":"https:\/\/textilfy.es\/it\/stampar\/tessuti-naturali\/gots-muslin\/","title":{"rendered":"GOTS Muslin"},"content":{"rendered":"\n<details class=\"wp-block-details is-layout-flow wp-block-details-is-layout-flow\"><summary>La mussola di cotone biologica GOTS \u00e8 un tessuto essenziale per la cura e il comfort dei neonati, riconosciuto per la sua straordinaria morbidezza e delicatezza al tatto. Questo tessuto, certificato dal Global Organic Textile Standard (GOTS), garantisce non solo una qualit\u00e0 superiore ma anche un impegno verso pratiche sostenibili ed etiche nella sua produzione. <\/summary>\n<p>\n<\/p>\n\n\n<p>Il design caratteristico della mussolina, con il suo motivo a griglia, non \u00e8 solo esteticamente gradevole, ma contribuisce anche alla sua funzionalit\u00e0. Questo tessuto \u00e8 incredibilmente morbido, il che lo rende ideale per il contatto con le pelli pi\u00f9 sensibili, come i neonati. <\/p>\n\n\n\n<p>Con un focus sulla sostenibilit\u00e0, la mussola GOTS in cotone biologico \u00e8 la scelta perfetta per genitori e caregiver attenti all&#8217;ambiente. Il suo utilizzo va oltre i prodotti per bambini, essendo una scelta popolare nella moda sostenibile e nella creazione di prodotti tessili dove qualit\u00e0 e responsabilit\u00e0 ecologica sono prioritarie. <\/p>\n\n\n\n<p>In sintesi, la mussola di cotone biologica GOTS \u00e8 un tessuto ideale per applicazioni in cui \u00e8 necessario un tessuto morbido, sicuro e sostenibile. La sua certificazione GOTS garantisce che i pi\u00f9 alti standard vengano rispettati in ogni fase della produzione, rendendolo un&#8217;opzione affidabile ed ecologica, posizionandolo come uno dei <a href=\"https:\/\/textilfy.es\/it\/tessuti-naturali\/\">tessuti naturali pi\u00f9 apprezzati<\/a> . <\/p>\n<\/details>\n","protected":false},"excerpt":{"rendered":"<p>Tipica mussola per i neonati con il suo caratteristico motivo a griglia. Molto piacevole al tatto e morbida per permettere di entrare a contatto con la pelle pi\u00f9 sensibile. <\/p>\n","protected":false},"featured_media":287985,"comment_status":"open","ping_status":"closed","template":"","meta":{"inline_featured_image":false},"product_brand":[],"product_cat":[235],"product_tag":[],"class_list":{"0":"post-291956","1":"product","2":"type-product","3":"status-publish","4":"has-post-thumbnail","6":"product_cat-tessuti-naturali","7":"sales-flash-overlay","8":"woocommerce-text-align-center","9":"woocommerce-image-align-center","10":"do-quantity-buttons","12":"first","13":"instock","14":"taxable","15":"shipping-taxable","16":"purchasable","17":"product-type-variable","18":"has-default-attributes"},"_links":{"self":[{"href":"https:\/\/textilfy.es\/it\/wp-json\/wp\/v2\/product\/291956","targetHints":{"allow":["GET"]}}],"collection":[{"href":"https:\/\/textilfy.es\/it\/wp-json\/wp\/v2\/product"}],"about":[{"href":"https:\/\/textilfy.es\/it\/wp-json\/wp\/v2\/types\/product"}],"replies":[{"embeddable":true,"href":"https:\/\/textilfy.es\/it\/wp-json\/wp\/v2\/comments?post=291956"}],"wp:featuredmedia":[{"embeddable":true,"href":"https:\/\/textilfy.es\/it\/wp-json\/wp\/v2\/media\/287985"}],"wp:attachment":[{"href":"https:\/\/textilfy.es\/it\/wp-json\/wp\/v2\/media?parent=291956"}],"wp:term":[{"taxonomy":"product_brand","embeddable":true,"href":"https:\/\/textilfy.es\/it\/wp-json\/wp\/v2\/product_brand?post=291956"},{"taxonomy":"product_cat","embeddable":true,"href":"https:\/\/textilfy.es\/it\/wp-json\/wp\/v2\/product_cat?post=291956"},{"taxonomy":"product_tag","embeddable":true,"href":"https:\/\/textilfy.es\/it\/wp-json\/wp\/v2\/product_tag?post=291956"}],"curies":[{"name":"wp","href":"https:\/\/api.w.org\/{rel}","templated":true}]}}