{"id":291968,"date":"2023-04-26T16:47:59","date_gmt":"2023-04-26T14:47:59","guid":{"rendered":"https:\/\/textilfy.es\/impresion\/senza-categoria\/gots-tela-di-cotone\/"},"modified":"2026-04-16T11:23:18","modified_gmt":"2026-04-16T09:23:18","slug":"gots-tela-di-cotone","status":"publish","type":"product","link":"https:\/\/textilfy.es\/it\/stampar\/tessuti-naturali\/gots-tela-di-cotone\/","title":{"rendered":"GOTS tela di cotone"},"content":{"rendered":"\n<details class=\"wp-block-details is-layout-flow wp-block-details-is-layout-flow\"><summary>La nostra tela GOTS \u00e8 un prodotto eccezionale, ideale per chi cerca un tessuto di alta qualit\u00e0, sostenibile e versatile. Con la sua certificazione GOTS (Global Organic Textile Standard), questa tela garantisce che sia stata prodotta secondo i pi\u00f9 alti standard ecologici e sociali. L&#8217;uso della lana non sbiancata conferisce un aspetto naturale e unico, con tonalit\u00e0 che ricordano il tabacco, offrendo una bellezza organica e autentica.  <\/summary>\n<p>\n<\/p>\n\n\n<p>La stampa digitale di questa tela di cotone biologico si fonde perfettamente con il tessuto, offrendo una finitura naturale e sottile. A differenza dei tessuti bianchi, dove i colori possono sembrare pi\u00f9 intensi, in questa tela i colori sono presentati con un&#8217;eleganza discreta che ne valorizza il carattere organico.   <\/p>\n\n\n\n<p>Questo tessuto di cotone \u00e8 ideale per creare una vasta gamma di prodotti durevoli e pratici. \u00c8 perfetto per realizzare borse ecologiche, sacchi di stoffa, zaini, borse, coperture, tele per pittura e lavori manuali. La sua robustezza e resistenza all&#8217;usura la rendono particolarmente adatta per articoli che richiedono durabilit\u00e0.    <\/p>\n\n\n\n<p>Con una composizione 100% cotone biologico, questa tela si distingue per la sua rigidit\u00e0 e robustezza, rappresentando un&#8217;opzione affidabile per progetti di cucito che richiedono un tessuto ad alta resistenza. Inoltre, la sua origine ecologica ne garantisce un&#8217;opzione ecologica, perfetta per i consumatori attenti all&#8217;ambiente.   <\/p>\n\n\n\n<p>In sintesi, il telo GOTS \u00e8 un&#8217;ottima scelta per chi apprezza qualit\u00e0, sostenibilit\u00e0 e versatilit\u00e0. La sua bellezza naturale, la resistenza e l&#8217;eco-certificazione lo rendono un tessuto indispensabile tra <a href=\"https:\/\/textilfy.es\/it\/tessuti-naturali\/\">i tessuti naturali<\/a> per una vasta gamma di progetti creativi e pratici. <\/p>\n<\/details>\n","protected":false},"excerpt":{"rendered":"<blockquote>\n<p>&nbsp;<\/p>\n<\/blockquote>\n","protected":false},"featured_media":289654,"comment_status":"open","ping_status":"closed","template":"","meta":{"inline_featured_image":false},"product_brand":[],"product_cat":[235],"product_tag":[],"class_list":{"0":"post-291968","1":"product","2":"type-product","3":"status-publish","4":"has-post-thumbnail","6":"product_cat-tessuti-naturali","7":"sales-flash-overlay","8":"woocommerce-text-align-center","9":"woocommerce-image-align-center","10":"do-quantity-buttons","12":"first","13":"instock","14":"taxable","15":"shipping-taxable","16":"purchasable","17":"product-type-variable","18":"has-default-attributes"},"_links":{"self":[{"href":"https:\/\/textilfy.es\/it\/wp-json\/wp\/v2\/product\/291968","targetHints":{"allow":["GET"]}}],"collection":[{"href":"https:\/\/textilfy.es\/it\/wp-json\/wp\/v2\/product"}],"about":[{"href":"https:\/\/textilfy.es\/it\/wp-json\/wp\/v2\/types\/product"}],"replies":[{"embeddable":true,"href":"https:\/\/textilfy.es\/it\/wp-json\/wp\/v2\/comments?post=291968"}],"wp:featuredmedia":[{"embeddable":true,"href":"https:\/\/textilfy.es\/it\/wp-json\/wp\/v2\/media\/289654"}],"wp:attachment":[{"href":"https:\/\/textilfy.es\/it\/wp-json\/wp\/v2\/media?parent=291968"}],"wp:term":[{"taxonomy":"product_brand","embeddable":true,"href":"https:\/\/textilfy.es\/it\/wp-json\/wp\/v2\/product_brand?post=291968"},{"taxonomy":"product_cat","embeddable":true,"href":"https:\/\/textilfy.es\/it\/wp-json\/wp\/v2\/product_cat?post=291968"},{"taxonomy":"product_tag","embeddable":true,"href":"https:\/\/textilfy.es\/it\/wp-json\/wp\/v2\/product_tag?post=291968"}],"curies":[{"name":"wp","href":"https:\/\/api.w.org\/{rel}","templated":true}]}}