{"id":291982,"date":"2023-04-26T16:47:41","date_gmt":"2023-04-26T14:47:41","guid":{"rendered":"https:\/\/textilfy.es\/impresion\/senza-categoria\/cotone-canvas-315\/"},"modified":"2026-04-16T11:23:18","modified_gmt":"2026-04-16T09:23:18","slug":"cotone-canvas-315","status":"publish","type":"product","link":"https:\/\/textilfy.es\/it\/stampar\/tessuti-naturali\/cotone-canvas-315\/","title":{"rendered":"Cotone Canvas 315"},"content":{"rendered":"\n<details class=\"wp-block-details is-layout-flow wp-block-details-is-layout-flow\"><summary>La tela di cotone che offriamo \u00e8 un tessuto di qualit\u00e0 e resistenza eccezionali, perfetto per realizzare una vasta gamma di accessori e borse. Questa tela di cotone, che pesa 315 grammi e ha una larghezza stampabile di 155 cm, \u00e8 un materiale robusto e durevole, ideale per progetti che richiedono un tessuto resistente e affidabile. <br><\/summary>\n<p>Una delle caratteristiche pi\u00f9 notevoli della nostra tela di cotone \u00e8 che viene presentata come viene dal telaio, senza finiture aggiuntive.<\/p>\n\n\n\n<p>Questa naturalezza non solo garantisce la purezza del materiale, ma porta anche un grande senso di qualit\u00e0 al prodotto finale. I colori di questa tela hanno un effetto simile a quello della stampa su tela, conferendo a ogni disegno un aspetto artistico e raffinato. Questa tela di cotone \u00e8 particolarmente adatta per creare prodotti sostenibili. Da accessori di moda come borse, zaini e portafogli, a oggetti pi\u00f9 utilitari come custodie, custodie e oggetti decorativi.   <\/p>\n\n\n\n<p>Inoltre, l&#8217;uso del cotone in questa tela garantisce un tocco piacevole e un grande comfort per l&#8217;uso quotidiano, rendendo gli oggetti creati con questa tela non solo pratici, ma anche piacevoli al tatto e alla vista.<\/p>\n\n\n\n<p>La nostra tela di cotone \u00e8 un&#8217;ottima scelta per chi cerca un tessuto di alta qualit\u00e0, resistente e versatile. Ideale per una variet\u00e0 di progetti creativi e pratici, questa tela aggiunger\u00e0 un tocco di eleganza e durabilit\u00e0 a qualsiasi creazione, assicurando che i prodotti finali siano attraenti e funzionali. <\/p>\n\n\n\n<p>Questo tessuto, a causa del suo peso e del fatto che non riceve alcun tipo di trattamento, richiede un lavaggio attento a mano. Non consigliamo lavarla in lavatrice. <\/p>\n<\/details>\n","protected":false},"excerpt":{"rendered":"<p>Molto resistenti e resistenti con cui puoi realizzare innumerevoli accessori e borse. Proprio come esce dal telaio, senza finiture. Trasmette un alto senso di qualit\u00e0 al prodotto finale. I colori lasciano un effetto simile a quello della stampa su tela.   <\/p>\n","protected":false},"featured_media":289648,"comment_status":"open","ping_status":"closed","template":"","meta":{"inline_featured_image":false},"product_brand":[],"product_cat":[235],"product_tag":[],"class_list":{"0":"post-291982","1":"product","2":"type-product","3":"status-publish","4":"has-post-thumbnail","6":"product_cat-tessuti-naturali","7":"sales-flash-overlay","8":"woocommerce-text-align-center","9":"woocommerce-image-align-center","10":"do-quantity-buttons","12":"first","13":"instock","14":"taxable","15":"shipping-taxable","16":"purchasable","17":"product-type-variable","18":"has-default-attributes"},"_links":{"self":[{"href":"https:\/\/textilfy.es\/it\/wp-json\/wp\/v2\/product\/291982","targetHints":{"allow":["GET"]}}],"collection":[{"href":"https:\/\/textilfy.es\/it\/wp-json\/wp\/v2\/product"}],"about":[{"href":"https:\/\/textilfy.es\/it\/wp-json\/wp\/v2\/types\/product"}],"replies":[{"embeddable":true,"href":"https:\/\/textilfy.es\/it\/wp-json\/wp\/v2\/comments?post=291982"}],"wp:featuredmedia":[{"embeddable":true,"href":"https:\/\/textilfy.es\/it\/wp-json\/wp\/v2\/media\/289648"}],"wp:attachment":[{"href":"https:\/\/textilfy.es\/it\/wp-json\/wp\/v2\/media?parent=291982"}],"wp:term":[{"taxonomy":"product_brand","embeddable":true,"href":"https:\/\/textilfy.es\/it\/wp-json\/wp\/v2\/product_brand?post=291982"},{"taxonomy":"product_cat","embeddable":true,"href":"https:\/\/textilfy.es\/it\/wp-json\/wp\/v2\/product_cat?post=291982"},{"taxonomy":"product_tag","embeddable":true,"href":"https:\/\/textilfy.es\/it\/wp-json\/wp\/v2\/product_tag?post=291982"}],"curies":[{"name":"wp","href":"https:\/\/api.w.org\/{rel}","templated":true}]}}