{"id":292021,"date":"2023-04-26T16:47:50","date_gmt":"2023-04-26T14:47:50","guid":{"rendered":"https:\/\/textilfy.es\/impresion\/senza-categoria\/tela-spessa-ultimi-metri\/"},"modified":"2026-04-16T11:23:19","modified_gmt":"2026-04-16T09:23:19","slug":"tela-spessa-ultimi-metri","status":"publish","type":"product","link":"https:\/\/textilfy.es\/it\/stampar\/tessuti-sintetici\/tela-spessa-ultimi-metri\/","title":{"rendered":"Tela spessa Ultimi metri!"},"content":{"rendered":"<div class=\"gb-container gb-container-beb60617\">\n<div class=\"gb-container gb-container-54298b5e\">\n\n<details class=\"wp-block-details is-layout-flow wp-block-details-is-layout-flow\"><summary>Ultimi metri di scorte prima di interrompere il prodotto. La tela spessa \u00e8 un tessuto robusto e versatile, ideale per una vasta gamma di applicazioni. Con un peso di 318 grammi e una larghezza di 140 cm, questa tela \u00e8 stata inizialmente progettata per la tappezzeria, grazie alla sua resistenza e durata. Oggi, il suo utilizzo si \u00e8 esteso alla produzione di accessori e articoli per la casa.   <\/summary>\n<p><\/p>\n\n\n\n<p>La tela spessa \u00e8 caratterizzata dalla sua trama molto marcata, che le conferisce una texture distintiva e un aspetto di qualit\u00e0 premium. Il suo colore di sfondo bianco ottico non solo offre una base luminosa e versatile per una variet\u00e0 di disegni, ma mette anche in risalto i colori e i motivi applicati sopra. Come parte dei <a href=\"https:\/\/textilfy.es\/tejidos-sinteticos\/\">tessuti sintetici<\/a>, unisce robustezza ed estetica, ideale per progetti che richiedono durabilit\u00e0.  <\/p>\n\n\n\n<p>Questo tessuto \u00e8 un&#8217;ottima scelta per chi cerca un materiale resistente ed estetico per i propri progetti di tappezzeria, decorazione o produzione di accessori. Il suo spessore e la sua consistenza lo rendono adatto a prodotti che richiedono durabilit\u00e0 e un tocco di eleganza, come copricuscini, tende, borse e molto altro. La tela spessa \u00e8 anche facile da maneggiare e mantenere, rendendola una scelta pratica sia per professionisti che per appassionati di cucito e design.  <\/p>\n\n\n\n<p>\u00c8 un tessuto di alta qualit\u00e0, resistente e esteticamente gradevole, perfetto per una variet\u00e0 di usi nella tappezzeria, nell&#8217;arredamento e nella produzione di accessori. La sua texture marcata, il colore di sfondo bianco ottico e la robustezza lo rendono una scelta popolare per chi cerca durabilit\u00e0 e stile nei propri progetti di maglia. <\/p>\n<\/details>\n\n<\/div>\n<\/div>","protected":false},"excerpt":{"rendered":"","protected":false},"featured_media":286670,"comment_status":"open","ping_status":"closed","template":"","meta":{"inline_featured_image":false},"product_brand":[],"product_cat":[213],"product_tag":[],"class_list":{"0":"post-292021","1":"product","2":"type-product","3":"status-publish","4":"has-post-thumbnail","6":"product_cat-tessuti-sintetici","7":"sales-flash-overlay","8":"woocommerce-text-align-center","9":"woocommerce-image-align-center","10":"do-quantity-buttons","12":"first","13":"instock","14":"taxable","15":"shipping-taxable","16":"purchasable","17":"product-type-variable","18":"has-default-attributes"},"_links":{"self":[{"href":"https:\/\/textilfy.es\/it\/wp-json\/wp\/v2\/product\/292021","targetHints":{"allow":["GET"]}}],"collection":[{"href":"https:\/\/textilfy.es\/it\/wp-json\/wp\/v2\/product"}],"about":[{"href":"https:\/\/textilfy.es\/it\/wp-json\/wp\/v2\/types\/product"}],"replies":[{"embeddable":true,"href":"https:\/\/textilfy.es\/it\/wp-json\/wp\/v2\/comments?post=292021"}],"wp:featuredmedia":[{"embeddable":true,"href":"https:\/\/textilfy.es\/it\/wp-json\/wp\/v2\/media\/286670"}],"wp:attachment":[{"href":"https:\/\/textilfy.es\/it\/wp-json\/wp\/v2\/media?parent=292021"}],"wp:term":[{"taxonomy":"product_brand","embeddable":true,"href":"https:\/\/textilfy.es\/it\/wp-json\/wp\/v2\/product_brand?post=292021"},{"taxonomy":"product_cat","embeddable":true,"href":"https:\/\/textilfy.es\/it\/wp-json\/wp\/v2\/product_cat?post=292021"},{"taxonomy":"product_tag","embeddable":true,"href":"https:\/\/textilfy.es\/it\/wp-json\/wp\/v2\/product_tag?post=292021"}],"curies":[{"name":"wp","href":"https:\/\/api.w.org\/{rel}","templated":true}]}}