{"id":292053,"date":"2023-04-26T16:47:12","date_gmt":"2023-04-26T14:47:12","guid":{"rendered":"https:\/\/textilfy.es\/impresion\/senza-categoria\/repellente-allacqua-grs\/"},"modified":"2026-04-16T11:23:31","modified_gmt":"2026-04-16T09:23:31","slug":"repellente-allacqua-grs","status":"publish","type":"product","link":"https:\/\/textilfy.es\/it\/stampar\/tessuti-sintetici\/repellente-allacqua-grs\/","title":{"rendered":"Repellente all&#8217;acqua GRS"},"content":{"rendered":"\n<p><\/p>\n<div class=\"gb-container gb-container-f59121e9\">\n\n<details class=\"wp-block-details is-layout-flow wp-block-details-is-layout-flow\"><summary>Il tessuto idrorepellente GRS, con un peso di 124 grammi e una larghezza di 140 cm, \u00e8 una soluzione tessile innovativa, perfetta per chi cerca materiali funzionali e di alta qualit\u00e0. Questo tessuto idrorepellente si distingue per la sua capacit\u00e0 di lasciare liquidi sulla superficie con un effetto simile al mercurio, rendendolo ideale per una variet\u00e0 di applicazioni pratiche. <\/summary>\n<p>Il suo utilizzo \u00e8 ampiamente raccomandato per la produzione di tende da doccia, tovaglie, bavaglini, accappatoi, mascherine e altri oggetti che richiedono protezione dall&#8217;umidit\u00e0. Oltre alla sua propriet\u00e0 idrorepellente, questo tessuto ha una finitura antibatterica, rendendolo un&#8217;opzione igienica e sicura per l&#8217;uso in ambienti dove la pulizia \u00e8 fondamentale. <\/p>\n\n\n\n<p>La certificazione OEKO-TEX e l&#8217;omologazione secondo lo standard UNE-0065 sono testimonianza della sua qualit\u00e0 e sicurezza, garantendo che il tessuto rispetti i pi\u00f9 alti standard in termini di sostenibilit\u00e0 e rispetto per l&#8217;ambiente. Queste certificazioni garantiscono che il tessuto sia privo di sostanze nocive, cosa particolarmente importante nei prodotti a contatto diretto con la pelle. <\/p>\n\n\n\n<p>Inoltre, il tessuto idrorepellente GRS \u00e8 riutilizzabile e facile da mantenere, poich\u00e9 pu\u00f2 essere lavato a temperature fino a 80 \u00baC senza perdere le sue propriet\u00e0. Questo non solo la rende un&#8217;opzione duratura ed economica, ma sostiene anche il suo impegno per la sostenibilit\u00e0 e la riduzione dell&#8217;impatto ambientale. <\/p>\n\n\n\n<p>Pertanto, il GRS idrorepellente, parte della famiglia di <a href=\"https:\/\/textilfy.es\/tejidos-sinteticos\/\">tessuti sintetici<\/a>, \u00e8 una scelta ideale per i clienti che cercano un materiale funzionale, sicuro ed ecologico. Grazie alla sua combinazione di propriet\u00e0 idrorepellenti e antibatteriche, nonch\u00e9 alla riutilizzabilit\u00e0 e facile manutenzione, questo tessuto offre una soluzione pratica e sostenibile per un&#8217;ampia gamma di applicazioni. <\/p>\n<\/details>\n\n<\/div>","protected":false},"excerpt":{"rendered":"","protected":false},"featured_media":262232,"comment_status":"open","ping_status":"closed","template":"","meta":{"inline_featured_image":false},"product_brand":[],"product_cat":[213],"product_tag":[],"class_list":{"0":"post-292053","1":"product","2":"type-product","3":"status-publish","4":"has-post-thumbnail","6":"product_cat-tessuti-sintetici","7":"sales-flash-overlay","8":"woocommerce-text-align-center","9":"woocommerce-image-align-center","10":"do-quantity-buttons","12":"first","13":"instock","14":"taxable","15":"shipping-taxable","16":"purchasable","17":"product-type-variable","18":"has-default-attributes"},"_links":{"self":[{"href":"https:\/\/textilfy.es\/it\/wp-json\/wp\/v2\/product\/292053","targetHints":{"allow":["GET"]}}],"collection":[{"href":"https:\/\/textilfy.es\/it\/wp-json\/wp\/v2\/product"}],"about":[{"href":"https:\/\/textilfy.es\/it\/wp-json\/wp\/v2\/types\/product"}],"replies":[{"embeddable":true,"href":"https:\/\/textilfy.es\/it\/wp-json\/wp\/v2\/comments?post=292053"}],"wp:featuredmedia":[{"embeddable":true,"href":"https:\/\/textilfy.es\/it\/wp-json\/wp\/v2\/media\/262232"}],"wp:attachment":[{"href":"https:\/\/textilfy.es\/it\/wp-json\/wp\/v2\/media?parent=292053"}],"wp:term":[{"taxonomy":"product_brand","embeddable":true,"href":"https:\/\/textilfy.es\/it\/wp-json\/wp\/v2\/product_brand?post=292053"},{"taxonomy":"product_cat","embeddable":true,"href":"https:\/\/textilfy.es\/it\/wp-json\/wp\/v2\/product_cat?post=292053"},{"taxonomy":"product_tag","embeddable":true,"href":"https:\/\/textilfy.es\/it\/wp-json\/wp\/v2\/product_tag?post=292053"}],"curies":[{"name":"wp","href":"https:\/\/api.w.org\/{rel}","templated":true}]}}