{"id":292085,"date":"2023-04-26T16:47:20","date_gmt":"2023-04-26T14:47:20","guid":{"rendered":"https:\/\/textilfy.es\/impresion\/senza-categoria\/fortuny\/"},"modified":"2026-04-16T11:23:31","modified_gmt":"2026-04-16T09:23:31","slug":"fortuny","status":"publish","type":"product","link":"https:\/\/textilfy.es\/it\/stampar\/tessuti-sintetici\/fortuny\/","title":{"rendered":"Fortuny"},"content":{"rendered":"\n<details class=\"wp-block-details is-layout-flow wp-block-details-is-layout-flow\"><summary>Il nostro tessuto Fortuny \u00e8 un&#8217;aggiunta nuova e affascinante alla nostra collezione, ispirata dall&#8217;eredit\u00e0 e dalla maestria dello stilista Mariano Fortuny, noto per il suo rifiuto delle tendenze convenzionali e per la sua ribellione contro l&#8217;alto profilo delle case di moda del suo tempo<a href=\"https:\/\/www.fortuny.com.es\/blog\/tecnicas\/los-plisados-de-fortuny-superando-fronteras\/\" target=\"_blank\" rel=\"noreferrer noopener\"><\/a>. Ispirato ai classici piecchi Fortuny, che hanno trasformato la moda con abiti e tuniche che rendevano omaggio agli stili dell&#8217;antica Grecia, il nostro tessuto Fortuny cattura la stessa eleganza e raffinatezza. <\/summary>\n<p><br\/><\/p>\n\n\n\n<p>Il processo di pieghetta di Fortuny, brevettato nel 1909, consiste nel piegare il tessuto su se stesso e poi premerlo o cucirlo in questa posizione, creando pieghe di lunghezza variabile e irregolare che richiedono molto lavoro manuale<a href=\"https:\/\/www.fortuny.com.es\/blog\/tecnicas\/los-plisados-de-fortuny-superando-fronteras\/\" target=\"_blank\" rel=\"noreferrer noopener\"><\/a>. Questa tecnica distintiva non solo conferisce una consistenza elegante e un effetto piegato al tessuto, ma ne garantisce anche la durata e il mantenimento della forma, come dimostrano gli abiti Delphos che mantengono le pieghe anche 60 anni dopo la realizzazione<a href=\"https:\/\/www.fortuny.com.es\/blog\/tecnicas\/los-plisados-de-fortuny-superando-fronteras\/\" target=\"_blank\" rel=\"noreferrer noopener\"><\/a>. <\/p>\n\n\n\n<p>Questo tessuto \u00e8 rasato con un tocco di lucentezza, che ne esalta ulteriormente l&#8217;aspetto sofisticato. \u00c8 ideale per la moda e per la realizzazione di camicette e gonne, offrendo morbidezza, elasticit\u00e0 e un adattamento fluido alla forma naturale del corpo. La combinazione di pieghe dinamiche e colori vivaci crea capi che sono allo stesso tempo ricchi, vividi e pieni di movimento, catturando la fascinazione del creatore per come le pieghe generano luce e movimento<a href=\"https:\/\/www.fortuny.com.es\/blog\/tecnicas\/los-plisados-de-fortuny-superando-fronteras\/\" target=\"_blank\" rel=\"noreferrer noopener\"><\/a>.  <\/p>\n\n\n\n<p>In sintesi, il nostro tessuto Fortuny \u00e8 una scelta perfetta per chi desidera catturare un&#8217;eleganza senza tempo e una raffinata arte nelle proprie creazioni di moda, offrendo un materiale sia storicamente significativo che esteticamente straordinario, all&#8217;interno della categoria<a href=\"https:\/\/textilfy.es\/it\/tessuti-naturali\/\"> dei tessuti sintetici<\/a> di alta qualit\u00e0.<\/p>\n<\/details>\n","protected":false},"excerpt":{"rendered":"","protected":false},"featured_media":262234,"comment_status":"open","ping_status":"closed","template":"","meta":{"inline_featured_image":false},"product_brand":[],"product_cat":[213],"product_tag":[],"class_list":{"0":"post-292085","1":"product","2":"type-product","3":"status-publish","4":"has-post-thumbnail","6":"product_cat-tessuti-sintetici","7":"sales-flash-overlay","8":"woocommerce-text-align-center","9":"woocommerce-image-align-center","10":"do-quantity-buttons","12":"first","13":"instock","14":"taxable","15":"shipping-taxable","16":"purchasable","17":"product-type-variable","18":"has-default-attributes"},"_links":{"self":[{"href":"https:\/\/textilfy.es\/it\/wp-json\/wp\/v2\/product\/292085","targetHints":{"allow":["GET"]}}],"collection":[{"href":"https:\/\/textilfy.es\/it\/wp-json\/wp\/v2\/product"}],"about":[{"href":"https:\/\/textilfy.es\/it\/wp-json\/wp\/v2\/types\/product"}],"replies":[{"embeddable":true,"href":"https:\/\/textilfy.es\/it\/wp-json\/wp\/v2\/comments?post=292085"}],"wp:featuredmedia":[{"embeddable":true,"href":"https:\/\/textilfy.es\/it\/wp-json\/wp\/v2\/media\/262234"}],"wp:attachment":[{"href":"https:\/\/textilfy.es\/it\/wp-json\/wp\/v2\/media?parent=292085"}],"wp:term":[{"taxonomy":"product_brand","embeddable":true,"href":"https:\/\/textilfy.es\/it\/wp-json\/wp\/v2\/product_brand?post=292085"},{"taxonomy":"product_cat","embeddable":true,"href":"https:\/\/textilfy.es\/it\/wp-json\/wp\/v2\/product_cat?post=292085"},{"taxonomy":"product_tag","embeddable":true,"href":"https:\/\/textilfy.es\/it\/wp-json\/wp\/v2\/product_tag?post=292085"}],"curies":[{"name":"wp","href":"https:\/\/api.w.org\/{rel}","templated":true}]}}