{"id":292096,"date":"2023-04-26T16:46:41","date_gmt":"2023-04-26T14:46:41","guid":{"rendered":"https:\/\/textilfy.es\/impresion\/senza-categoria\/crepe-in-poliestere-riciclato-grs\/"},"modified":"2026-04-16T11:23:32","modified_gmt":"2026-04-16T09:23:32","slug":"crepe-in-poliestere-riciclato-grs","status":"publish","type":"product","link":"https:\/\/textilfy.es\/it\/stampar\/tessuti-sintetici\/crepe-in-poliestere-riciclato-grs\/","title":{"rendered":"Crepe in poliestere riciclato GRS"},"content":{"rendered":"\n<details class=\"wp-block-details is-layout-flow wp-block-details-is-layout-flow\"><summary>Con il nostro crepe in poliestere riciclato GRS, vivi l&#8217;unione tra moda, funzionalit\u00e0 e responsabilit\u00e0 ambientale. Questo tessuto classico e senza tempo, ora certificato dal Global Recycle Standard, \u00e8 perfetto per chi cerca qualit\u00e0 e sostenibilit\u00e0 nei propri capi. <br><br><\/summary>\n<p><strong>Texture unica e sostenibile<\/strong>: Il nostro crepe in poliestere riciclato GRS mantiene la texture leggermente granulosa caratteristica del crepe tradizionale, portando un tocco distintivo ed elegante a ogni capo, supportando al contempo pratiche sostenibili.<\/p>\n\n\n\n<p><strong>Versatilit\u00e0 all-terrain<\/strong>: Ideale per realizzare gonne, camicette e pantaloni, questo tessuto si adatta a qualsiasi stile e occasione. Il suo carattere versatile lo rende una scelta eccellente per qualsiasi periodo dell&#8217;anno, offrendo comfort ed eleganza tutto l&#8217;anno. <\/p>\n\n\n\n<p><strong>Impegno per la sostenibilit\u00e0<\/strong>: Certificato dal Global Recycle Standard (GRS), il nostro crepe in poliestere riciclato garantisce che tu scelga un prodotto che contribuisca a ridurre l&#8217;impatto ambientale. L&#8217;uso di materiali riciclati sottolinea il nostro impegno verso pratiche di moda pi\u00f9 responsabili ed ecologiche. <\/p>\n\n\n\n<p><strong>Durata e facile cura<\/strong>: oltre a essere ecologico, questo crepe in poliestere riciclato GRS offre durabilit\u00e0 e resistenza all&#8217;usura, grazie alla qualit\u00e0 del poliestere riciclato. \u00c8 facile da mantenere, resistente alle pieghe e mantiene colore e consistenza anche dopo pi\u00f9 lavaggi. <\/p>\n\n\n\n<p><strong>Variet\u00e0 di design e colori<\/strong>: Con un&#8217;ampia selezione di colori e stampe, offre ampie possibilit\u00e0 creative, permettendo a designer e consumatori di esprimere il proprio stile personale sostenendo la moda sostenibile, rendendo GRS il crepe di poliestere riciclato un punto di riferimento nei <a href=\"https:\/\/textilfy.es\/tejidos-sinteticos\/\">tessuti sintetici ecologici<\/a> .<\/p>\n<\/details>\n","protected":false},"excerpt":{"rendered":"","protected":false},"featured_media":287009,"comment_status":"open","ping_status":"closed","template":"","meta":{"inline_featured_image":false},"product_brand":[],"product_cat":[213],"product_tag":[],"class_list":{"0":"post-292096","1":"product","2":"type-product","3":"status-publish","4":"has-post-thumbnail","6":"product_cat-tessuti-sintetici","7":"sales-flash-overlay","8":"woocommerce-text-align-center","9":"woocommerce-image-align-center","10":"do-quantity-buttons","12":"first","13":"instock","14":"taxable","15":"shipping-taxable","16":"purchasable","17":"product-type-variable","18":"has-default-attributes"},"_links":{"self":[{"href":"https:\/\/textilfy.es\/it\/wp-json\/wp\/v2\/product\/292096","targetHints":{"allow":["GET"]}}],"collection":[{"href":"https:\/\/textilfy.es\/it\/wp-json\/wp\/v2\/product"}],"about":[{"href":"https:\/\/textilfy.es\/it\/wp-json\/wp\/v2\/types\/product"}],"replies":[{"embeddable":true,"href":"https:\/\/textilfy.es\/it\/wp-json\/wp\/v2\/comments?post=292096"}],"wp:featuredmedia":[{"embeddable":true,"href":"https:\/\/textilfy.es\/it\/wp-json\/wp\/v2\/media\/287009"}],"wp:attachment":[{"href":"https:\/\/textilfy.es\/it\/wp-json\/wp\/v2\/media?parent=292096"}],"wp:term":[{"taxonomy":"product_brand","embeddable":true,"href":"https:\/\/textilfy.es\/it\/wp-json\/wp\/v2\/product_brand?post=292096"},{"taxonomy":"product_cat","embeddable":true,"href":"https:\/\/textilfy.es\/it\/wp-json\/wp\/v2\/product_cat?post=292096"},{"taxonomy":"product_tag","embeddable":true,"href":"https:\/\/textilfy.es\/it\/wp-json\/wp\/v2\/product_tag?post=292096"}],"curies":[{"name":"wp","href":"https:\/\/api.w.org\/{rel}","templated":true}]}}