{"id":292135,"date":"2023-04-26T16:46:31","date_gmt":"2023-04-26T14:46:31","guid":{"rendered":"https:\/\/textilfy.es\/impresion\/senza-categoria\/stretch-burlington\/"},"modified":"2026-04-16T11:23:45","modified_gmt":"2026-04-16T09:23:45","slug":"stretch-burlington","status":"publish","type":"product","link":"https:\/\/textilfy.es\/it\/stampar\/tessuti-sintetici\/stretch-burlington\/","title":{"rendered":"Stretch Burlington"},"content":{"rendered":"\n<p>Il tessuto ideale per chi \u00e8 indeciso! Un po&#8217; elastico e leggermente traslucido, il pi\u00f9 versatile e allo stesso tempo il pi\u00f9 economico del nostro catalogo. Se ti serve un tessuto ma non hai una preferenza particolare per nessun tessuto, questa \u00e8 la scelta migliore. Pu\u00f2 essere utilizzato per quasi qualsiasi progetto.   <\/p>\n\n<details class=\"wp-block-details is-layout-flow wp-block-details-is-layout-flow\"><summary>Il nostro tessuto Burlington \u00e8 una scelta innovativa per progetti di abbigliamento, offrendo una flessibilit\u00e0 eccezionale. \u00c8 realizzato al 100% in poliestere, i colori stampati a quattro colori sono vivaci e lo rendono perfetto per abiti e accessori di moda. <\/summary>\n<p>Caratteristiche del prodotto:<\/p>\n\n\n\n<ul class=\"wp-block-list\">\n<li>Comfort ed elasticit\u00e0: Il tessuto Burlington stretch si distingue per la sua capacit\u00e0 di adattarsi ai movimenti del corpo senza sacrificare la durabilit\u00e0. La elasticit\u00e0 la rende ideale per capi che richiedono una vestibilit\u00e0 comoda e versatile. <\/li>\n\n\n\n<li>Poliestere premium: Realizzato al 100% in poliestere, l&#8217;elastico burlington offre eccezionale resistenza e durata. \u00c8 perfetto per i vestiti che devono mantenere forma e colore nel tempo. <\/li>\n\n\n\n<li>Stampe a colori: La nostra caratteristica pi\u00f9 forte \u00e8 la possibilit\u00e0 di stampare a colori. I disegni che stampiamo su questo tessuto sono vivaci, dettagliati e personalizzati per soddisfare le tue esigenze di design. Dai motivi astratti ai capolavori visivi, le tue idee possono prendere vita in questo tessuto di alta qualit\u00e0.  <\/li>\n\n\n\n<li>Versatilit\u00e0 del design: Si adatta a una vasta gamma di progetti di sartoria, dai completi alla moda agli accessori. La sua resistenza e il comfort lo rendono adatto a molteplici usi. <\/li>\n\n\n\n<li>Facile da curare: Nonostante l&#8217;aspetto, il burlington in poliestere elasticizzato \u00e8 un tessuto facile da curare. Puoi lavarlo e asciugarlo senza complicazioni, mantenendone qualit\u00e0 e colore. <br\/><\/li>\n<\/ul>\n\n\n\n<p>Specifiche del prodotto:<\/p>\n\n\n\n<ul class=\"wp-block-list\">\n<li>Materiale: 100% poliestere<\/li>\n\n\n\n<li>Larghezza del tessuto: 145 cm<\/li>\n\n\n\n<li>Uso consigliato: abbigliamento di moda, accessori e altro ancora.<\/li>\n<\/ul>\n<\/details>\n","protected":false},"excerpt":{"rendered":"<p>Il tessuto ideale per chi non ha deciso! Un po&#8217; elastico e leggermente traslucido, il pi\u00f9 versatile e allo stesso tempo il pi\u00f9 economico del nostro catalogo. Se ti serve un tessuto ma non hai una particolare predilezione per nessun tessuto, questa \u00e8 la scelta migliore. Pu\u00f2 essere utilizzato per quasi qualsiasi progetto.   <\/p>\n","protected":false},"featured_media":289668,"comment_status":"open","ping_status":"closed","template":"","meta":{"inline_featured_image":false},"product_brand":[],"product_cat":[213],"product_tag":[439,440,441,367,438,437,442],"class_list":{"0":"post-292135","1":"product","2":"type-product","3":"status-publish","4":"has-post-thumbnail","6":"product_cat-tessuti-sintetici","7":"product_tag-abbigliamento-di-moda-unico","8":"product_tag-abbigliamento-sportivo-ad-alte-prestazioni","9":"product_tag-comfort-e-stile","10":"product_tag-design-di-moda-personalizzato","11":"product_tag-poliestere-stampato-a-colori","12":"product_tag-tessuto-elasticizzato-burlington","13":"product_tag-tessuto-poliestere-elasticizzato","14":"sales-flash-overlay","15":"woocommerce-text-align-center","16":"woocommerce-image-align-center","17":"do-quantity-buttons","19":"first","20":"instock","21":"taxable","22":"shipping-taxable","23":"purchasable","24":"product-type-variable","25":"has-default-attributes"},"_links":{"self":[{"href":"https:\/\/textilfy.es\/it\/wp-json\/wp\/v2\/product\/292135","targetHints":{"allow":["GET"]}}],"collection":[{"href":"https:\/\/textilfy.es\/it\/wp-json\/wp\/v2\/product"}],"about":[{"href":"https:\/\/textilfy.es\/it\/wp-json\/wp\/v2\/types\/product"}],"replies":[{"embeddable":true,"href":"https:\/\/textilfy.es\/it\/wp-json\/wp\/v2\/comments?post=292135"}],"wp:featuredmedia":[{"embeddable":true,"href":"https:\/\/textilfy.es\/it\/wp-json\/wp\/v2\/media\/289668"}],"wp:attachment":[{"href":"https:\/\/textilfy.es\/it\/wp-json\/wp\/v2\/media?parent=292135"}],"wp:term":[{"taxonomy":"product_brand","embeddable":true,"href":"https:\/\/textilfy.es\/it\/wp-json\/wp\/v2\/product_brand?post=292135"},{"taxonomy":"product_cat","embeddable":true,"href":"https:\/\/textilfy.es\/it\/wp-json\/wp\/v2\/product_cat?post=292135"},{"taxonomy":"product_tag","embeddable":true,"href":"https:\/\/textilfy.es\/it\/wp-json\/wp\/v2\/product_tag?post=292135"}],"curies":[{"name":"wp","href":"https:\/\/api.w.org\/{rel}","templated":true}]}}