{"id":292147,"date":"2023-02-09T11:50:58","date_gmt":"2023-02-09T10:50:58","guid":{"rendered":"https:\/\/textilfy.es\/impresion\/senza-categoria\/t-shirt-personalizzate\/"},"modified":"2026-04-20T11:16:41","modified_gmt":"2026-04-20T09:16:41","slug":"t-shirt-personalizzate","status":"publish","type":"product","link":"https:\/\/textilfy.es\/it\/stampar\/abbigliamento-personalizzato\/t-shirt-personalizzate\/","title":{"rendered":"T-shirt personalizzate"},"content":{"rendered":"\n<p><\/p>\n\n<details class=\"wp-block-details is-layout-flow wp-block-details-is-layout-flow\"><summary>Rendi realt\u00e0 le tue magliette fullprint con design a colori grazie ai nostri modelli personalizzati. Con la possibilit\u00e0 di scegliere tra diversi tessuti di cotone o poliestere e in diverse dimensioni.  <br>Offriamo una variet\u00e0 di tessuti di alta qualit\u00e0 come cotone, maglia di poliestere e maglia di bamb\u00f9, su cui puoi catturare i tuoi design pi\u00f9 creativi.<br><br><\/summary>\n<p><strong>Qualit\u00e0 e comfort<\/strong>: I nostri tessuti sono stati selezionati per la loro morbidezza, resistenza e qualit\u00e0 di stampa. Scegli tra il comfort classico della maglia di cotone, la durabilit\u00e0 e la flessibilit\u00e0 della maglia di poliestere, oppure la morbidezza e la sostenibilit\u00e0 della maglia di bamb\u00f9 per le tue magliette personalizzate. <\/p>\n\n\n\n<p><strong>Design illimitato<\/strong>: Con la personalizzazione fullprint, hai il potere di progettare ogni parte della maglietta: davanti, dietro e maniche possono essere personalizzati individualmente per creare un pezzo davvero unico. Il nostro servizio di stampa a colori interi garantisce che le tue idee vengano catturate in modo chiaro e vivido, indipendentemente dalla complessit\u00e0 del design. <\/p>\n\n\n\n<p><strong>Stampa di alta qualit\u00e0<\/strong>: Utilizziamo tecnologie di stampa all&#8217;avanguardia per garantire che ogni colore venga riflesso accuratamente con colori ricchi e dettagliati. La tua maglietta fullprint sar\u00e0 un&#8217;espressione della tua personalit\u00e0 e del tuo stile. <\/p>\n\n\n\n<p><strong>Processo di ordine semplice e veloce<\/strong>: progettare le tue magliette personalizzate con il nostro configuratore 3D \u00e8 semplice. Basta scegliere il tessuto, caricare il design e personalizzare ogni sezione della maglietta. Ci occupiamo del resto, garantendo una produzione e una consegna efficienti.  <\/p>\n\n\n\n<p><strong>Sostenibilit\u00e0 e responsabilit\u00e0<\/strong>: Impegnati nell&#8217;ambiente, offriamo opzioni di tessuti ecologici come la maglia di bamb\u00f9, cos\u00ec potrai goderti una moda su misura che si prende cura anche del pianeta.<\/p>\n<\/details>\n","protected":false},"excerpt":{"rendered":"","protected":false},"featured_media":277531,"comment_status":"open","ping_status":"closed","template":"","meta":{"inline_featured_image":false},"product_brand":[],"product_cat":[208],"product_tag":[],"class_list":{"0":"post-292147","1":"product","2":"type-product","3":"status-publish","4":"has-post-thumbnail","6":"product_cat-abbigliamento-personalizzato","7":"sales-flash-overlay","8":"woocommerce-text-align-center","9":"woocommerce-image-align-center","10":"do-quantity-buttons","12":"first","13":"instock","14":"taxable","15":"shipping-taxable","16":"purchasable","17":"product-type-variable","18":"has-default-attributes"},"_links":{"self":[{"href":"https:\/\/textilfy.es\/it\/wp-json\/wp\/v2\/product\/292147","targetHints":{"allow":["GET"]}}],"collection":[{"href":"https:\/\/textilfy.es\/it\/wp-json\/wp\/v2\/product"}],"about":[{"href":"https:\/\/textilfy.es\/it\/wp-json\/wp\/v2\/types\/product"}],"replies":[{"embeddable":true,"href":"https:\/\/textilfy.es\/it\/wp-json\/wp\/v2\/comments?post=292147"}],"wp:featuredmedia":[{"embeddable":true,"href":"https:\/\/textilfy.es\/it\/wp-json\/wp\/v2\/media\/277531"}],"wp:attachment":[{"href":"https:\/\/textilfy.es\/it\/wp-json\/wp\/v2\/media?parent=292147"}],"wp:term":[{"taxonomy":"product_brand","embeddable":true,"href":"https:\/\/textilfy.es\/it\/wp-json\/wp\/v2\/product_brand?post=292147"},{"taxonomy":"product_cat","embeddable":true,"href":"https:\/\/textilfy.es\/it\/wp-json\/wp\/v2\/product_cat?post=292147"},{"taxonomy":"product_tag","embeddable":true,"href":"https:\/\/textilfy.es\/it\/wp-json\/wp\/v2\/product_tag?post=292147"}],"curies":[{"name":"wp","href":"https:\/\/api.w.org\/{rel}","templated":true}]}}