{"id":292196,"date":"2023-04-26T16:46:29","date_gmt":"2023-04-26T14:46:29","guid":{"rendered":"https:\/\/textilfy.es\/impresion\/senza-categoria\/catalogo-di-campioni\/"},"modified":"2026-04-16T11:23:46","modified_gmt":"2026-04-16T09:23:46","slug":"catalogo-di-campioni","status":"publish","type":"product","link":"https:\/\/textilfy.es\/it\/stampar\/senza-categoria\/catalogo-di-campioni\/","title":{"rendered":"Catalogo di Campioni"},"content":{"rendered":"\n<p><\/p>\n\n<p>Catalogo di esempio con tutti i nostri tessuti stampati a colori. \u00c8 suddiviso in 3: tessuti naturali, tessuti sintetici e carta da parati. La nostra nuova edizione del catalogo \u00e8 stata disegnata dall&#8217;artista grafico Bigote Sucio.  <\/p>\n\n<p>Con questo catalogo di campioni puoi farti un&#8217;idea pi\u00f9 chiara di come appare il colore su ciascuno dei tessuti e delle carte, quanto sono spessi e cadenti, il loro tocco e la loro consistenza, ecc. In questo modo puoi lavorare sui tuoi progetti tessili con la prima garanzia di conoscere il tessuto che stai acquistando. <\/p>\n\n<p>Se non riesci a trovare il tessuto giusto, accettiamo tessuti forniti dal cliente. Sia <a href=\"https:\/\/textilfy.es\/impresion-textil\/tejidos-sinteticos\/tejido-sintetico-de-cliente\/\">sintetico che<\/a> <a href=\"https:\/\/textilfy.es\/impresion-textil\/tejidos-naturales\/tejido-natural-de-cliente\/\">naturale<\/a>.   <\/p>\n\n<p>Acquista il catalogo e <strong>rimborseremo l&#8217;importo con il primo ordine superiore a \u20ac100 <\/strong>. Riceverai un&#8217;email con un coupon sconto dopo aver effettuato l&#8217;acquisto. <\/p>\n\n<p><\/p>\n","protected":false},"excerpt":{"rendered":"<p>Catalogo di esempio con tutti i nostri tessuti stampati a colori. \u00c8 suddiviso in 3: tessuti naturali, tessuti sintetici e carta da parati. La nostra nuova edizione del catalogo \u00e8 stata disegnata dall&#8217;artista grafico Bigote Sucio. Con questo catalogo di campioni puoi farti un&#8217;idea pi\u00f9 chiara di come appare il colore su ciascuno dei tessuti &#8230; <a title=\"Catalogo di Campioni\" class=\"read-more\" href=\"https:\/\/textilfy.es\/it\/stampar\/senza-categoria\/catalogo-di-campioni\/\" aria-label=\"More on Catalogo di Campioni\">Leggi tutto<\/a><\/p>\n","protected":false},"featured_media":279330,"comment_status":"open","ping_status":"closed","template":"","meta":{"inline_featured_image":false},"product_brand":[],"product_cat":[171],"product_tag":[],"class_list":{"0":"post-292196","1":"product","2":"type-product","3":"status-publish","4":"has-post-thumbnail","6":"product_cat-senza-categoria","7":"sales-flash-overlay","8":"woocommerce-text-align-center","9":"woocommerce-image-align-center","10":"do-quantity-buttons","12":"first","13":"instock","14":"taxable","15":"shipping-taxable","16":"purchasable","17":"product-type-simple"},"_links":{"self":[{"href":"https:\/\/textilfy.es\/it\/wp-json\/wp\/v2\/product\/292196","targetHints":{"allow":["GET"]}}],"collection":[{"href":"https:\/\/textilfy.es\/it\/wp-json\/wp\/v2\/product"}],"about":[{"href":"https:\/\/textilfy.es\/it\/wp-json\/wp\/v2\/types\/product"}],"replies":[{"embeddable":true,"href":"https:\/\/textilfy.es\/it\/wp-json\/wp\/v2\/comments?post=292196"}],"wp:featuredmedia":[{"embeddable":true,"href":"https:\/\/textilfy.es\/it\/wp-json\/wp\/v2\/media\/279330"}],"wp:attachment":[{"href":"https:\/\/textilfy.es\/it\/wp-json\/wp\/v2\/media?parent=292196"}],"wp:term":[{"taxonomy":"product_brand","embeddable":true,"href":"https:\/\/textilfy.es\/it\/wp-json\/wp\/v2\/product_brand?post=292196"},{"taxonomy":"product_cat","embeddable":true,"href":"https:\/\/textilfy.es\/it\/wp-json\/wp\/v2\/product_cat?post=292196"},{"taxonomy":"product_tag","embeddable":true,"href":"https:\/\/textilfy.es\/it\/wp-json\/wp\/v2\/product_tag?post=292196"}],"curies":[{"name":"wp","href":"https:\/\/api.w.org\/{rel}","templated":true}]}}